{"id":5695,"date":"2025-01-25T17:04:31","date_gmt":"2025-01-25T16:04:31","guid":{"rendered":"https:\/\/www2.fitness-flohmarkt.ch\/produkt\/multi-grip-bar-50mm-multi-griff-stange\/"},"modified":"2026-04-20T15:54:19","modified_gmt":"2026-04-20T13:54:19","slug":"multi-grip-bar-50mm-barre-multi-grip","status":"publish","type":"product","link":"https:\/\/www.fitness-flohmarkt.ch\/fr\/produkt\/multi-grip-bar-50mm-multi-griff-stange\/","title":{"rendered":"Multi Grip Bar 50 mm | Barre multi-poign\u00e9es"},"content":{"rendered":"<h3><strong>Multi Grip Bar - Multiples variations de prises pour l'entra\u00eenement du haut du corps<\/strong><\/h3>\n<p><span style=\"font-weight: 400\">Con\u00e7ue pour l'entra\u00eenement vari\u00e9 du haut du corps et des \u00e9paules, la barre Multi Grip permet d'utiliser diff\u00e9rentes largeurs et angles de prise pour cibler l'effort sur la poitrine, les \u00e9paules ou les triceps. Les poign\u00e9es inclin\u00e9es permettent de s'entra\u00eener avec des avant-bras en pronation, en supination ou neutres, ce qui r\u00e9duit consid\u00e9rablement la charge sur les articulations et cr\u00e9e de nouveaux stimuli d'entra\u00eenement. En particulier pour le d\u00e9velopp\u00e9 couch\u00e9, les curls ou les french press, la poign\u00e9e neutre assure un meilleur confort et peut \u00e9viter les probl\u00e8mes d'\u00e9paules typiques. Gr\u00e2ce \u00e0 la construction pivotante, la poign\u00e9e peut \u00eatre utilis\u00e9e \u00e0 un angle de 60 ou 120 degr\u00e9s.<\/span><\/p>\n<p><span style=\"font-weight: 400\">Avec un poids de 20 kg, une longueur de 210 cm et une capacit\u00e9 de charge maximale de 250 kg, la barre Multi Grip est particuli\u00e8rement robuste et con\u00e7ue pour un entra\u00eenement de musculation intensif. La largeur int\u00e9rieure de la poign\u00e9e est de 25,5 cm, le diam\u00e8tre de la poign\u00e9e est de 28 mm. Les extr\u00e9mit\u00e9s de r\u00e9ception d'un diam\u00e8tre de 50 mm et d'une longueur de 36 cm sont compatibles avec tous les disques d'halt\u00e8res courants de 50\/51 mm. Le rev\u00eatement en poudre noir assure une surface agr\u00e9able au toucher et une grande durabilit\u00e9.<\/span><\/p>\n<p><span style=\"font-weight: 400\">La barre Multi Grip est un compl\u00e9ment fonctionnel pour un entra\u00eenement de musculation vari\u00e9 et convient parfaitement \u00e0 une utilisation dans les gymnases \u00e0 domicile ou les studios.<\/span><\/p>","protected":false},"excerpt":{"rendered":"<p>50 mm Multi Grip Bar : Acier robuste, avec un poids propre de 20 kg. Longueur de 210 cm, charge maximale de 250 kg. Trois variations de prise avec une seule barre pour un entra\u00eenement cibl\u00e9 du haut du corps. Tenue s\u00fbre gr\u00e2ce au rev\u00eatement par poudre.<\/p>","protected":false},"featured_media":9051981,"comment_status":"closed","ping_status":"closed","template":"","meta":{"_acf_changed":false,"_gspb_post_css":""},"product_brand":[1000],"product_cat":[839],"product_tag":[],"class_list":{"0":"post-5695","1":"product","2":"type-product","3":"status-publish","4":"has-post-thumbnail","6":"product_brand-fitcom","7":"product_cat-50mm-hantelstangen","8":"product_shipping_class-hantelstange","9":"pa_abwurffaehig-nein","10":"pa_artikel-pro-verkaufseinheit-1x","11":"pa_durchmesser-50-mm","12":"pa_farbe-schwarz","13":"pa_gewicht-20-kg","14":"pa_griffdurchmesser-2-8-mm","15":"pa_griffinnenmass-25-5-cm","16":"pa_griffumfang-88-mm","17":"pa_griffweitenmarkierung-nein","18":"pa_hantelstangentyp-langhantelstange","19":"pa_hantelverschluss-keine","20":"pa_laenge-210-cm","21":"pa_lieferumfang-1x-hantelstange","22":"pa_material-stahl-pulverbeschichtet","23":"pa_max-belastung-250-kg","25":"first","26":"instock","27":"taxable","28":"shipping-taxable","29":"purchasable","30":"product-type-simple"},"bundled_by":[],"bundle_stock_status":"instock","bundle_stock_quantity":15,"bundle_virtual":false,"bundle_layout":"","bundle_add_to_cart_form_location":"","bundle_editable_in_cart":false,"bundle_sold_individually_context":"","bundle_item_grouping":"","bundle_min_size":"","bundle_max_size":"","bundle_price":[],"bundled_items":[],"bundle_sell_ids":[],"acf":[],"df_price":120,"df_sale_price":"","df_regular_price":120,"df_image_link":"https:\/\/www.fitness-flohmarkt.ch\/wp-content\/uploads\/F-24279_Multi-Grip-Bar_0-20251108-003956-300x300.jpg","_links":{"self":[{"href":"https:\/\/www.fitness-flohmarkt.ch\/fr\/wp-json\/wp\/v2\/product\/5695","targetHints":{"allow":["GET"]}}],"collection":[{"href":"https:\/\/www.fitness-flohmarkt.ch\/fr\/wp-json\/wp\/v2\/product"}],"about":[{"href":"https:\/\/www.fitness-flohmarkt.ch\/fr\/wp-json\/wp\/v2\/types\/product"}],"replies":[{"embeddable":true,"href":"https:\/\/www.fitness-flohmarkt.ch\/fr\/wp-json\/wp\/v2\/comments?post=5695"}],"wp:featuredmedia":[{"embeddable":true,"href":"https:\/\/www.fitness-flohmarkt.ch\/fr\/wp-json\/wp\/v2\/media\/9051981"}],"wp:attachment":[{"href":"https:\/\/www.fitness-flohmarkt.ch\/fr\/wp-json\/wp\/v2\/media?parent=5695"}],"wp:term":[{"taxonomy":"product_brand","embeddable":true,"href":"https:\/\/www.fitness-flohmarkt.ch\/fr\/wp-json\/wp\/v2\/product_brand?post=5695"},{"taxonomy":"product_cat","embeddable":true,"href":"https:\/\/www.fitness-flohmarkt.ch\/fr\/wp-json\/wp\/v2\/product_cat?post=5695"},{"taxonomy":"product_tag","embeddable":true,"href":"https:\/\/www.fitness-flohmarkt.ch\/fr\/wp-json\/wp\/v2\/product_tag?post=5695"}],"curies":[{"name":"wp","href":"https:\/\/api.w.org\/{rel}","templated":true}]}}