{"id":5673,"date":"2025-01-25T17:03:28","date_gmt":"2025-01-25T16:03:28","guid":{"rendered":"https:\/\/www2.fitness-flohmarkt.ch\/produkt\/staender-kurzhanteln-10-fach-round-dumbbell-rack\/"},"modified":"2026-03-19T19:10:22","modified_gmt":"2026-03-19T18:10:22","slug":"support-pour-halteres-courts-10-fois-round-dumbbell-rack","status":"publish","type":"product","link":"https:\/\/www.fitness-flohmarkt.ch\/fr\/produkt\/staender-kurzhanteln-10-fach-round-dumbbell-rack\/","title":{"rendered":"Support pour halt\u00e8res courts 10x | Round Dumbbell Rack"},"content":{"rendered":"<h3 data-start=\"81\" data-end=\"140\"><strong data-start=\"81\" data-end=\"140\">Round Dumbbell Rack - support pour jusqu'\u00e0 10 paires d'halt\u00e8res<\/strong><\/h3>\n<p class=\"\" data-start=\"142\" data-end=\"473\">Le Round Dumbbell Rack est la solution id\u00e9ale pour ranger jusqu'\u00e0 10 paires d'halt\u00e8res courts. Il assure l'ordre dans la zone d'entra\u00eenement et permet un acc\u00e8s rapide aux halt\u00e8res dont tu as besoin. Le rack est particuli\u00e8rement robuste et convient \u00e0 une utilisation professionnelle dans les centres de fitness ainsi qu'aux gymnases \u00e0 domicile exigeants.<\/p>\n<p class=\"\" data-start=\"475\" data-end=\"833\">Les \u00e9tag\u00e8res sont con\u00e7ues pour des halt\u00e8res courts d'une longueur de poign\u00e9e de 15 cm disponibles dans le commerce. Chaque plateau a une largeur de 14 cm et une longueur de 20 cm, ce qui offre suffisamment de place pour un rangement ordonn\u00e9. La structure \u00e0 deux niveaux garantit que les halt\u00e8res sont clairement class\u00e9s et que le plateau inf\u00e9rieur reste \u00e9galement facilement accessible.<\/p>\n<p class=\"\" data-start=\"835\" data-end=\"1137\">Avec des dimensions de 240 cm de large, 80 cm de haut et 57 cm de profondeur, le rack offre suffisamment d'espace de rangement sans prendre trop de place. Il est stable et peut supporter une charge maximale de 1200 kg. Le rack p\u00e8se 51 kg et est donc tr\u00e8s stable, m\u00eame en cas d'utilisation intensive.<\/p>\n<p class=\"\" data-start=\"1139\" data-end=\"1365\">Ce rack pratique aide \u00e0 garder la zone d'entra\u00eenement propre et organis\u00e9e et offre une solution durable pour le rangement des halt\u00e8res courts, aussi bien dans les studios professionnels que dans les gymnases priv\u00e9s \u00e0 domicile.<\/p>","protected":false},"excerpt":{"rendered":"<p>Round Dumbbell Rack : support pour jusqu'\u00e0 10 paires d'halt\u00e8res. Construction robuste en acier, peinte en noir, avec 240 cm de largeur, 80 cm de hauteur et 57 cm de profondeur. Structure \u00e0 deux niveaux pour un rangement clair. Chaque plateau mesure 14 cm de large et 20 cm de long. Charge maximale de 1200 kg, poids de 51 kg pour une bonne stabilit\u00e9. Convient pour des halt\u00e8res courts usuels avec une longueur de poign\u00e9e de 15 cm.<\/p>","protected":false},"featured_media":59356,"comment_status":"closed","ping_status":"closed","template":"","meta":{"_acf_changed":false,"_gspb_post_css":""},"product_brand":[1000],"product_cat":[332],"product_tag":[],"class_list":{"0":"post-5673","1":"product","2":"type-product","3":"status-publish","4":"has-post-thumbnail","6":"product_brand-fitcom","7":"product_cat-hantelstaender","8":"product_shipping_class-standard","9":"pa_ablage-gummiert-ja","10":"pa_artikel-pro-verkaufseinheit-1x","11":"pa_breite-57-cm","12":"pa_breite-abstellflaeche-14-cm","13":"pa_farbe-schwarz","14":"pa_gewicht-51-kg","15":"pa_hanteltyp-kurzhantel","16":"pa_hoehe-80-cm","17":"pa_kernmaterial-stahl","18":"pa_lieferumfang-1x-kurzhantelstaender","19":"pa_max-belastung-1200-kg","20":"pa_oberflaeche-pulverbeschichtet","21":"pa_staendertyp-kurzhantelstaender","22":"pa_tiefe-57-cm","23":"pa_tiefe-abstellflaeche-20-cm","25":"first","26":"instock","27":"taxable","28":"shipping-taxable","29":"purchasable","30":"product-type-simple"},"bundled_by":[],"bundle_stock_status":"instock","bundle_stock_quantity":39,"bundle_virtual":false,"bundle_layout":"","bundle_add_to_cart_form_location":"","bundle_editable_in_cart":false,"bundle_sold_individually_context":"","bundle_item_grouping":"","bundle_min_size":"","bundle_max_size":"","bundle_price":[],"bundled_items":[],"bundle_sell_ids":[],"acf":[],"df_price":390,"df_sale_price":"","df_regular_price":390,"df_image_link":"https:\/\/www.fitness-flohmarkt.ch\/wp-content\/uploads\/F-64175_Round-Dumbbell-Rack-10-fach_0-20250314-111712-300x300.jpg","_links":{"self":[{"href":"https:\/\/www.fitness-flohmarkt.ch\/fr\/wp-json\/wp\/v2\/product\/5673","targetHints":{"allow":["GET"]}}],"collection":[{"href":"https:\/\/www.fitness-flohmarkt.ch\/fr\/wp-json\/wp\/v2\/product"}],"about":[{"href":"https:\/\/www.fitness-flohmarkt.ch\/fr\/wp-json\/wp\/v2\/types\/product"}],"replies":[{"embeddable":true,"href":"https:\/\/www.fitness-flohmarkt.ch\/fr\/wp-json\/wp\/v2\/comments?post=5673"}],"wp:featuredmedia":[{"embeddable":true,"href":"https:\/\/www.fitness-flohmarkt.ch\/fr\/wp-json\/wp\/v2\/media\/59356"}],"wp:attachment":[{"href":"https:\/\/www.fitness-flohmarkt.ch\/fr\/wp-json\/wp\/v2\/media?parent=5673"}],"wp:term":[{"taxonomy":"product_brand","embeddable":true,"href":"https:\/\/www.fitness-flohmarkt.ch\/fr\/wp-json\/wp\/v2\/product_brand?post=5673"},{"taxonomy":"product_cat","embeddable":true,"href":"https:\/\/www.fitness-flohmarkt.ch\/fr\/wp-json\/wp\/v2\/product_cat?post=5673"},{"taxonomy":"product_tag","embeddable":true,"href":"https:\/\/www.fitness-flohmarkt.ch\/fr\/wp-json\/wp\/v2\/product_tag?post=5673"}],"curies":[{"name":"wp","href":"https:\/\/api.w.org\/{rel}","templated":true}]}}