{"id":5660,"date":"2025-01-25T17:03:03","date_gmt":"2025-01-25T16:03:03","guid":{"rendered":"https:\/\/www2.fitness-flohmarkt.ch\/produkt\/wooden-jump-box-holz-sprungbox\/"},"modified":"2026-05-13T10:30:08","modified_gmt":"2026-05-13T08:30:08","slug":"wooden-jump-box-boite-de-saut-en-bois","status":"publish","type":"product","link":"https:\/\/www.fitness-flohmarkt.ch\/fr\/produkt\/wooden-jump-box-holz-sprungbox\/","title":{"rendered":"3-Way Wooden Jump Box | Plyo Box"},"content":{"rendered":"<h3 data-start=\"0\" data-end=\"86\"><strong data-start=\"19\" data-end=\"86\">Jump Box en bois polyvalent - Parfait pour l'entra\u00eenement pliom\u00e9trique<\/strong><\/h3>\n<p class=\"\" data-start=\"86\" data-end=\"473\">La Jump Box en bois est un \u00e9quipement d'entra\u00eenement de haute qualit\u00e9, sp\u00e9cialement con\u00e7u pour les exercices pliom\u00e9triques. D'une longueur de 76 cm, d'une largeur de 51 cm et d'une hauteur de 61 cm, elle offre une plate-forme stable adapt\u00e9e \u00e0 l'entra\u00eenement intensif de saut. Avec un poids de 23 kg, la bo\u00eete est robuste et durable, fabriqu\u00e9e en bois solide pour une stabilit\u00e9 maximale.<\/p>\n<p class=\"\" data-start=\"475\" data-end=\"797\">La fonction de s\u00e9curit\u00e9 particuli\u00e8re de ce Jump Box est sa stabilit\u00e9 \u00e0 la charge maximale, ce qui garantit un entra\u00eenement en toute s\u00e9curit\u00e9. Compar\u00e9 aux bo\u00eetes de saut plus souples, il offre une plus grande stabilit\u00e9. Tous les coins et les bords de la bo\u00eete sont soigneusement arrondis, ce qui minimise le risque de blessure pendant l'entra\u00eenement.<\/p>\n<p class=\"\" data-start=\"799\" data-end=\"1119\">La bo\u00eete permet d'ajuster l'intensit\u00e9 de l'entra\u00eenement gr\u00e2ce \u00e0 trois options de hauteur diff\u00e9rentes. Ainsi, l'entra\u00eenement peut \u00eatre personnalis\u00e9 et progressif. Elle est id\u00e9ale pour les exercices comme les box jumps, les step-ups ou les bulgarian split squats et aide \u00e0 d\u00e9velopper la force de saut, les muscles des jambes et la coordination du corps.<\/p>\n<p class=\"\" data-start=\"1121\" data-end=\"1420\">Avec des poign\u00e9es encastr\u00e9es pratiques sur les c\u00f4t\u00e9s, la bo\u00eete est facile \u00e0 transporter et \u00e0 positionner dans diff\u00e9rentes zones d'entra\u00eenement. La bo\u00eete s'assemble rapidement et facilement, ce qui en fait un outil d'entra\u00eenement fonctionnel et efficace pour toute salle de sport ou gymnase \u00e0 domicile.<\/p>","protected":false},"excerpt":{"rendered":"<p>Le Jump Box en bois offre trois hauteurs r\u00e9glables pour l'entra\u00eenement pliom\u00e9trique et est \u00e9quip\u00e9 de bords arrondis pour la s\u00e9curit\u00e9. Avec son design stable en bois de haute qualit\u00e9 et son poids de 23 kg, elle d\u00e9veloppe la force de saut, les muscles des jambes et la coordination du corps. Id\u00e9al pour les exercices tels que les box jumps et les step-ups.<\/p>","protected":false},"featured_media":59344,"comment_status":"closed","ping_status":"closed","template":"","meta":{"_acf_changed":false,"_gspb_post_css":""},"product_brand":[1000],"product_cat":[818,813,319],"product_tag":[],"class_list":{"0":"post-5660","1":"product","2":"type-product","3":"status-publish","4":"has-post-thumbnail","6":"product_brand-fitcom","7":"product_cat-conditioning","8":"product_cat-fg-diverse","9":"product_cat-fitness-zubehoer","10":"product_shipping_class-standard","11":"pa_anzahl-hoehenstufen-1162","12":"pa_artikel-pro-verkaufseinheit-1x","13":"pa_breite-51-cm","14":"pa_farbe-helles-holz","15":"pa_fitness-zubehoertyp-step-und-sprungboxen","16":"pa_gewicht-23-kg","17":"pa_griffe-ja","18":"pa_hoehe-61-cm","19":"pa_kernmaterial-holz","20":"pa_laenge-76-cm","21":"pa_lieferumfang-1x-jump-box","22":"pa_max-belastung-200-kg","23":"pa_max-hoehe-76-cm","24":"pa_min-hoehe-51-cm","25":"pa_step-sprungboxtyp-plyo-box","27":"first","28":"instock","29":"taxable","30":"shipping-taxable","31":"purchasable","32":"product-type-simple"},"bundled_by":[],"bundle_stock_status":"instock","bundle_stock_quantity":57,"bundle_virtual":false,"bundle_layout":"","bundle_add_to_cart_form_location":"","bundle_editable_in_cart":false,"bundle_sold_individually_context":"","bundle_item_grouping":"","bundle_min_size":"","bundle_max_size":"","bundle_price":[],"bundled_items":[],"bundle_sell_ids":[],"acf":[],"df_price":95,"df_sale_price":"","df_regular_price":95,"df_image_link":"https:\/\/www.fitness-flohmarkt.ch\/wp-content\/uploads\/F-54718_Wooden-Jump-Box_0-20250314-111644-300x300.jpg","_links":{"self":[{"href":"https:\/\/www.fitness-flohmarkt.ch\/fr\/wp-json\/wp\/v2\/product\/5660","targetHints":{"allow":["GET"]}}],"collection":[{"href":"https:\/\/www.fitness-flohmarkt.ch\/fr\/wp-json\/wp\/v2\/product"}],"about":[{"href":"https:\/\/www.fitness-flohmarkt.ch\/fr\/wp-json\/wp\/v2\/types\/product"}],"replies":[{"embeddable":true,"href":"https:\/\/www.fitness-flohmarkt.ch\/fr\/wp-json\/wp\/v2\/comments?post=5660"}],"wp:featuredmedia":[{"embeddable":true,"href":"https:\/\/www.fitness-flohmarkt.ch\/fr\/wp-json\/wp\/v2\/media\/59344"}],"wp:attachment":[{"href":"https:\/\/www.fitness-flohmarkt.ch\/fr\/wp-json\/wp\/v2\/media?parent=5660"}],"wp:term":[{"taxonomy":"product_brand","embeddable":true,"href":"https:\/\/www.fitness-flohmarkt.ch\/fr\/wp-json\/wp\/v2\/product_brand?post=5660"},{"taxonomy":"product_cat","embeddable":true,"href":"https:\/\/www.fitness-flohmarkt.ch\/fr\/wp-json\/wp\/v2\/product_cat?post=5660"},{"taxonomy":"product_tag","embeddable":true,"href":"https:\/\/www.fitness-flohmarkt.ch\/fr\/wp-json\/wp\/v2\/product_tag?post=5660"}],"curies":[{"name":"wp","href":"https:\/\/api.w.org\/{rel}","templated":true}]}}