{"id":5647,"date":"2025-01-25T17:02:45","date_gmt":"2025-01-25T16:02:45","guid":{"rendered":"https:\/\/www2.fitness-flohmarkt.ch\/produkt\/adjustable-bench-verstellbare-hantelbank\/"},"modified":"2026-05-17T05:23:03","modified_gmt":"2026-05-17T03:23:03","slug":"adjustable-bench-banc-de-musculation-reglable","status":"publish","type":"product","link":"https:\/\/www.fitness-flohmarkt.ch\/fr\/produkt\/adjustable-bench-verstellbare-hantelbank\/","title":{"rendered":"Adjustable Bench | Banc inclin\u00e9 professionnel r\u00e9glable"},"content":{"rendered":"<h3>Profi verstellbare Hantelbank \u2013 Stabilit\u00e4t und Flexibilit\u00e4t f\u00fcr jedes Training<\/h3>\n<p>Notre banc de musculation r\u00e9glable est extr\u00eamement robuste et r\u00e9sistant gr\u00e2ce \u00e0 sa construction stable en tubes carr\u00e9s. Il peut supporter jusqu'\u00e0 500 kg, ce qui permet d'effectuer les exercices les plus difficiles en toute s\u00e9curit\u00e9. Le si\u00e8ge du banc de musculation court est r\u00e9glable en trois angles diff\u00e9rents, tandis que le dossier peut m\u00eame \u00eatre fix\u00e9 dans onze positions diff\u00e9rentes. D\u00e9velopp\u00e9 couch\u00e9 inclin\u00e9, d\u00e9velopp\u00e9 \u00e9paules, curl biceps ou entra\u00eenement de la poitrine sur le banc plat - il n'y a pas de limites.<\/p>\n<p>Le banc dispose d'un rembourrage confortable en similicuir r\u00e9sistant de couleur noire. Le rembourrage est l\u00e9g\u00e8rement \u00e0 picots, ce qui permet un maintien s\u00fbr.<br \/>\nLa large base caoutchout\u00e9e du banc de musculation offre un soutien stable et emp\u00eache tout basculement involontaire pendant l'entra\u00eenement. Gr\u00e2ce aux roulettes int\u00e9gr\u00e9es et \u00e0 la poign\u00e9e, le bench est facile \u00e0 d\u00e9placer.<\/p>","protected":false},"excerpt":{"rendered":"<p>Notre banc de musculation r\u00e9glable est extr\u00eamement robuste et peut supporter de lourdes charges gr\u00e2ce \u00e0 sa construction solide en tubes carr\u00e9s. Il peut supporter jusqu'\u00e0 500 kg, pour un entra\u00eenement en toute s\u00e9curit\u00e9, m\u00eame pour les exercices les plus difficiles. Le si\u00e8ge est r\u00e9glable en trois angles et le dossier peut \u00eatre fix\u00e9 en onze positions. Le rembourrage en similicuir noir et r\u00e9sistant offre un soutien s\u00fbr. Le banc de musculation court a une large surface d'appui caoutchout\u00e9e pour la stabilit\u00e9 et est facile \u00e0 d\u00e9placer gr\u00e2ce aux roulettes et \u00e0 la poign\u00e9e int\u00e9gr\u00e9es.<\/p>","protected":false},"featured_media":9013238,"comment_status":"closed","ping_status":"closed","template":"","meta":{"_acf_changed":false,"_gspb_post_css":""},"product_brand":[1000],"product_cat":[358],"product_tag":[],"class_list":{"0":"post-5647","1":"product","2":"type-product","3":"status-publish","4":"has-post-thumbnail","6":"product_brand-fitcom","7":"product_cat-hantelbaenke","8":"product_shipping_class-standard","9":"pa_anzahl-stufen-1750","10":"pa_artikel-pro-verkaufseinheit-1x","11":"pa_breite-75-cm","12":"pa_farbe-schwarz","13":"pa_gewicht-40-kg","14":"pa_hantelbanktyp-schraegbank","15":"pa_hoehe-47-cm","16":"pa_laenge-130-cm","17":"pa_lieferumfang-1x-hantelbank","18":"pa_material-stahl-pulverbeschichtet","19":"pa_material-polster-kunstleder","20":"pa_max-belastung-500-kg","21":"pa_negativ-einstellung-nein","22":"pa_transportrollen-ja","23":"pa_verstellbare-rueckenlehne-ja","24":"pa_verstellbarer-sitz-ja","26":"first","27":"instock","28":"taxable","29":"shipping-taxable","30":"purchasable","31":"product-type-simple"},"bundled_by":[],"bundle_stock_status":"instock","bundle_stock_quantity":7,"bundle_virtual":false,"bundle_layout":"","bundle_add_to_cart_form_location":"","bundle_editable_in_cart":false,"bundle_sold_individually_context":"","bundle_item_grouping":"","bundle_min_size":"","bundle_max_size":"","bundle_price":[],"bundled_items":[],"bundle_sell_ids":[],"acf":[],"df_price":295,"df_sale_price":265,"df_regular_price":295,"df_image_link":"https:\/\/www.fitness-flohmarkt.ch\/wp-content\/uploads\/Bench_4-1-4-300x300.png","_links":{"self":[{"href":"https:\/\/www.fitness-flohmarkt.ch\/fr\/wp-json\/wp\/v2\/product\/5647","targetHints":{"allow":["GET"]}}],"collection":[{"href":"https:\/\/www.fitness-flohmarkt.ch\/fr\/wp-json\/wp\/v2\/product"}],"about":[{"href":"https:\/\/www.fitness-flohmarkt.ch\/fr\/wp-json\/wp\/v2\/types\/product"}],"replies":[{"embeddable":true,"href":"https:\/\/www.fitness-flohmarkt.ch\/fr\/wp-json\/wp\/v2\/comments?post=5647"}],"wp:featuredmedia":[{"embeddable":true,"href":"https:\/\/www.fitness-flohmarkt.ch\/fr\/wp-json\/wp\/v2\/media\/9013238"}],"wp:attachment":[{"href":"https:\/\/www.fitness-flohmarkt.ch\/fr\/wp-json\/wp\/v2\/media?parent=5647"}],"wp:term":[{"taxonomy":"product_brand","embeddable":true,"href":"https:\/\/www.fitness-flohmarkt.ch\/fr\/wp-json\/wp\/v2\/product_brand?post=5647"},{"taxonomy":"product_cat","embeddable":true,"href":"https:\/\/www.fitness-flohmarkt.ch\/fr\/wp-json\/wp\/v2\/product_cat?post=5647"},{"taxonomy":"product_tag","embeddable":true,"href":"https:\/\/www.fitness-flohmarkt.ch\/fr\/wp-json\/wp\/v2\/product_tag?post=5647"}],"curies":[{"name":"wp","href":"https:\/\/api.w.org\/{rel}","templated":true}]}}