{"id":5618,"date":"2025-01-25T17:02:12","date_gmt":"2025-01-25T16:02:12","guid":{"rendered":"https:\/\/www2.fitness-flohmarkt.ch\/produkt\/staender-wall-ball-power-bag-4-fach\/"},"modified":"2026-05-11T09:50:20","modified_gmt":"2026-05-11T07:50:20","slug":"support-wall-ball-power-bag-4-compartiments","status":"publish","type":"product","link":"https:\/\/www.fitness-flohmarkt.ch\/fr\/produkt\/staender-wall-ball-power-bag-4-fach\/","title":{"rendered":"Support Wall Ball \/ Power Bag | 4 fois"},"content":{"rendered":"<h3 data-start=\"115\" data-end=\"170\"><strong data-start=\"115\" data-end=\"170\">Support pour wallballs et powerbags - 4 \u00e9tag\u00e8res<\/strong><\/h3>\n<p class=\"\" data-start=\"172\" data-end=\"434\">Le support de balles offre une solution stable et peu encombrante pour stocker verticalement jusqu'\u00e0 quatre wallballs, powerbags ou bulgarian bags. Gr\u00e2ce \u00e0 sa conception compacte, le sol reste libre et l'\u00e9quipement est toujours bien rang\u00e9 et \u00e0 port\u00e9e de main.<\/p>\n<p class=\"\" data-start=\"436\" data-end=\"759\">Avec une hauteur de 145 cm, une largeur de 70 cm et une profondeur de 60 cm, le support offre une capacit\u00e9 suffisante sans prendre beaucoup de place. La structure m\u00e9tallique robuste en noir est con\u00e7ue pour supporter une charge maximale de 320 kg et convient aussi bien aux studios qu'aux gymnases \u00e0 domicile bien organis\u00e9s.<\/p>\n<p class=\"\" data-start=\"761\" data-end=\"904\">Un support pratique pour ranger les ballons d'entra\u00eenement et les sacs de mani\u00e8re s\u00fbre et ordonn\u00e9e - id\u00e9al pour un environnement d'entra\u00eenement bien rang\u00e9.<\/p>\n<p data-start=\"761\" data-end=\"904\"><strong>Remarque :<\/strong> Les powerbags ne sont pas inclus dans la livraison.<\/p>","protected":false},"excerpt":{"rendered":"<p>Support pour wallballs et powerbags : support \u00e0 4 compartiments pour jusqu'\u00e0 quatre wallballs, powerbags ou bulgarian bags. Ch\u00e2ssis m\u00e9tallique robuste, laqu\u00e9 noir, avec 145 cm de hauteur, 70 cm de largeur et 60 cm de profondeur. Charge maximale de 320 kg. Conception compacte pour un rangement peu encombrant. Id\u00e9al pour un environnement d'entra\u00eenement ordonn\u00e9.<\/p>","protected":false},"featured_media":9048195,"comment_status":"closed","ping_status":"closed","template":"","meta":{"_acf_changed":false,"_gspb_post_css":""},"product_brand":[1000],"product_cat":[332,304],"product_tag":[],"class_list":{"0":"post-5618","1":"product","2":"type-product","3":"status-publish","4":"has-post-thumbnail","6":"product_brand-fitcom","7":"product_cat-hantelstaender","8":"product_cat-reha-physio","9":"pa_artikel-pro-verkaufseinheit-1x","10":"pa_breite-70-cm","11":"pa_farbe-schwarz","12":"pa_gewicht-16-5-kg","13":"pa_hanteltyp-slam-balls-sandbags-mehr","14":"pa_hoehe-145-cm","15":"pa_kernmaterial-metall","16":"pa_lieferumfang-1x-ballstaender","17":"pa_max-belastung-320-kg","18":"pa_oberflaeche-pulverbeschichtet","19":"pa_staendertyp-ball-gewichtssackstaender","20":"pa_staendertyp-hantelstaender","21":"pa_tiefe-60-cm","23":"first","24":"instock","25":"taxable","26":"shipping-taxable","27":"purchasable","28":"product-type-simple"},"bundled_by":[],"bundle_stock_status":"instock","bundle_stock_quantity":164,"bundle_virtual":false,"bundle_layout":"","bundle_add_to_cart_form_location":"","bundle_editable_in_cart":false,"bundle_sold_individually_context":"","bundle_item_grouping":"","bundle_min_size":"","bundle_max_size":"","bundle_price":[],"bundled_items":[],"bundle_sell_ids":[],"acf":[],"df_price":120,"df_sale_price":"","df_regular_price":120,"df_image_link":"https:\/\/www.fitness-flohmarkt.ch\/wp-content\/uploads\/gestell_powerbag-20250305-100635-3_1080x1080-1-300x300.png","_links":{"self":[{"href":"https:\/\/www.fitness-flohmarkt.ch\/fr\/wp-json\/wp\/v2\/product\/5618","targetHints":{"allow":["GET"]}}],"collection":[{"href":"https:\/\/www.fitness-flohmarkt.ch\/fr\/wp-json\/wp\/v2\/product"}],"about":[{"href":"https:\/\/www.fitness-flohmarkt.ch\/fr\/wp-json\/wp\/v2\/types\/product"}],"replies":[{"embeddable":true,"href":"https:\/\/www.fitness-flohmarkt.ch\/fr\/wp-json\/wp\/v2\/comments?post=5618"}],"wp:featuredmedia":[{"embeddable":true,"href":"https:\/\/www.fitness-flohmarkt.ch\/fr\/wp-json\/wp\/v2\/media\/9048195"}],"wp:attachment":[{"href":"https:\/\/www.fitness-flohmarkt.ch\/fr\/wp-json\/wp\/v2\/media?parent=5618"}],"wp:term":[{"taxonomy":"product_brand","embeddable":true,"href":"https:\/\/www.fitness-flohmarkt.ch\/fr\/wp-json\/wp\/v2\/product_brand?post=5618"},{"taxonomy":"product_cat","embeddable":true,"href":"https:\/\/www.fitness-flohmarkt.ch\/fr\/wp-json\/wp\/v2\/product_cat?post=5618"},{"taxonomy":"product_tag","embeddable":true,"href":"https:\/\/www.fitness-flohmarkt.ch\/fr\/wp-json\/wp\/v2\/product_tag?post=5618"}],"curies":[{"name":"wp","href":"https:\/\/api.w.org\/{rel}","templated":true}]}}