{"id":5531,"date":"2025-01-25T17:00:44","date_gmt":"2025-01-25T16:00:44","guid":{"rendered":"https:\/\/www2.fitness-flohmarkt.ch\/produkt\/mini-band-loop\/"},"modified":"2026-05-12T16:11:06","modified_gmt":"2026-05-12T14:11:06","slug":"boucle-de-bande-miniature","status":"publish","type":"product","link":"https:\/\/www.fitness-flohmarkt.ch\/fr\/produkt\/mini-band-loop\/","title":{"rendered":"Mini bande | Boucle"},"content":{"rendered":"<h3 data-start=\"597\" data-end=\"944\">Mini Band Loops - bandes de fitness polyvalentes pour un entra\u00eenement cibl\u00e9 de la force et de la coordination<\/h3>\n<p class=\"\" data-start=\"597\" data-end=\"944\">Les Mini Band Loops sont particuli\u00e8rement efficaces pour les exercices du bas du corps et offrent une possibilit\u00e9 simple mais puissante d'entra\u00eener de mani\u00e8re cibl\u00e9e la force et la coordination. Sans enroulements ni accessoires suppl\u00e9mentaires, elles sont id\u00e9ales pour les exercices combin\u00e9s qui renforcent \u00e0 la fois la musculature et favorisent la mobilit\u00e9.<\/p>\n<p class=\"\" data-start=\"946\" data-end=\"1015\">Les loops sont disponibles en trois niveaux de r\u00e9sistance diff\u00e9rents :<\/p>\n<ul data-start=\"1016\" data-end=\"1081\">\n<li class=\"\" data-start=\"1016\" data-end=\"1035\">\n<p class=\"\" data-start=\"1018\" data-end=\"1035\"><strong data-start=\"1018\" data-end=\"1033\">L\u00e9ger (bleu)<\/strong><\/p>\n<\/li>\n<li class=\"\" data-start=\"1036\" data-end=\"1056\">\n<p class=\"\" data-start=\"1038\" data-end=\"1056\"><strong data-start=\"1038\" data-end=\"1054\">Moyen (rouge)<\/strong><\/p>\n<\/li>\n<li class=\"\" data-start=\"1057\" data-end=\"1081\">\n<p class=\"\" data-start=\"1059\" data-end=\"1081\"><strong data-start=\"1059\" data-end=\"1079\">Fort (noir)<\/strong><\/p>\n<\/li>\n<\/ul>\n<p class=\"\" data-start=\"1083\" data-end=\"1374\">Gr\u00e2ce aux diff\u00e9rents niveaux de r\u00e9sistance, les Mini Bands s'adaptent de mani\u00e8re flexible \u00e0 l'intensit\u00e9 d'entra\u00eenement souhait\u00e9e. Ils conviennent parfaitement au renforcement des muscles des cuisses et au toning.<\/p>\n<p class=\"\" data-start=\"1376\" data-end=\"1647\">Les Mini Band Loops sont parfaits pour les exercices d'\u00e9chauffement avant le Leg Day, mais aussi pour la gym \u00e0 domicile ou comme aide pratique \u00e0 l'entra\u00eenement en voyage. Avec une largeur de 5 cm et une longueur de 25 cm, les bandes sont faciles \u00e0 transporter et prennent peu de place.<\/p>\n<p class=\"\" data-start=\"1649\" data-end=\"1703\">","protected":false},"excerpt":{"rendered":"<p>Mini Band Loops en trois niveaux de r\u00e9sistance (bleu, rouge, noir) pour des exercices efficaces dans le bas du corps. Id\u00e9al pour le renforcement des cuisses, les exercices d'\u00e9chauffement ou l'entra\u00eenement sp\u00e9cifique \u00e0 un sport. Compact et facile \u00e0 transporter, parfait pour le home gym ou en d\u00e9placement.<\/p>","protected":false},"featured_media":71157,"comment_status":"closed","ping_status":"closed","template":"","meta":{"_acf_changed":false,"_gspb_post_css":""},"product_brand":[1000],"product_cat":[319,821,343,822,304],"product_tag":[],"class_list":{"0":"post-5531","1":"product","2":"type-product","3":"status-publish","4":"has-post-thumbnail","6":"product_brand-fitcom","7":"product_cat-fitness-zubehoer","8":"product_cat-fitnessband","9":"product_cat-heimgebrauch","10":"product_cat-mobility-recovery","11":"product_cat-reha-physio","12":"pa_artikel-pro-verkaufseinheit-1x","13":"pa_breite-5-cm","14":"pa_dicke-0-4-mm","15":"pa_dicke-0-6-mm","16":"pa_dicke-1-3-mm","17":"pa_farbe-blau","18":"pa_farbe-rot","19":"pa_farbe-schwarz","20":"pa_fitnessbandtyp-mini-loop-band","21":"pa_gewicht-0-005-kg","22":"pa_laenge-25-cm","23":"pa_lieferumfang-1x-fitnessband","24":"pa_material-gummi","25":"pa_widerstand-leicht","26":"pa_widerstand-mittel","27":"pa_widerstand-stark","29":"first","30":"instock","31":"taxable","32":"shipping-taxable","33":"purchasable","34":"product-type-variable"},"bundled_by":[],"bundle_stock_status":"instock","bundle_stock_quantity":null,"bundle_virtual":false,"bundle_layout":"","bundle_add_to_cart_form_location":"","bundle_editable_in_cart":false,"bundle_sold_individually_context":"","bundle_item_grouping":"","bundle_min_size":"","bundle_max_size":"","bundle_price":[],"bundled_items":[],"bundle_sell_ids":[],"acf":[],"df_price":3,"df_sale_price":"","df_regular_price":3,"df_image_link":"https:\/\/www.fitness-flohmarkt.ch\/wp-content\/uploads\/F-12429_Mini-Band-Set-3-Loops_2-20250321-161722-300x300.jpg","_links":{"self":[{"href":"https:\/\/www.fitness-flohmarkt.ch\/fr\/wp-json\/wp\/v2\/product\/5531","targetHints":{"allow":["GET"]}}],"collection":[{"href":"https:\/\/www.fitness-flohmarkt.ch\/fr\/wp-json\/wp\/v2\/product"}],"about":[{"href":"https:\/\/www.fitness-flohmarkt.ch\/fr\/wp-json\/wp\/v2\/types\/product"}],"replies":[{"embeddable":true,"href":"https:\/\/www.fitness-flohmarkt.ch\/fr\/wp-json\/wp\/v2\/comments?post=5531"}],"wp:featuredmedia":[{"embeddable":true,"href":"https:\/\/www.fitness-flohmarkt.ch\/fr\/wp-json\/wp\/v2\/media\/71157"}],"wp:attachment":[{"href":"https:\/\/www.fitness-flohmarkt.ch\/fr\/wp-json\/wp\/v2\/media?parent=5531"}],"wp:term":[{"taxonomy":"product_brand","embeddable":true,"href":"https:\/\/www.fitness-flohmarkt.ch\/fr\/wp-json\/wp\/v2\/product_brand?post=5531"},{"taxonomy":"product_cat","embeddable":true,"href":"https:\/\/www.fitness-flohmarkt.ch\/fr\/wp-json\/wp\/v2\/product_cat?post=5531"},{"taxonomy":"product_tag","embeddable":true,"href":"https:\/\/www.fitness-flohmarkt.ch\/fr\/wp-json\/wp\/v2\/product_tag?post=5531"}],"curies":[{"name":"wp","href":"https:\/\/api.w.org\/{rel}","templated":true}]}}