{"id":5488,"date":"2025-01-25T16:59:54","date_gmt":"2025-01-25T15:59:54","guid":{"rendered":"https:\/\/www2.fitness-flohmarkt.ch\/produkt\/kettlebell-rack-ablage\/"},"modified":"2026-04-15T20:50:10","modified_gmt":"2026-04-15T18:50:10","slug":"support-pour-kettlebell-rack","status":"publish","type":"product","link":"https:\/\/www.fitness-flohmarkt.ch\/fr\/produkt\/kettlebell-rack-ablage\/","title":{"rendered":"Kettlebell Rack | Support"},"content":{"rendered":"<h3 data-start=\"167\" data-end=\"221\"><strong data-start=\"167\" data-end=\"221\">Kettlebell Rack - support pour jusqu'\u00e0 20 kettlebells<\/strong><\/h3>\n<p class=\"\" data-start=\"223\" data-end=\"455\">Le rack pour kettlebells offre une possibilit\u00e9 stable et peu encombrante de stocker les kettlebells de mani\u00e8re ordonn\u00e9e. Il convient pour jusqu'\u00e0 12 Competition Kettlebells ou un maximum de 20 Kettlebells standard, selon le poids et la forme.<\/p>\n<p class=\"\" data-start=\"457\" data-end=\"758\">Avec deux niveaux de rangement et une construction solide en acier, le rack garantit une vue d'ensemble et un acc\u00e8s rapide pendant l'entra\u00eenement. Les surfaces de rangement g\u00e9n\u00e9reuses d'une largeur de 147 cm et d'une profondeur de 23 cm offrent suffisamment de place pour stocker clairement diff\u00e9rentes tailles de kettlebell.<\/p>\n<p class=\"\" data-start=\"760\" data-end=\"1003\">Le rack mesure 150 cm de large, 58 cm de profondeur et 76 cm de hauteur. Il convient aussi bien \u00e0 l'utilisation professionnelle en studio qu'aux gymnases \u00e0 domicile o\u00f9 l'on attache de l'importance \u00e0 l'ordre et \u00e0 l'\u00e9quipement d'entra\u00eenement structur\u00e9.<\/p>\n<p class=\"\" data-start=\"1005\" data-end=\"1091\">Une solution fonctionnelle pour ranger tes kettlebells de mani\u00e8re s\u00fbre et claire.<\/p>\n<p data-start=\"1005\" data-end=\"1091\"><strong>Remarque :<\/strong> Les kettlebells ne sont pas inclus dans la livraison.<\/p>","protected":false},"excerpt":{"rendered":"<p>Kettlebell Rack : support pour jusqu'\u00e0 20 kettlebells. Construction solide en acier, peinte en noir, avec une largeur de 150 cm, une profondeur de 58 cm et une hauteur de 76 cm. Deux niveaux de rangement pour un rangement clair. Espace pour jusqu'\u00e0 12 Competition Kettlebells ou 20 Kettlebells standard. Suffisamment de place pour diff\u00e9rentes tailles. Position s\u00fbre, id\u00e9ale pour une zone d'entra\u00eenement bien ordonn\u00e9e.<\/p>","protected":false},"featured_media":59228,"comment_status":"closed","ping_status":"closed","template":"","meta":{"_acf_changed":false,"_gspb_post_css":""},"product_brand":[1000],"product_cat":[332,299],"product_tag":[],"class_list":{"0":"post-5488","1":"product","2":"type-product","3":"status-publish","4":"has-post-thumbnail","6":"product_brand-fitcom","7":"product_cat-hantelstaender","8":"product_cat-kettlebells","9":"pa_ablage-gummiert-ja","10":"pa_artikel-pro-verkaufseinheit-1x","11":"pa_breite-150-cm","12":"pa_breite-abstellflaeche-147-cm","13":"pa_farbe-schwarz","14":"pa_hanteltyp-kettlebell","15":"pa_hoehe-76-cm","16":"pa_kernmaterial-stahl","17":"pa_lieferumfang-1x-kettlebellstaender","18":"pa_max-belastung-300-kg","19":"pa_oberflaeche-pulverbeschichtet","20":"pa_staendertyp-kettlebellstaender","21":"pa_tiefe-58-cm","22":"pa_tiefe-abstellflaeche-23-cm","24":"first","25":"instock","26":"taxable","27":"shipping-taxable","28":"purchasable","29":"product-type-simple"},"bundled_by":[],"bundle_stock_status":"instock","bundle_stock_quantity":1,"bundle_virtual":false,"bundle_layout":"","bundle_add_to_cart_form_location":"","bundle_editable_in_cart":false,"bundle_sold_individually_context":"","bundle_item_grouping":"","bundle_min_size":"","bundle_max_size":"","bundle_price":[],"bundled_items":[],"bundle_sell_ids":[],"acf":[],"df_price":195,"df_sale_price":"","df_regular_price":195,"df_image_link":"https:\/\/www.fitness-flohmarkt.ch\/wp-content\/uploads\/F-27963_Kettlebell-Rack_0-20250314-111243-300x300.jpg","_links":{"self":[{"href":"https:\/\/www.fitness-flohmarkt.ch\/fr\/wp-json\/wp\/v2\/product\/5488","targetHints":{"allow":["GET"]}}],"collection":[{"href":"https:\/\/www.fitness-flohmarkt.ch\/fr\/wp-json\/wp\/v2\/product"}],"about":[{"href":"https:\/\/www.fitness-flohmarkt.ch\/fr\/wp-json\/wp\/v2\/types\/product"}],"replies":[{"embeddable":true,"href":"https:\/\/www.fitness-flohmarkt.ch\/fr\/wp-json\/wp\/v2\/comments?post=5488"}],"wp:featuredmedia":[{"embeddable":true,"href":"https:\/\/www.fitness-flohmarkt.ch\/fr\/wp-json\/wp\/v2\/media\/59228"}],"wp:attachment":[{"href":"https:\/\/www.fitness-flohmarkt.ch\/fr\/wp-json\/wp\/v2\/media?parent=5488"}],"wp:term":[{"taxonomy":"product_brand","embeddable":true,"href":"https:\/\/www.fitness-flohmarkt.ch\/fr\/wp-json\/wp\/v2\/product_brand?post=5488"},{"taxonomy":"product_cat","embeddable":true,"href":"https:\/\/www.fitness-flohmarkt.ch\/fr\/wp-json\/wp\/v2\/product_cat?post=5488"},{"taxonomy":"product_tag","embeddable":true,"href":"https:\/\/www.fitness-flohmarkt.ch\/fr\/wp-json\/wp\/v2\/product_tag?post=5488"}],"curies":[{"name":"wp","href":"https:\/\/api.w.org\/{rel}","templated":true}]}}