{"id":5459,"date":"2025-01-25T16:59:28","date_gmt":"2025-01-25T15:59:28","guid":{"rendered":"https:\/\/www2.fitness-flohmarkt.ch\/produkt\/ab-crunch-buegel-bauchtrainer\/"},"modified":"2026-04-14T20:50:07","modified_gmt":"2026-04-14T18:50:07","slug":"ab-crunch-abdos","status":"publish","type":"product","link":"https:\/\/www.fitness-flohmarkt.ch\/fr\/produkt\/ab-crunch-buegel-bauchtrainer\/","title":{"rendered":"Arceaux Ab Crunch | Appareil pour abdominaux"},"content":{"rendered":"<h3 class=\"\" data-start=\"49\" data-end=\"126\"><strong data-start=\"53\" data-end=\"126\">Arceau Ab Crunch - aide \u00e0 l'entra\u00eenement pour une activation cibl\u00e9e des muscles abdominaux<\/strong><\/h3>\n<p class=\"\" data-start=\"128\" data-end=\"489\">L'arceau Ab Crunch sert \u00e0 renforcer la musculature abdominale de mani\u00e8re isol\u00e9e. Gr\u00e2ce au mod\u00e8le de mouvement guid\u00e9, la charge est concentr\u00e9e sur la zone abdominale, tandis que la nuque et les \u00e9paules sont soulag\u00e9es par l'appui-t\u00eate int\u00e9gr\u00e9. La forme ergonomique favorise une ex\u00e9cution r\u00e9guli\u00e8re des mouvements, ce qui contribue \u00e0 une position d'entra\u00eenement stable.<\/p>\n<p data-start=\"128\" data-end=\"489\">Des mouvements de crunch cibl\u00e9s permettent de solliciter efficacement la musculature abdominale. La structure stable de l'arceau Ab Crunch garantit en outre une utilisation s\u00fbre.<\/p>","protected":false},"excerpt":{"rendered":"<p>L'arceau Ab Crunch est un appareil d'entra\u00eenement compact pour le renforcement cibl\u00e9 de la musculature abdominale. Sa forme ergonomique et son appui-t\u00eate rembourr\u00e9 favorisent une ex\u00e9cution propre des mouvements. Le support stable assure un maintien s\u00fbr pendant l'exercice.<\/p>","protected":false},"featured_media":59216,"comment_status":"closed","ping_status":"closed","template":"","meta":{"_acf_changed":false,"_gspb_post_css":""},"product_brand":[1000],"product_cat":[810,813,343],"product_tag":[],"class_list":{"0":"post-5459","1":"product","2":"type-product","3":"status-publish","4":"has-post-thumbnail","6":"product_brand-fitcom","7":"product_cat-bauchtrainer","8":"product_cat-fg-diverse","9":"product_cat-heimgebrauch","10":"pa_artikel-pro-verkaufseinheit-1x","11":"pa_bauchtrainertyp-ab-crunch","12":"pa_breite-65-cm","13":"pa_farbe-schwarz","14":"pa_fitness-zubehoertyp-bauchtraining","15":"pa_gewicht-3-5-kg","16":"pa_hoehe-65-cm","17":"pa_laenge-70-cm","18":"pa_lieferumfang-1x-ab-crunch","19":"pa_material-schaumstoff","20":"pa_material-stahl","21":"pa_max-belastung-100-kg","23":"first","24":"instock","25":"taxable","26":"shipping-taxable","27":"purchasable","28":"product-type-simple"},"bundled_by":[],"bundle_stock_status":"instock","bundle_stock_quantity":60,"bundle_virtual":false,"bundle_layout":"","bundle_add_to_cart_form_location":"","bundle_editable_in_cart":false,"bundle_sold_individually_context":"","bundle_item_grouping":"","bundle_min_size":"","bundle_max_size":"","bundle_price":[],"bundled_items":[],"bundle_sell_ids":[],"acf":[],"df_price":25,"df_sale_price":"","df_regular_price":25,"df_image_link":"https:\/\/www.fitness-flohmarkt.ch\/wp-content\/uploads\/F-78435_Ab-Crunch-Buegel_0-20250314-111223-300x300.jpg","_links":{"self":[{"href":"https:\/\/www.fitness-flohmarkt.ch\/fr\/wp-json\/wp\/v2\/product\/5459","targetHints":{"allow":["GET"]}}],"collection":[{"href":"https:\/\/www.fitness-flohmarkt.ch\/fr\/wp-json\/wp\/v2\/product"}],"about":[{"href":"https:\/\/www.fitness-flohmarkt.ch\/fr\/wp-json\/wp\/v2\/types\/product"}],"replies":[{"embeddable":true,"href":"https:\/\/www.fitness-flohmarkt.ch\/fr\/wp-json\/wp\/v2\/comments?post=5459"}],"wp:featuredmedia":[{"embeddable":true,"href":"https:\/\/www.fitness-flohmarkt.ch\/fr\/wp-json\/wp\/v2\/media\/59216"}],"wp:attachment":[{"href":"https:\/\/www.fitness-flohmarkt.ch\/fr\/wp-json\/wp\/v2\/media?parent=5459"}],"wp:term":[{"taxonomy":"product_brand","embeddable":true,"href":"https:\/\/www.fitness-flohmarkt.ch\/fr\/wp-json\/wp\/v2\/product_brand?post=5459"},{"taxonomy":"product_cat","embeddable":true,"href":"https:\/\/www.fitness-flohmarkt.ch\/fr\/wp-json\/wp\/v2\/product_cat?post=5459"},{"taxonomy":"product_tag","embeddable":true,"href":"https:\/\/www.fitness-flohmarkt.ch\/fr\/wp-json\/wp\/v2\/product_tag?post=5459"}],"curies":[{"name":"wp","href":"https:\/\/api.w.org\/{rel}","templated":true}]}}