{"id":5401,"date":"2025-01-25T16:58:32","date_gmt":"2025-01-25T15:58:32","guid":{"rendered":"https:\/\/www2.fitness-flohmarkt.ch\/produkt\/bodenmatte-0-8-cm-gummi-fitnessboden\/"},"modified":"2026-04-28T12:30:12","modified_gmt":"2026-04-28T10:30:12","slug":"tapis-de-sol-0-8-cm-en-caoutchouc-sol-fitness","status":"publish","type":"product","link":"https:\/\/www.fitness-flohmarkt.ch\/fr\/produkt\/bodenmatte-0-8-cm-gummi-fitnessboden\/","title":{"rendered":"Tapis de sol 0.8 cm | Caoutchouc sol de fitness"},"content":{"rendered":"<h3>Tapis de sol de fitness en caoutchouc r\u00e9sistant avec connexion en puzzle - Antid\u00e9rapant, amortit les chocs et facile \u00e0 poser<\/h3>\n<p>Le tapis de sol de fitness d'une \u00e9paisseur de 0,8 cm en caoutchouc de haute qualit\u00e9 est une solution polyvalente et r\u00e9sistante pour les salles de fitness et les surfaces d'entra\u00eenement. Avec une surface antid\u00e9rapante, il offre une prise s\u00fbre pendant l'entra\u00eenement et minimise le risque d'accidents et de blessures. La structure mate du sol de fitness amortit les chocs et r\u00e9duit le bruit, ce qui est particuli\u00e8rement avantageux dans les environnements tr\u00e8s fr\u00e9quent\u00e9s. Gr\u00e2ce \u00e0 ses propri\u00e9t\u00e9s antichocs, ce tapis de sol prot\u00e8ge \u00e0 la fois le sol et l'appareil d'entra\u00eenement contre d'\u00e9ventuels dommages.<\/p>\n<p>Il faut souligner le fait que les tapis de sol de fitness peuvent \u00eatre assembl\u00e9s comme un puzzle, ce qui permet une installation simple et rapide. Cette flexibilit\u00e9 permet d'adapter les tapis aux exigences et aux dimensions individuelles de la salle d'entra\u00eenement. Le tapis est facile \u00e0 nettoyer et hygi\u00e9nique, ce qui garantit un environnement d'entra\u00eenement agr\u00e9able. Que ce soit pour le fitness \u00e0 domicile ou les studios commerciaux, le tapis de sol en caoutchouc est un excellent choix pour une s\u00e9curit\u00e9 et un confort optimaux pendant l'entra\u00eenement.<\/p>\n<p><strong>Remarque :<\/strong> Prix \u00e0 l'unit\u00e9.<\/p>\n<p><strong>Compatible avec <\/strong>F-96558 Tapis de sol de bordure<\/p>\n<p>&nbsp;<\/p>","protected":false},"excerpt":{"rendered":"<p>Le tapis de sol en caoutchouc de 0,8 cm d'\u00e9paisseur est polyvalent, antid\u00e9rapant et r\u00e9sistant. Il amortit les chocs, r\u00e9duit le bruit et prot\u00e8ge le sol et le fitness. Facile \u00e0 installer gr\u00e2ce \u00e0 l'assemblage en puzzle, il est facile \u00e0 nettoyer. Id\u00e9al pour le fitness \u00e0 domicile et les studios pour un entra\u00eenement s\u00fbr et confortable.<\/p>","protected":false},"featured_media":59188,"comment_status":"closed","ping_status":"closed","template":"","meta":{"_acf_changed":false,"_gspb_post_css":""},"product_brand":[1000],"product_cat":[804],"product_tag":[],"class_list":{"0":"post-5401","1":"product","2":"type-product","3":"status-publish","4":"has-post-thumbnail","6":"product_brand-fitcom","7":"product_cat-fitness-bodenschutzmatte","8":"pa_anzahl-verpackungseinheit-689","9":"pa_artikel-pro-verkaufseinheit-1x","10":"pa_breite-50-cm","11":"pa_dicke-80-mm","12":"pa_farbe-blau","13":"pa_farbe-schwarz","14":"pa_fitnessbodentyp-einzelne-matte","15":"pa_geraeuschdaempfend-ja","16":"pa_gewicht-2-1-kg","17":"pa_laenge-50-cm","18":"pa_lieferumfang-1x-matte","19":"pa_material-gummi","20":"pa_shock-absorption-system-ja","21":"pa_verbindungsart-puzzle-verbindung","23":"first","24":"instock","25":"taxable","26":"shipping-taxable","27":"purchasable","28":"product-type-simple"},"bundled_by":[],"bundle_stock_status":"instock","bundle_stock_quantity":1744,"bundle_virtual":false,"bundle_layout":"","bundle_add_to_cart_form_location":"","bundle_editable_in_cart":false,"bundle_sold_individually_context":"","bundle_item_grouping":"","bundle_min_size":"","bundle_max_size":"","bundle_price":[],"bundled_items":[],"bundle_sell_ids":[],"acf":[],"df_price":9,"df_sale_price":"","df_regular_price":9,"df_image_link":"https:\/\/www.fitness-flohmarkt.ch\/wp-content\/uploads\/F-53646_Fitnessboden-50-x-50-x-0.8-cm_0-20250314-111109-300x300.jpg","_links":{"self":[{"href":"https:\/\/www.fitness-flohmarkt.ch\/fr\/wp-json\/wp\/v2\/product\/5401","targetHints":{"allow":["GET"]}}],"collection":[{"href":"https:\/\/www.fitness-flohmarkt.ch\/fr\/wp-json\/wp\/v2\/product"}],"about":[{"href":"https:\/\/www.fitness-flohmarkt.ch\/fr\/wp-json\/wp\/v2\/types\/product"}],"replies":[{"embeddable":true,"href":"https:\/\/www.fitness-flohmarkt.ch\/fr\/wp-json\/wp\/v2\/comments?post=5401"}],"wp:featuredmedia":[{"embeddable":true,"href":"https:\/\/www.fitness-flohmarkt.ch\/fr\/wp-json\/wp\/v2\/media\/59188"}],"wp:attachment":[{"href":"https:\/\/www.fitness-flohmarkt.ch\/fr\/wp-json\/wp\/v2\/media?parent=5401"}],"wp:term":[{"taxonomy":"product_brand","embeddable":true,"href":"https:\/\/www.fitness-flohmarkt.ch\/fr\/wp-json\/wp\/v2\/product_brand?post=5401"},{"taxonomy":"product_cat","embeddable":true,"href":"https:\/\/www.fitness-flohmarkt.ch\/fr\/wp-json\/wp\/v2\/product_cat?post=5401"},{"taxonomy":"product_tag","embeddable":true,"href":"https:\/\/www.fitness-flohmarkt.ch\/fr\/wp-json\/wp\/v2\/product_tag?post=5401"}],"curies":[{"name":"wp","href":"https:\/\/api.w.org\/{rel}","templated":true}]}}