{"id":5367,"date":"2025-01-25T16:57:52","date_gmt":"2025-01-25T15:57:52","guid":{"rendered":"https:\/\/www2.fitness-flohmarkt.ch\/produkt\/balance-trainer-gleichgewicht\/"},"modified":"2026-05-07T20:11:16","modified_gmt":"2026-05-07T18:11:16","slug":"balance-trainer-equilibre","status":"publish","type":"product","link":"https:\/\/www.fitness-flohmarkt.ch\/fr\/produkt\/balance-trainer-gleichgewicht\/","title":{"rendered":"Balance Trainer | \u00e9quilibre"},"content":{"rendered":"<h3>Entra\u00eeneur d'\u00e9quilibre avec coussins d'air et bandes - Pour la stabilit\u00e9, la force et la coordination<\/h3>\n<p>L'entra\u00eeneur d'\u00e9quilibre avec coussin d'air et \u00e9lastiques suppl\u00e9mentaires est un appareil de fitness polyvalent qui permet d'entra\u00eener de mani\u00e8re cibl\u00e9e l'\u00e9quilibre, la stabilit\u00e9 et la coordination. Le coussin rempli d'air permet de travailler l'\u00e9quilibre, ce qui active et renforce les muscles profonds. Les \u00e9lastiques lat\u00e9raux offrent des possibilit\u00e9s d'exercices suppl\u00e9mentaires pour les bras et le haut du corps. L'ajustement individuel de la pression d'air permet d'adapter le niveau de difficult\u00e9. Id\u00e9al pour l'entra\u00eenement de tout le corps \u00e0 la maison, en salle de sport ou en r\u00e9\u00e9ducation. L'entra\u00eeneur d'\u00e9quilibre convient aussi bien aux d\u00e9butants qu'aux personnes exp\u00e9riment\u00e9es et constitue un outil efficace pour am\u00e9liorer l'\u00e9quilibre, la flexibilit\u00e9 et la musculature.<\/p>","protected":false},"excerpt":{"rendered":"<p>Entra\u00eeneur d'\u00e9quilibre avec bandes : Appareil d'entra\u00eenement polyvalent pour d\u00e9velopper l'\u00e9quilibre, la coordination et la musculature profonde. Bandes de r\u00e9sistance incluses pour des exercices suppl\u00e9mentaires du haut du corps. Pression d'air r\u00e9glable individuellement - id\u00e9al pour l'entra\u00eenement, la r\u00e9\u00e9ducation et la mobilit\u00e9.<\/p>","protected":false},"featured_media":59156,"comment_status":"closed","ping_status":"closed","template":"","meta":{"_acf_changed":false,"_gspb_post_css":""},"product_brand":[1000],"product_cat":[809],"product_tag":[],"class_list":{"0":"post-5367","1":"product","2":"type-product","3":"status-publish","4":"has-post-thumbnail","6":"product_brand-fitcom","7":"product_cat-balance-trainer","8":"pa_artikel-pro-verkaufseinheit-1x","9":"pa_balance-trainer-typ-balance-ball","10":"pa_durchmesser-58-cm","11":"pa_farbe-blau","12":"pa_farbe-schwarz","13":"pa_gewicht-5-kg","14":"pa_hoehe-24-cm","15":"pa_lieferumfang-1x-gleichgewichtstrainer","16":"pa_material-gummi","17":"pa_material-kunststoff","18":"pa_max-belastung-150-kg","20":"first","21":"instock","22":"taxable","23":"shipping-taxable","24":"purchasable","25":"product-type-simple"},"bundled_by":[],"bundle_stock_status":"instock","bundle_stock_quantity":144,"bundle_virtual":false,"bundle_layout":"","bundle_add_to_cart_form_location":"","bundle_editable_in_cart":false,"bundle_sold_individually_context":"","bundle_item_grouping":"","bundle_min_size":"","bundle_max_size":"","bundle_price":[],"bundled_items":[],"bundle_sell_ids":[],"acf":[],"df_price":60,"df_sale_price":"","df_regular_price":60,"df_image_link":"https:\/\/www.fitness-flohmarkt.ch\/wp-content\/uploads\/F-74727_Balance-Trainer_0-20250314-111018-300x300.jpg","_links":{"self":[{"href":"https:\/\/www.fitness-flohmarkt.ch\/fr\/wp-json\/wp\/v2\/product\/5367","targetHints":{"allow":["GET"]}}],"collection":[{"href":"https:\/\/www.fitness-flohmarkt.ch\/fr\/wp-json\/wp\/v2\/product"}],"about":[{"href":"https:\/\/www.fitness-flohmarkt.ch\/fr\/wp-json\/wp\/v2\/types\/product"}],"replies":[{"embeddable":true,"href":"https:\/\/www.fitness-flohmarkt.ch\/fr\/wp-json\/wp\/v2\/comments?post=5367"}],"wp:featuredmedia":[{"embeddable":true,"href":"https:\/\/www.fitness-flohmarkt.ch\/fr\/wp-json\/wp\/v2\/media\/59156"}],"wp:attachment":[{"href":"https:\/\/www.fitness-flohmarkt.ch\/fr\/wp-json\/wp\/v2\/media?parent=5367"}],"wp:term":[{"taxonomy":"product_brand","embeddable":true,"href":"https:\/\/www.fitness-flohmarkt.ch\/fr\/wp-json\/wp\/v2\/product_brand?post=5367"},{"taxonomy":"product_cat","embeddable":true,"href":"https:\/\/www.fitness-flohmarkt.ch\/fr\/wp-json\/wp\/v2\/product_cat?post=5367"},{"taxonomy":"product_tag","embeddable":true,"href":"https:\/\/www.fitness-flohmarkt.ch\/fr\/wp-json\/wp\/v2\/product_tag?post=5367"}],"curies":[{"name":"wp","href":"https:\/\/api.w.org\/{rel}","templated":true}]}}