{"id":5346,"date":"2025-01-25T16:57:30","date_gmt":"2025-01-25T15:57:30","guid":{"rendered":"https:\/\/www2.fitness-flohmarkt.ch\/produkt\/griff-set-kabelzug\/"},"modified":"2026-04-16T12:50:43","modified_gmt":"2026-04-16T10:50:43","slug":"kit-de-poignees-pour-le-tirage-de-cables","status":"publish","type":"product","link":"https:\/\/www.fitness-flohmarkt.ch\/fr\/produkt\/griff-set-kabelzug\/","title":{"rendered":"Set de poign\u00e9es pour MAGsimalen Komfort | 5 pi\u00e8ces"},"content":{"rendered":"<h3 class=\"\" data-start=\"129\" data-end=\"203\"><strong data-start=\"133\" data-end=\"203\">Set de poign\u00e9es confort pour le tirant \u00e0 c\u00e2ble - 5 pi\u00e8ces pour un entra\u00eenement polyvalent<\/strong><\/h3>\n<p class=\"\" data-start=\"205\" data-end=\"474\">Le set de poign\u00e9es confort de 5 pi\u00e8ces pour les appareils de traction \u00e0 c\u00e2ble comprend diff\u00e9rentes variantes de poign\u00e9es avec une forme ergonomique et une surface caoutchout\u00e9e pour un grand confort d'entra\u00eenement. Les poign\u00e9es sont agr\u00e9ables \u00e0 prendre en main et permettent une ex\u00e9cution s\u00fbre lors des exercices de traction.<\/p>\n<p class=\"\" data-start=\"476\" data-end=\"714\">Id\u00e9alement utilisable sur des appareils tels que le tirant \u00e0 c\u00e2ble, le syst\u00e8me Pulley, le Cable Cross Over ou le Cable Jungle. L'ensemble couvre un large \u00e9ventail d'exercices et convient \u00e0 une utilisation en studio ou \u00e0 un entra\u00eenement fonctionnel dans un gymnase \u00e0 domicile.<\/p>","protected":false},"excerpt":{"rendered":"<p class=\"\" data-start=\"741\" data-end=\"884\">Set de poign\u00e9es confortables en 5 parties avec des poign\u00e9es ergonomiques en caoutchouc. Pour un entra\u00eenement efficace au tirage de c\u00e2ble sur les syst\u00e8mes de poulies et les stations Cross Over.<\/p>","protected":false},"featured_media":59128,"comment_status":"closed","ping_status":"closed","template":"","meta":{"_acf_changed":false,"_gspb_post_css":""},"product_brand":[1000],"product_cat":[815],"product_tag":[],"class_list":{"0":"post-5346","1":"product","2":"type-product","3":"status-publish","4":"has-post-thumbnail","6":"product_brand-fitcom","7":"product_cat-griffe-kabelzug","8":"pa_artikel-pro-verkaufseinheit-5x","9":"pa_breite-31-61-cm","10":"pa_ergonomischer-griff-ja","11":"pa_farbe-schwarz","12":"pa_fitness-zubehoertyp-kabelzuggriff","13":"pa_griffweitenmarkierung-nein","14":"pa_hoehe-13-19-cm","15":"pa_lieferumfang-5x-griff-kabelzug","16":"pa_material-stahl","17":"pa_material-griff-gummi","18":"pa_tiefe-10-12-cm","20":"first","21":"instock","22":"taxable","23":"shipping-taxable","24":"purchasable","25":"product-type-simple"},"bundled_by":[],"bundle_stock_status":"instock","bundle_stock_quantity":118,"bundle_virtual":false,"bundle_layout":"","bundle_add_to_cart_form_location":"","bundle_editable_in_cart":false,"bundle_sold_individually_context":"","bundle_item_grouping":"","bundle_min_size":"","bundle_max_size":"","bundle_price":[],"bundled_items":[],"bundle_sell_ids":[],"acf":[],"df_price":175,"df_sale_price":"","df_regular_price":175,"df_image_link":"https:\/\/www.fitness-flohmarkt.ch\/wp-content\/uploads\/F-79129_Griff-Set-Kabelzug-5-teilig_0-20250314-110919-300x300.jpg","_links":{"self":[{"href":"https:\/\/www.fitness-flohmarkt.ch\/fr\/wp-json\/wp\/v2\/product\/5346","targetHints":{"allow":["GET"]}}],"collection":[{"href":"https:\/\/www.fitness-flohmarkt.ch\/fr\/wp-json\/wp\/v2\/product"}],"about":[{"href":"https:\/\/www.fitness-flohmarkt.ch\/fr\/wp-json\/wp\/v2\/types\/product"}],"replies":[{"embeddable":true,"href":"https:\/\/www.fitness-flohmarkt.ch\/fr\/wp-json\/wp\/v2\/comments?post=5346"}],"wp:featuredmedia":[{"embeddable":true,"href":"https:\/\/www.fitness-flohmarkt.ch\/fr\/wp-json\/wp\/v2\/media\/59128"}],"wp:attachment":[{"href":"https:\/\/www.fitness-flohmarkt.ch\/fr\/wp-json\/wp\/v2\/media?parent=5346"}],"wp:term":[{"taxonomy":"product_brand","embeddable":true,"href":"https:\/\/www.fitness-flohmarkt.ch\/fr\/wp-json\/wp\/v2\/product_brand?post=5346"},{"taxonomy":"product_cat","embeddable":true,"href":"https:\/\/www.fitness-flohmarkt.ch\/fr\/wp-json\/wp\/v2\/product_cat?post=5346"},{"taxonomy":"product_tag","embeddable":true,"href":"https:\/\/www.fitness-flohmarkt.ch\/fr\/wp-json\/wp\/v2\/product_tag?post=5346"}],"curies":[{"name":"wp","href":"https:\/\/api.w.org\/{rel}","templated":true}]}}