{"id":5295,"date":"2025-01-25T16:56:49","date_gmt":"2025-01-25T15:56:49","guid":{"rendered":"https:\/\/www2.fitness-flohmarkt.ch\/produkt\/yogamatte-tpe-eco-friendly\/"},"modified":"2026-04-20T04:27:15","modified_gmt":"2026-04-20T02:27:15","slug":"tapis-de-yoga-tpe-eco-friendly","status":"publish","type":"product","link":"https:\/\/www.fitness-flohmarkt.ch\/fr\/produkt\/yogamatte-tpe-eco-friendly\/","title":{"rendered":"Tapis de yoga TPE | eco-friendly"},"content":{"rendered":"<h3 class=\"\" data-start=\"192\" data-end=\"266\"><strong data-start=\"196\" data-end=\"266\">Tapis de yoga TPE - tapis d'entra\u00eenement \u00e9cologique de 6 mm d'\u00e9paisseur<\/strong><\/h3>\n<p class=\"\" data-start=\"268\" data-end=\"554\">Le tapis de yoga est fabriqu\u00e9 en TPE (\u00e9lastom\u00e8re thermoplastique), un plastique \u00e9cologique qui est biod\u00e9gradable \u00e0 100 %. Avec une \u00e9paisseur de 6 mm, il offre un support \u00e0 la fois agr\u00e9ablement doux et stable pour les exercices au sol dans le domaine du yoga et du pilates.<\/p>\n<p class=\"\" data-start=\"556\" data-end=\"793\">Le tapis est l\u00e9ger, ind\u00e9formable et convient \u00e0 une utilisation r\u00e9guli\u00e8re \u00e0 la maison ou en studio. La surface est facile \u00e0 entretenir et offre un bon soutien pendant les exercices.<\/p>","protected":false},"excerpt":{"rendered":"<p>Tapis de yoga TPE de 6 mm d'\u00e9paisseur. Respectueux de l'environnement, biod\u00e9gradable \u00e0 100 % et antid\u00e9rapant. L\u00e9ger, facile \u00e0 entretenir et id\u00e9al pour le yoga et le pilates. Dimensions : 183 \u00d7 61 cm<\/p>","protected":false},"featured_media":59096,"comment_status":"closed","ping_status":"closed","template":"","meta":{"_acf_changed":false,"_gspb_post_css":""},"product_brand":[1000],"product_cat":[814],"product_tag":[],"class_list":{"0":"post-5295","1":"product","2":"type-product","3":"status-publish","4":"has-post-thumbnail","6":"product_brand-fitcom","7":"product_cat-yogamatte","8":"pa_artikel-pro-verkaufseinheit-1x","9":"pa_breite-61-cm","10":"pa_dicke-6-mm","11":"pa_farbe-gruen","12":"pa_farbe-schwarz","13":"pa_gewicht-0-85-kg","14":"pa_laenge-183-cm","15":"pa_lieferumfang-1x-yogamatte","16":"pa_material-tpe","17":"pa_mattentyp-yogamatte","19":"first","20":"instock","21":"taxable","22":"shipping-taxable","23":"purchasable","24":"product-type-simple"},"bundled_by":[],"bundle_stock_status":"instock","bundle_stock_quantity":267,"bundle_virtual":false,"bundle_layout":"","bundle_add_to_cart_form_location":"","bundle_editable_in_cart":false,"bundle_sold_individually_context":"","bundle_item_grouping":"","bundle_min_size":"","bundle_max_size":"","bundle_price":[],"bundled_items":[],"bundle_sell_ids":[],"acf":[],"df_price":19,"df_sale_price":15,"df_regular_price":19,"df_image_link":"https:\/\/www.fitness-flohmarkt.ch\/wp-content\/uploads\/F-62888_Yogamatte-TPE_0-20250314-110837-300x300.jpg","_links":{"self":[{"href":"https:\/\/www.fitness-flohmarkt.ch\/fr\/wp-json\/wp\/v2\/product\/5295","targetHints":{"allow":["GET"]}}],"collection":[{"href":"https:\/\/www.fitness-flohmarkt.ch\/fr\/wp-json\/wp\/v2\/product"}],"about":[{"href":"https:\/\/www.fitness-flohmarkt.ch\/fr\/wp-json\/wp\/v2\/types\/product"}],"replies":[{"embeddable":true,"href":"https:\/\/www.fitness-flohmarkt.ch\/fr\/wp-json\/wp\/v2\/comments?post=5295"}],"wp:featuredmedia":[{"embeddable":true,"href":"https:\/\/www.fitness-flohmarkt.ch\/fr\/wp-json\/wp\/v2\/media\/59096"}],"wp:attachment":[{"href":"https:\/\/www.fitness-flohmarkt.ch\/fr\/wp-json\/wp\/v2\/media?parent=5295"}],"wp:term":[{"taxonomy":"product_brand","embeddable":true,"href":"https:\/\/www.fitness-flohmarkt.ch\/fr\/wp-json\/wp\/v2\/product_brand?post=5295"},{"taxonomy":"product_cat","embeddable":true,"href":"https:\/\/www.fitness-flohmarkt.ch\/fr\/wp-json\/wp\/v2\/product_cat?post=5295"},{"taxonomy":"product_tag","embeddable":true,"href":"https:\/\/www.fitness-flohmarkt.ch\/fr\/wp-json\/wp\/v2\/product_tag?post=5295"}],"curies":[{"name":"wp","href":"https:\/\/api.w.org\/{rel}","templated":true}]}}