{"id":5261,"date":"2025-01-25T16:56:18","date_gmt":"2025-01-25T15:56:18","guid":{"rendered":"https:\/\/www2.fitness-flohmarkt.ch\/produkt\/keiser-m3i-total-body-trainer\/"},"modified":"2026-03-01T23:13:17","modified_gmt":"2026-03-01T22:13:17","slug":"keiser-m3i-total-body-trainer","status":"publish","type":"product","link":"https:\/\/www.fitness-flohmarkt.ch\/fr\/produkt\/keiser-m3i-total-body-trainer\/","title":{"rendered":"Keiser M3i Total Body Trainer | Entra\u00eenement complet du corps"},"content":{"rendered":"<h2>Le M3i Total Body Trainer - le dernier n\u00e9 de la s\u00e9rie Cardio M de Keiser<\/h2>\n<p>Le M3i Total Body Trainer de KEISER offre \u00e0 l'utilisateur une exp\u00e9rience sans pr\u00e9c\u00e9dent. Le M3i offre le m\u00eame syst\u00e8me de r\u00e9sistance magn\u00e9tique facile \u00e0 utiliser que le v\u00e9lo d'int\u00e9rieur M3i. Il est parfait pour ceux qui souhaitent un entra\u00eenement complet du corps ou qui veulent entra\u00eener s\u00e9par\u00e9ment le haut ou le bas du corps.<\/p>\n<p>Les avantages du Total Body Trainer en un coup d'\u0153il :<\/p>\n<ul>\n<li>\u00a0\u00a0\u00a0 cadre en V pour les utilisateurs de toutes les formes et de toutes les tailles<\/li>\n<li>\u00a0\u00a0\u00a0 r\u00e9sistance magn\u00e9tique pour un entra\u00eenement doux et silencieux<\/li>\n<li>\u00a0\u00a0\u00a0 R\u00e9glage continu de la r\u00e9sistance<\/li>\n<li>\u00a0\u00a0\u00a0 Volant d'inertie arri\u00e8re pour prot\u00e9ger de la sueur et de la corrosion<\/li>\n<li>\u00a0\u00a0\u00a0 Roues de transport pour un d\u00e9placement facile<\/li>\n<li>\u00a0\u00a0\u00a0 Entra\u00eenement par courroie Poly-V \u00e0 tension automatique, n\u00e9cessitant peu d'entretien, pour une grande fiabilit\u00e9 et un entretien r\u00e9duit<\/li>\n<li>\u00a0\u00a0\u00a0 Console intuitive, claire et concise avec cadence, puissance, kcal, fr\u00e9quence cardiaque, temps de parcours, compteur kilom\u00e9trique, distance parcourue et acc\u00e9l\u00e9ration sur un seul \u00e9cran<\/li>\n<li>\u00a0\u00a0\u00a0 Keiser Integrated Technology avec connectivit\u00e9 Bluetooth pour enregistrer et suivre les progr\u00e8s de l'entra\u00eenement \u00e0 l'aide des applications de la s\u00e9rie M<\/li>\n<li>\u00a0\u00a0\u00a0 Boutons de r\u00e9glage robustes n\u00e9cessitant moins d'entretien que les cadenas Camlock<\/li>\n<li>\u00a0\u00a0\u00a0 Selle r\u00e9glable sur quatre positions<\/li>\n<li>\u00a0\u00a0\u00a0 Coussinets stretch et porte-bouteille inclus<\/li>\n<\/ul>","protected":false},"excerpt":{"rendered":"<p>Le M3i Total Body Trainer de KEISER offre \u00e0 l'utilisateur une exp\u00e9rience sans pr\u00e9c\u00e9dent. Le M3i offre le m\u00eame syst\u00e8me de r\u00e9sistance magn\u00e9tique facile \u00e0 utiliser que le v\u00e9lo d'int\u00e9rieur M3i. Il est parfait pour ceux qui souhaitent un entra\u00eenement complet du corps ou qui veulent entra\u00eener s\u00e9par\u00e9ment le haut ou le bas du corps.<\/p>","protected":false},"featured_media":9049444,"comment_status":"closed","ping_status":"closed","template":"","meta":{"_acf_changed":false,"_gspb_post_css":""},"product_brand":[1041],"product_cat":[341,818,304],"product_tag":[],"class_list":{"0":"post-5261","1":"product","2":"type-product","3":"status-publish","4":"has-post-thumbnail","6":"product_brand-keiser","7":"product_cat-bikes-ergometer","8":"product_cat-conditioning","9":"product_cat-reha-physio","10":"product_shipping_class-standard","11":"pa_breite-74-cm","12":"pa_bremssystem-magnetwiderstand","13":"pa_farbe-rot","14":"pa_farbe-schwarz","15":"pa_gewicht-51-kg","16":"pa_hoehe-137-cm","17":"pa_kompatibel-pulsempfaenger-brustgurt-optional","18":"pa_laenge-125-cm","19":"pa_max-belastung-130-kg","20":"pa_transportrollen-ja","22":"first","23":"instock","24":"taxable","25":"shipping-taxable","26":"purchasable","27":"product-type-simple"},"bundled_by":[],"bundle_stock_status":"instock","bundle_stock_quantity":23,"bundle_virtual":false,"bundle_layout":"","bundle_add_to_cart_form_location":"","bundle_editable_in_cart":false,"bundle_sold_individually_context":"","bundle_item_grouping":"","bundle_min_size":"","bundle_max_size":"","bundle_price":[],"bundled_items":[],"bundle_sell_ids":[],"acf":[],"df_price":3490,"df_sale_price":"","df_regular_price":3490,"df_image_link":"https:\/\/www.fitness-flohmarkt.ch\/wp-content\/uploads\/F-38675_Keiser-M3i-Total-Body-Trainer_0-20251009-073049-300x300.jpg","_links":{"self":[{"href":"https:\/\/www.fitness-flohmarkt.ch\/fr\/wp-json\/wp\/v2\/product\/5261","targetHints":{"allow":["GET"]}}],"collection":[{"href":"https:\/\/www.fitness-flohmarkt.ch\/fr\/wp-json\/wp\/v2\/product"}],"about":[{"href":"https:\/\/www.fitness-flohmarkt.ch\/fr\/wp-json\/wp\/v2\/types\/product"}],"replies":[{"embeddable":true,"href":"https:\/\/www.fitness-flohmarkt.ch\/fr\/wp-json\/wp\/v2\/comments?post=5261"}],"wp:featuredmedia":[{"embeddable":true,"href":"https:\/\/www.fitness-flohmarkt.ch\/fr\/wp-json\/wp\/v2\/media\/9049444"}],"wp:attachment":[{"href":"https:\/\/www.fitness-flohmarkt.ch\/fr\/wp-json\/wp\/v2\/media?parent=5261"}],"wp:term":[{"taxonomy":"product_brand","embeddable":true,"href":"https:\/\/www.fitness-flohmarkt.ch\/fr\/wp-json\/wp\/v2\/product_brand?post=5261"},{"taxonomy":"product_cat","embeddable":true,"href":"https:\/\/www.fitness-flohmarkt.ch\/fr\/wp-json\/wp\/v2\/product_cat?post=5261"},{"taxonomy":"product_tag","embeddable":true,"href":"https:\/\/www.fitness-flohmarkt.ch\/fr\/wp-json\/wp\/v2\/product_tag?post=5261"}],"curies":[{"name":"wp","href":"https:\/\/api.w.org\/{rel}","templated":true}]}}