{"id":5215,"date":"2025-01-25T16:54:49","date_gmt":"2025-01-25T15:54:49","guid":{"rendered":"https:\/\/www2.fitness-flohmarkt.ch\/produkt\/soft-jump-box-set\/"},"modified":"2026-04-14T15:10:34","modified_gmt":"2026-04-14T13:10:34","slug":"soft-jump-box-set","status":"publish","type":"product","link":"https:\/\/www.fitness-flohmarkt.ch\/fr\/produkt\/soft-jump-box-set\/","title":{"rendered":"Soft Jump Box Set | 4 pi\u00e8ces"},"content":{"rendered":"<h3 data-start=\"0\" data-end=\"92\"><strong data-start=\"0\" data-end=\"92\">Soft Jump Box Set (4 pi\u00e8ces) - Entra\u00eenement au saut polyvalent et s\u00fbr avec des hauteurs modulables<\/strong><\/h3>\n<p class=\"\" data-start=\"94\" data-end=\"530\">Le set Soft Jump Box, compos\u00e9 de quatre \u00e9l\u00e9ments empilables, permet un entra\u00eenement de saut adaptable aux diff\u00e9rents niveaux d'entra\u00eenement. Les diff\u00e9rentes bo\u00eetes ont une surface de base uniforme de 90 x 75 cm et peuvent \u00eatre reli\u00e9es entre elles en toute s\u00e9curit\u00e9 gr\u00e2ce \u00e0 des fermetures velcro. Les hauteurs sont de 15 cm (6\u2033), 30 cm (12\u2033), 45 cm (18\u2033) et 60 cm (24\u2033), ce qui donne une hauteur totale maximale de 150 cm (59\u2033).<\/p>\n<p class=\"\" data-start=\"532\" data-end=\"845\">Les boxes sont compos\u00e9s d'un noyau en mousse solide et sont recouverts de PVC robuste - pour une longue dur\u00e9e de vie, une bonne stabilit\u00e9 et un risque de blessure r\u00e9duit. Id\u00e9al pour am\u00e9liorer la force de saut, la coordination et la force rapide. Gr\u00e2ce \u00e0 sa construction empilable, le set est peu encombrant et peut \u00eatre utilis\u00e9 de mani\u00e8re flexible.<\/p>","protected":false},"excerpt":{"rendered":"<p>Set modulaire Soft Jump Box avec quatre \u00e9l\u00e9ments empilables (90 x 75 cm) de 15, 30, 45 et 60 cm de hauteur - id\u00e9al pour un entra\u00eenement au saut s\u00fbr et adaptable.<\/p>","protected":false},"featured_media":9013767,"comment_status":"closed","ping_status":"closed","template":"","meta":{"_acf_changed":false,"_gspb_post_css":""},"product_brand":[1000],"product_cat":[818,813,319,304],"product_tag":[],"class_list":{"0":"post-5215","1":"product","2":"type-product","3":"status-publish","4":"has-post-thumbnail","6":"product_brand-fitcom","7":"product_cat-conditioning","8":"product_cat-fg-diverse","9":"product_cat-fitness-zubehoer","10":"product_cat-reha-physio","11":"pa_anzahl-hoehenstufen-1349","12":"pa_artikel-pro-verkaufseinheit-1x","13":"pa_breite-75-cm","14":"pa_farbe-schwarz","15":"pa_fitness-zubehoertyp-step-und-sprungboxen","16":"pa_gewicht-17-kg","17":"pa_griffe-ja","18":"pa_hoehe-150-cm","19":"pa_kernmaterial-schaumstoff","20":"pa_laenge-90-cm","21":"pa_lieferumfang-1x-jump-box-set","22":"pa_max-belastung-150-kg","23":"pa_max-hoehe-150-cm","24":"pa_min-hoehe-15-cm","25":"pa_oberflaeche-pvc","26":"pa_step-sprungboxtyp-plyo-box","27":"pa_verbindungsart-klettverschluss","29":"first","30":"outofstock","31":"taxable","32":"shipping-taxable","33":"purchasable","34":"product-type-simple"},"bundled_by":[],"bundle_stock_status":"outofstock","bundle_stock_quantity":0,"bundle_virtual":false,"bundle_layout":"","bundle_add_to_cart_form_location":"","bundle_editable_in_cart":false,"bundle_sold_individually_context":"","bundle_item_grouping":"","bundle_min_size":"","bundle_max_size":"","bundle_price":[],"bundled_items":[],"bundle_sell_ids":[],"acf":[],"df_price":650,"df_sale_price":"","df_regular_price":650,"df_image_link":"https:\/\/www.fitness-flohmarkt.ch\/wp-content\/uploads\/box_set_1-1-2-300x300.png","_links":{"self":[{"href":"https:\/\/www.fitness-flohmarkt.ch\/fr\/wp-json\/wp\/v2\/product\/5215","targetHints":{"allow":["GET"]}}],"collection":[{"href":"https:\/\/www.fitness-flohmarkt.ch\/fr\/wp-json\/wp\/v2\/product"}],"about":[{"href":"https:\/\/www.fitness-flohmarkt.ch\/fr\/wp-json\/wp\/v2\/types\/product"}],"replies":[{"embeddable":true,"href":"https:\/\/www.fitness-flohmarkt.ch\/fr\/wp-json\/wp\/v2\/comments?post=5215"}],"wp:featuredmedia":[{"embeddable":true,"href":"https:\/\/www.fitness-flohmarkt.ch\/fr\/wp-json\/wp\/v2\/media\/9013767"}],"wp:attachment":[{"href":"https:\/\/www.fitness-flohmarkt.ch\/fr\/wp-json\/wp\/v2\/media?parent=5215"}],"wp:term":[{"taxonomy":"product_brand","embeddable":true,"href":"https:\/\/www.fitness-flohmarkt.ch\/fr\/wp-json\/wp\/v2\/product_brand?post=5215"},{"taxonomy":"product_cat","embeddable":true,"href":"https:\/\/www.fitness-flohmarkt.ch\/fr\/wp-json\/wp\/v2\/product_cat?post=5215"},{"taxonomy":"product_tag","embeddable":true,"href":"https:\/\/www.fitness-flohmarkt.ch\/fr\/wp-json\/wp\/v2\/product_tag?post=5215"}],"curies":[{"name":"wp","href":"https:\/\/api.w.org\/{rel}","templated":true}]}}