{"id":5198,"date":"2025-01-25T16:54:21","date_gmt":"2025-01-25T15:54:21","guid":{"rendered":"https:\/\/www2.fitness-flohmarkt.ch\/produkt\/fitnessboden-100-x-100-x-1-5\/"},"modified":"2026-04-10T11:18:57","modified_gmt":"2026-04-10T09:18:57","slug":"sol-de-fitness-100-x-100-x-1-5","status":"publish","type":"product","link":"https:\/\/www.fitness-flohmarkt.ch\/fr\/produkt\/fitnessboden-100-x-100-x-1-5\/","title":{"rendered":"Tapis de sol en caoutchouc 100 x 100 x 1.5 cm | Sol de fitness"},"content":{"rendered":"<h3>Sol de fitness en caoutchouc 100 x 100 x 1,5 cm - antid\u00e9rapant, absorbe les chocs et facile d'entretien<\/h3>\n<p class=\"whitespace-normal break-words\">Le sol de fitness noir en caoutchouc de 100 x 100 x 1,5 cm est bien adapt\u00e9 \u00e0 l'entra\u00eenement \u00e0 domicile. Le mat\u00e9riau en caoutchouc offre un bon amortissement des chocs et prot\u00e8ge le sol contre les dommages. La surface antid\u00e9rapante permet de s'entra\u00eener en toute s\u00e9curit\u00e9.<\/p>\n<p class=\"whitespace-normal break-words\">Gr\u00e2ce au design carr\u00e9 pratique, le sol est facile \u00e0 installer et la surface peut \u00eatre agrandie selon les besoins. Le sol de fitness est facile \u00e0 entretenir et r\u00e9siste \u00e0 la transpiration et \u00e0 l'humidit\u00e9. Id\u00e9al pour l'entra\u00eenement \u00e0 la maison, ce sol de fitness en caoutchouc noir offre des conditions solides pour tes entra\u00eenements.<\/p>\n<p><strong>Remarque :<\/strong> Prix \u00e0 l'unit\u00e9.<\/p>\n<p><strong>Ce sol est con\u00e7u comme une solution d'entr\u00e9e de gamme \u00e9conomique. Il peut y avoir de l\u00e9g\u00e8res diff\u00e9rences de taille qui peuvent entra\u00eener des irr\u00e9gularit\u00e9s lors de la pose. C'est tout \u00e0 fait normal et cela n'affecte pas la fonctionnalit\u00e9. Si tu souhaites une pr\u00e9cision maximale, tu trouveras la solution optimale avec notre syst\u00e8me de sol Connect+.<\/strong><\/p>","protected":false},"excerpt":{"rendered":"<p>Sol de fitness noir (100 x 100 x 1,5 cm) en caoutchouc : amortit les chocs, antid\u00e9rapant &amp; facile \u00e0 nettoyer. Mod\u00e8le d'entr\u00e9e de gamme pour les salles d'entra\u00eenement, r\u00e9duit les risques de blessures. Convient pour l'entra\u00eenement \u00e0 la maison.<\/p>","protected":false},"featured_media":9049052,"comment_status":"closed","ping_status":"closed","template":"","meta":{"_acf_changed":false,"_gspb_post_css":""},"product_brand":[1000],"product_cat":[804,331],"product_tag":[],"class_list":{"0":"post-5198","1":"product","2":"type-product","3":"status-publish","4":"has-post-thumbnail","6":"product_brand-fitcom","7":"product_cat-fitness-bodenschutzmatte","8":"product_cat-weightlifting","9":"product_shipping_class-nicht-stapelbar","10":"pa_anzahl-verpackungseinheit-689","11":"pa_artikel-pro-verkaufseinheit-1x","12":"pa_breite-100-cm","13":"pa_dicke-15-mm","14":"pa_farbe-schwarz","15":"pa_fitnessbodentyp-einzelne-matte","16":"pa_geraeuschdaempfend-ja","17":"pa_gewicht-13-kg","18":"pa_haertegrad-hart","19":"pa_laenge-100-cm","20":"pa_lieferumfang-1x-bodenplatte","21":"pa_material-gummi","22":"pa_shock-absorption-system-ja","23":"pa_verbindungsart-keine","25":"first","26":"instock","27":"taxable","28":"shipping-taxable","29":"purchasable","30":"product-type-simple"},"bundled_by":[],"bundle_stock_status":"instock","bundle_stock_quantity":625,"bundle_virtual":false,"bundle_layout":"","bundle_add_to_cart_form_location":"","bundle_editable_in_cart":false,"bundle_sold_individually_context":"","bundle_item_grouping":"","bundle_min_size":"","bundle_max_size":"","bundle_price":[],"bundled_items":[],"bundle_sell_ids":[],"acf":[],"df_price":35,"df_sale_price":"","df_regular_price":35,"df_image_link":"https:\/\/www.fitness-flohmarkt.ch\/wp-content\/uploads\/F-98166_Fitnessboden-100-x-100-x-1.5_0-20251008-113355-300x300.jpg","_links":{"self":[{"href":"https:\/\/www.fitness-flohmarkt.ch\/fr\/wp-json\/wp\/v2\/product\/5198","targetHints":{"allow":["GET"]}}],"collection":[{"href":"https:\/\/www.fitness-flohmarkt.ch\/fr\/wp-json\/wp\/v2\/product"}],"about":[{"href":"https:\/\/www.fitness-flohmarkt.ch\/fr\/wp-json\/wp\/v2\/types\/product"}],"replies":[{"embeddable":true,"href":"https:\/\/www.fitness-flohmarkt.ch\/fr\/wp-json\/wp\/v2\/comments?post=5198"}],"wp:featuredmedia":[{"embeddable":true,"href":"https:\/\/www.fitness-flohmarkt.ch\/fr\/wp-json\/wp\/v2\/media\/9049052"}],"wp:attachment":[{"href":"https:\/\/www.fitness-flohmarkt.ch\/fr\/wp-json\/wp\/v2\/media?parent=5198"}],"wp:term":[{"taxonomy":"product_brand","embeddable":true,"href":"https:\/\/www.fitness-flohmarkt.ch\/fr\/wp-json\/wp\/v2\/product_brand?post=5198"},{"taxonomy":"product_cat","embeddable":true,"href":"https:\/\/www.fitness-flohmarkt.ch\/fr\/wp-json\/wp\/v2\/product_cat?post=5198"},{"taxonomy":"product_tag","embeddable":true,"href":"https:\/\/www.fitness-flohmarkt.ch\/fr\/wp-json\/wp\/v2\/product_tag?post=5198"}],"curies":[{"name":"wp","href":"https:\/\/api.w.org\/{rel}","templated":true}]}}