{"id":5115,"date":"2025-01-25T16:52:06","date_gmt":"2025-01-25T15:52:06","guid":{"rendered":"https:\/\/www2.fitness-flohmarkt.ch\/produkt\/hex-trap-bar-50mm\/"},"modified":"2026-05-15T12:53:35","modified_gmt":"2026-05-15T10:53:35","slug":"hex-trap-bar-50mm","status":"publish","type":"product","link":"https:\/\/www.fitness-flohmarkt.ch\/fr\/produkt\/hex-trap-bar-50mm\/","title":{"rendered":"Hex Trap Bar 50 mm | Barre d'halt\u00e8re Hex"},"content":{"rendered":"<h3 data-start=\"136\" data-end=\"216\"><strong data-start=\"136\" data-end=\"216\">Trap Bar 50 mm - entra\u00eenement de musculation m\u00e9nageant le dos avec une r\u00e9partition optimale de la charge<\/strong><\/h3>\n<p class=\"\" data-start=\"218\" data-end=\"638\">Cette barre trap robuste avec un poids propre de 25 kg et un diam\u00e8tre de r\u00e9ception de 50 mm est id\u00e9ale pour un entra\u00eenement de force cibl\u00e9 comme les deadlifts ou les squats. Gr\u00e2ce \u00e0 sa construction hexagonale, l'athl\u00e8te se trouve au centre de l'halt\u00e8re - les poids mont\u00e9s sur les c\u00f4t\u00e9s assurent une r\u00e9partition centrale de la charge. Cela soulage la colonne vert\u00e9brale et les articulations et rend l'ex\u00e9cution des exercices non seulement plus s\u00fbre, mais aussi plus efficace.<\/p>\n<p class=\"\" data-start=\"640\" data-end=\"990\">Les poign\u00e9es inclin\u00e9es avec moletage antid\u00e9rapant permettent de s'entra\u00eener en prise neutre - une position de prise qui m\u00e9nage les poignets et les \u00e9paules et qui est particuli\u00e8rement utile pour apprendre la technique correcte du Deadlift. La position l\u00e9g\u00e8rement sur\u00e9lev\u00e9e de la poign\u00e9e facilite en outre le soul\u00e8vement du poids et r\u00e9duit la charge sur le bas du dos.<\/p>\n<p class=\"\" data-start=\"992\" data-end=\"1258\">Avec une longueur de 183 cm, une capacit\u00e9 de charge maximale de 500 kg et une construction en acier chrom\u00e9 de haute qualit\u00e9, cette Hex Bar offre les meilleures conditions pour un entra\u00eenement intensif et durable - aussi bien dans un gymnase \u00e0 domicile que dans un studio professionnel.<\/p>","protected":false},"excerpt":{"rendered":"<p>50 mm Trap Bar 25 kg : acier robuste, chrom\u00e9, avec un poids net de 25 kg. 185 cm de longueur, pour des poids d'entra\u00eenement jusqu'\u00e0 500 kg.  Logements de 25 cm pour un maintien s\u00fbr des disques.<\/p>","protected":false},"featured_media":9054016,"comment_status":"closed","ping_status":"closed","template":"","meta":{"_acf_changed":false,"_gspb_post_css":""},"product_brand":[1000],"product_cat":[839],"product_tag":[],"class_list":{"0":"post-5115","1":"product","2":"type-product","3":"status-publish","4":"has-post-thumbnail","6":"product_brand-fitcom","7":"product_cat-50mm-hantelstangen","8":"product_shipping_class-hantelstange","9":"pa_abwurffaehig-nein","10":"pa_artikel-pro-verkaufseinheit-1x","11":"pa_durchmesser-50-mm","12":"pa_farbe-chrom","13":"pa_gewicht-25-kg","14":"pa_griffdurchmesser-25-mm","15":"pa_griffinnenmass-79-cm","16":"pa_griffumfang-79-mm","17":"pa_griffweitenmarkierung-nein","18":"pa_hantelstangentyp-langhantelstange","19":"pa_hantelverschluss-keine","20":"pa_laenge-185-cm","21":"pa_lieferumfang-1x-hantelstange","22":"pa_material-stahl-verchromt","23":"pa_max-belastung-500-kg","25":"first","26":"instock","27":"taxable","28":"shipping-taxable","29":"purchasable","30":"product-type-simple"},"bundled_by":[],"bundle_stock_status":"instock","bundle_stock_quantity":31,"bundle_virtual":false,"bundle_layout":"","bundle_add_to_cart_form_location":"","bundle_editable_in_cart":false,"bundle_sold_individually_context":"","bundle_item_grouping":"","bundle_min_size":"","bundle_max_size":"","bundle_price":[],"bundled_items":[],"bundle_sell_ids":[],"acf":[],"df_price":145,"df_sale_price":"","df_regular_price":145,"df_image_link":"https:\/\/www.fitness-flohmarkt.ch\/wp-content\/uploads\/F-32368_Hex-Trap-Bar-50-mm_0-20251204-141025-300x300.jpg","_links":{"self":[{"href":"https:\/\/www.fitness-flohmarkt.ch\/fr\/wp-json\/wp\/v2\/product\/5115","targetHints":{"allow":["GET"]}}],"collection":[{"href":"https:\/\/www.fitness-flohmarkt.ch\/fr\/wp-json\/wp\/v2\/product"}],"about":[{"href":"https:\/\/www.fitness-flohmarkt.ch\/fr\/wp-json\/wp\/v2\/types\/product"}],"replies":[{"embeddable":true,"href":"https:\/\/www.fitness-flohmarkt.ch\/fr\/wp-json\/wp\/v2\/comments?post=5115"}],"wp:featuredmedia":[{"embeddable":true,"href":"https:\/\/www.fitness-flohmarkt.ch\/fr\/wp-json\/wp\/v2\/media\/9054016"}],"wp:attachment":[{"href":"https:\/\/www.fitness-flohmarkt.ch\/fr\/wp-json\/wp\/v2\/media?parent=5115"}],"wp:term":[{"taxonomy":"product_brand","embeddable":true,"href":"https:\/\/www.fitness-flohmarkt.ch\/fr\/wp-json\/wp\/v2\/product_brand?post=5115"},{"taxonomy":"product_cat","embeddable":true,"href":"https:\/\/www.fitness-flohmarkt.ch\/fr\/wp-json\/wp\/v2\/product_cat?post=5115"},{"taxonomy":"product_tag","embeddable":true,"href":"https:\/\/www.fitness-flohmarkt.ch\/fr\/wp-json\/wp\/v2\/product_tag?post=5115"}],"curies":[{"name":"wp","href":"https:\/\/api.w.org\/{rel}","templated":true}]}}