{"id":5110,"date":"2025-01-25T16:51:46","date_gmt":"2025-01-25T15:51:46","guid":{"rendered":"https:\/\/www2.fitness-flohmarkt.ch\/produkt\/single-squat-stands-staender-freistehend\/"},"modified":"2026-05-05T13:14:34","modified_gmt":"2026-05-05T11:14:34","slug":"single-squat-stands-stand-stand-libre","status":"publish","type":"product","link":"https:\/\/www.fitness-flohmarkt.ch\/fr\/produkt\/single-squat-stands-staender-freistehend\/","title":{"rendered":"Single Squat Stands | Supports ind\u00e9pendants"},"content":{"rendered":"<h3 data-start=\"0\" data-end=\"95\"><strong data-start=\"19\" data-end=\"93\">Single Squat Stands - support d'halt\u00e8res autonome pour un entra\u00eenement flexible<\/strong><\/h3>\n<p class=\"\" data-start=\"97\" data-end=\"459\">Les Single Squat Stands offrent une solution stable et peu encombrante pour l'entra\u00eenement des halt\u00e8res. Les supports ind\u00e9pendants sont parfaits pour les squats, le d\u00e9velopp\u00e9 couch\u00e9 ou les \u00e9paul\u00e9s et peuvent \u00eatre plac\u00e9s individuellement dans la pi\u00e8ce. Gr\u00e2ce \u00e0 leur conception compacte et \u00e0 leur propre poids de 45 kg par paire, ils restent stables et s\u00fbrs, m\u00eame lors d'entra\u00eenements intensifs.<\/p>\n<p class=\"\" data-start=\"461\" data-end=\"808\">Les tablettes sont r\u00e9glables en hauteur et permettent une adaptation flexible \u00e0 diff\u00e9rents exercices. La hauteur maximale du support d'halt\u00e8res est de 169 cm. Fabriqu\u00e9s en acier robuste rev\u00eatu par poudre en noir, les supports supportent des charges allant jusqu'\u00e0 250 kg et sont donc \u00e9galement adapt\u00e9s \u00e0 un entra\u00eenement de musculation intensif.<\/p>\n<p class=\"\" data-start=\"810\" data-end=\"1116\">Chaque support mesure 66 cm de large et 64 cm de profondeur. Les colonnes verticales (uprights) ont une section de 6 x 6 cm. Le diam\u00e8tre des trous pour le r\u00e9glage de la hauteur est de 13 mm. Les Single Squat Stands sont un choix id\u00e9al pour tous ceux qui ne veulent pas renoncer \u00e0 un entra\u00eenement fonctionnel et s\u00fbr malgr\u00e9 un espace limit\u00e9.<\/p>\n<p class=\"\" data-start=\"1118\" data-end=\"1151\"><strong data-start=\"1118\" data-end=\"1130\">Remarque :<\/strong> Le prix est par paire.<\/p>","protected":false},"excerpt":{"rendered":"<p>Single Squat Stands : support pour halt\u00e8res ind\u00e9pendant, r\u00e9glable en hauteur, en acier noir rev\u00eatu par poudre. Capacit\u00e9 de charge jusqu'\u00e0 250 kg, poids propre 45 kg. Dimensions par support : 66 x 64 cm, uprights : 6 x 6 cm, diam\u00e8tre des trous : 13 mm. Stable, peu encombrant et flexible dans son utilisation.<\/p>","protected":false},"featured_media":58932,"comment_status":"closed","ping_status":"closed","template":"","meta":{"_acf_changed":false,"_gspb_post_css":""},"product_brand":[1000],"product_cat":[332,356],"product_tag":[],"class_list":{"0":"post-5110","1":"product","2":"type-product","3":"status-publish","4":"has-post-thumbnail","6":"product_brand-fitcom","7":"product_cat-hantelstaender","8":"product_cat-racks","9":"product_shipping_class-standard","10":"pa_ablage-gummiert-ja","11":"pa_artikel-pro-verkaufseinheit-1x","12":"pa_breite-66-cm","13":"pa_farbe-schwarz","14":"pa_hanteltyp-hantelstange","15":"pa_hoehe-verstellbar","16":"pa_kernmaterial-stahl","17":"pa_lieferumfang-2x-single-squat-stand","18":"pa_lochdurchmesser-13-mm","19":"pa_max-belastung-250-kg","20":"pa_oberflaeche-pulverbeschichtet","21":"pa_staendertyp-hantelstangenstaender","22":"pa_tiefe-64-cm","24":"first","25":"outofstock","26":"taxable","27":"shipping-taxable","28":"purchasable","29":"product-type-simple"},"bundled_by":[],"bundle_stock_status":"outofstock","bundle_stock_quantity":0,"bundle_virtual":false,"bundle_layout":"","bundle_add_to_cart_form_location":"","bundle_editable_in_cart":false,"bundle_sold_individually_context":"","bundle_item_grouping":"","bundle_min_size":"","bundle_max_size":"","bundle_price":[],"bundled_items":[],"bundle_sell_ids":[],"acf":[],"df_price":245,"df_sale_price":"","df_regular_price":245,"df_image_link":"https:\/\/www.fitness-flohmarkt.ch\/wp-content\/uploads\/F-66444_Single-Squat-Stands-Staender-freistehend_0-20250314-110303-300x300.jpg","_links":{"self":[{"href":"https:\/\/www.fitness-flohmarkt.ch\/fr\/wp-json\/wp\/v2\/product\/5110","targetHints":{"allow":["GET"]}}],"collection":[{"href":"https:\/\/www.fitness-flohmarkt.ch\/fr\/wp-json\/wp\/v2\/product"}],"about":[{"href":"https:\/\/www.fitness-flohmarkt.ch\/fr\/wp-json\/wp\/v2\/types\/product"}],"replies":[{"embeddable":true,"href":"https:\/\/www.fitness-flohmarkt.ch\/fr\/wp-json\/wp\/v2\/comments?post=5110"}],"wp:featuredmedia":[{"embeddable":true,"href":"https:\/\/www.fitness-flohmarkt.ch\/fr\/wp-json\/wp\/v2\/media\/58932"}],"wp:attachment":[{"href":"https:\/\/www.fitness-flohmarkt.ch\/fr\/wp-json\/wp\/v2\/media?parent=5110"}],"wp:term":[{"taxonomy":"product_brand","embeddable":true,"href":"https:\/\/www.fitness-flohmarkt.ch\/fr\/wp-json\/wp\/v2\/product_brand?post=5110"},{"taxonomy":"product_cat","embeddable":true,"href":"https:\/\/www.fitness-flohmarkt.ch\/fr\/wp-json\/wp\/v2\/product_cat?post=5110"},{"taxonomy":"product_tag","embeddable":true,"href":"https:\/\/www.fitness-flohmarkt.ch\/fr\/wp-json\/wp\/v2\/product_tag?post=5110"}],"curies":[{"name":"wp","href":"https:\/\/api.w.org\/{rel}","templated":true}]}}