{"id":5036,"date":"2025-01-25T16:49:21","date_gmt":"2025-01-25T15:49:21","guid":{"rendered":"https:\/\/www2.fitness-flohmarkt.ch\/produkt\/rack-bumperplates-scheibenstaender\/"},"modified":"2026-03-24T17:50:20","modified_gmt":"2026-03-24T16:50:20","slug":"rack-bumperplates-range-disques","status":"publish","type":"product","link":"https:\/\/www.fitness-flohmarkt.ch\/fr\/produkt\/rack-bumperplates-scheibenstaender\/","title":{"rendered":"Rack Bumperplates | Supports de disques"},"content":{"rendered":"<h3 data-start=\"0\" data-end=\"444\"><strong data-start=\"19\" data-end=\"101\">Bumper Plates Rack - support de disques avec roulettes pour un rangement structur\u00e9<\/strong><\/h3>\n<p class=\"\" data-start=\"0\" data-end=\"444\">Le support pour disques d'halt\u00e8res avec roulettes est une solution fonctionnelle pour le stockage peu encombrant des bumper plates. Fabriqu\u00e9 en qualit\u00e9 professionnelle de studio, il est adapt\u00e9 \u00e0 une utilisation intensive dans le domaine de l'entra\u00eenement. Huit compartiments s\u00e9par\u00e9s de 10 cm de large chacun permettent de trier de mani\u00e8re ordonn\u00e9e les diff\u00e9rents disques de poids.<\/p>\n<p class=\"\" data-start=\"446\" data-end=\"745\">Avec une largeur de 133 cm et une profondeur de 49 cm, le support offre suffisamment d'espace sans prendre de place inutilement. Les roulettes int\u00e9gr\u00e9es assurent la mobilit\u00e9, ce qui permet d'adapter l'emplacement de mani\u00e8re flexible, que ce soit dans un studio ou dans un gymnase \u00e0 domicile. La capacit\u00e9 de charge maximale est de 200 kg.<\/p>\n<p class=\"\" data-start=\"747\" data-end=\"857\">Un syst\u00e8me de rangement solide pour tous ceux qui attachent de l'importance \u00e0 l'ordre, \u00e0 la clart\u00e9 et \u00e0 la mobilit\u00e9 pendant l'entra\u00eenement.<\/p>\n<p class=\"\" data-start=\"859\" data-end=\"926\"><strong data-start=\"859\" data-end=\"871\">Remarque :<\/strong> Les disques d'halt\u00e8res ne sont pas inclus dans la livraison.<\/p>","protected":false},"excerpt":{"rendered":"<p>Bumper Plates Rack - support pour disques d'halt\u00e8res avec roulettes : support \u00e0 8 compartiments pour un stockage structur\u00e9 des Bumper Plates. Laqu\u00e9 noir, avec 133 cm de largeur, 49 cm de profondeur. Compartiments de rangement de 10 cm de large chacun. Mobile gr\u00e2ce aux roulettes int\u00e9gr\u00e9es. Charge maximale. Capacit\u00e9 de charge : 200 kg. Peu encombrant, fonctionnel et flexible.<\/p>","protected":false},"featured_media":58864,"comment_status":"closed","ping_status":"closed","template":"","meta":{"_acf_changed":false,"_gspb_post_css":""},"product_brand":[1000],"product_cat":[332,331],"product_tag":[],"class_list":{"0":"post-5036","1":"product","2":"type-product","3":"status-publish","4":"has-post-thumbnail","6":"product_brand-fitcom","7":"product_cat-hantelstaender","8":"product_cat-weightlifting","9":"pa_ablage-gummiert-nein","10":"pa_artikel-pro-verkaufseinheit-1x","11":"pa_breite-133-cm","12":"pa_farbe-schwarz","13":"pa_gewicht-19-kg","14":"pa_hanteltyp-hantelscheiben","15":"pa_hoehe-33-cm","16":"pa_kernmaterial-metall","17":"pa_lieferumfang-1x-hantelscheibenstaender","18":"pa_max-belastung-200-kg","19":"pa_oberflaeche-pulverbeschichtet","20":"pa_staendertyp-hantelstaender","21":"pa_tiefe-49-cm","23":"first","24":"instock","25":"taxable","26":"shipping-taxable","27":"purchasable","28":"product-type-simple"},"bundled_by":[],"bundle_stock_status":"instock","bundle_stock_quantity":19,"bundle_virtual":false,"bundle_layout":"","bundle_add_to_cart_form_location":"","bundle_editable_in_cart":false,"bundle_sold_individually_context":"","bundle_item_grouping":"","bundle_min_size":"","bundle_max_size":"","bundle_price":[],"bundled_items":[],"bundle_sell_ids":[],"acf":[],"df_price":120,"df_sale_price":"","df_regular_price":120,"df_image_link":"https:\/\/www.fitness-flohmarkt.ch\/wp-content\/uploads\/F-18991_Scheibenstaender-Bumperplates_0-20250314-105951-300x300.jpg","_links":{"self":[{"href":"https:\/\/www.fitness-flohmarkt.ch\/fr\/wp-json\/wp\/v2\/product\/5036","targetHints":{"allow":["GET"]}}],"collection":[{"href":"https:\/\/www.fitness-flohmarkt.ch\/fr\/wp-json\/wp\/v2\/product"}],"about":[{"href":"https:\/\/www.fitness-flohmarkt.ch\/fr\/wp-json\/wp\/v2\/types\/product"}],"replies":[{"embeddable":true,"href":"https:\/\/www.fitness-flohmarkt.ch\/fr\/wp-json\/wp\/v2\/comments?post=5036"}],"wp:featuredmedia":[{"embeddable":true,"href":"https:\/\/www.fitness-flohmarkt.ch\/fr\/wp-json\/wp\/v2\/media\/58864"}],"wp:attachment":[{"href":"https:\/\/www.fitness-flohmarkt.ch\/fr\/wp-json\/wp\/v2\/media?parent=5036"}],"wp:term":[{"taxonomy":"product_brand","embeddable":true,"href":"https:\/\/www.fitness-flohmarkt.ch\/fr\/wp-json\/wp\/v2\/product_brand?post=5036"},{"taxonomy":"product_cat","embeddable":true,"href":"https:\/\/www.fitness-flohmarkt.ch\/fr\/wp-json\/wp\/v2\/product_cat?post=5036"},{"taxonomy":"product_tag","embeddable":true,"href":"https:\/\/www.fitness-flohmarkt.ch\/fr\/wp-json\/wp\/v2\/product_tag?post=5036"}],"curies":[{"name":"wp","href":"https:\/\/api.w.org\/{rel}","templated":true}]}}