{"id":5015,"date":"2025-01-25T16:48:55","date_gmt":"2025-01-25T15:48:55","guid":{"rendered":"https:\/\/www2.fitness-flohmarkt.ch\/produkt\/langhantelstange-olympia-15-kg\/"},"modified":"2026-04-13T10:25:23","modified_gmt":"2026-04-13T08:25:23","slug":"barre-dhaltere-longue-olympia-15-kg","status":"publish","type":"product","link":"https:\/\/www.fitness-flohmarkt.ch\/fr\/produkt\/langhantelstange-olympia-15-kg\/","title":{"rendered":"Ladybar 15 kg Olympia 50 mm | Women Olympic Bar"},"content":{"rendered":"<h3 data-start=\"207\" data-end=\"285\"><strong data-start=\"207\" data-end=\"285\">Halt\u00e8re long Olympia Ladybar 200 cm - Ladybar 15 kg pour l'halt\u00e9rophilie professionnelle<\/strong><\/h3>\n<p class=\"\" data-start=\"287\" data-end=\"655\">La Ladybar, qui p\u00e8se 15 kg et mesure 200 cm de long, a \u00e9t\u00e9 sp\u00e9cialement con\u00e7ue pour l'halt\u00e9rophilie olympique et r\u00e9pond aux exigences les plus \u00e9lev\u00e9es, que ce soit en studio ou en comp\u00e9tition. Fabriqu\u00e9e en acier \u00e0 ressort de haute qualit\u00e9 et avec une capacit\u00e9 de charge maximale impressionnante de 500 kg, elle offre les conditions id\u00e9ales pour un entra\u00eenement intensif et ax\u00e9 sur la performance.<\/p>\n<p class=\"\" data-start=\"657\" data-end=\"990\">Avec un diam\u00e8tre de poign\u00e9e de 25 mm, la barre est particuli\u00e8rement agr\u00e9able \u00e0 prendre en main - parfaitement adapt\u00e9e aux besoins de nombreuses athl\u00e8tes. Le moletage travaill\u00e9 avec pr\u00e9cision, combin\u00e9 aux marques IWF pour le snatch, le clean et le jerk, assure une adh\u00e9rence optimale et un alignement pr\u00e9cis de la prise pour tous les lifts olympiques.<\/p>\n<p class=\"\" data-start=\"992\" data-end=\"1312\">La barre d'halt\u00e8res longue \u00e0 lancer est \u00e9quip\u00e9e d'un roulement \u00e0 aiguilles de haute qualit\u00e9 qui permet une rotation souple des prises de poids - particuli\u00e8rement important pour les mouvements rapides et explosifs comme Clean &amp; Jerk. Ainsi, les poignets sont soulag\u00e9s et l'ex\u00e9cution du mouvement reste fluide et contr\u00f4l\u00e9e.<\/p>\n<p class=\"\" data-start=\"1314\" data-end=\"1589\">Avec un diam\u00e8tre de r\u00e9ception de 50 mm, la barre est compatible avec tous les disques d'halt\u00e8res courants de 50 mm. La barre de poign\u00e9e est r\u00e9sistante, finie Black Chrome et con\u00e7ue pour une utilisation commerciale - id\u00e9ale pour les studios professionnels ou les gymnases \u00e0 domicile ambitieux.<\/p>\n<p class=\"\" data-start=\"1591\" data-end=\"1700\">Que ce soit en comp\u00e9tition ou lors de l'entra\u00eenement quotidien, le Ladybar offre pr\u00e9cision, qualit\u00e9 et performance en m\u00eame temps.<\/p>","protected":false},"excerpt":{"rendered":"<p>50 mm Olympia Ladybar 200 cm : acier \u00e0 ressort robuste, chrom\u00e9, avec un poids propre de 15 kg. Longueur de 200 cm, pour des poids d'entra\u00eenement jusqu'\u00e0 350 kg. Roulements \u00e0 aiguilles pour une rotation fluide. Marquage IWF pour une position pr\u00e9cise de la poign\u00e9e.<\/p>","protected":false},"featured_media":9049007,"comment_status":"closed","ping_status":"closed","template":"","meta":{"_acf_changed":false,"_gspb_post_css":""},"product_brand":[1000],"product_cat":[839,331],"product_tag":[],"class_list":{"0":"post-5015","1":"product","2":"type-product","3":"status-publish","4":"has-post-thumbnail","6":"product_brand-fitcom","7":"product_cat-50mm-hantelstangen","8":"product_cat-weightlifting","9":"product_shipping_class-hantelstange","10":"pa_abwurffaehig-ja","11":"pa_artikel-pro-verkaufseinheit-1x","12":"pa_durchmesser-50-mm","13":"pa_farbe-chrom","14":"pa_gewicht-15-kg","15":"pa_griffdurchmesser-25-mm","16":"pa_griffinnenmass-131-cm","17":"pa_griffumfang-79-mm","18":"pa_griffweitenmarkierung-ja","19":"pa_hantelstangentyp-langhantelstange","20":"pa_hantelverschluss-keine","21":"pa_laenge-200-cm","22":"pa_lagerung-nadellager-needle-bearings","23":"pa_lieferumfang-1x-hantelstange","24":"pa_material-federstahl","25":"pa_max-belastung-350-kg","27":"first","28":"instock","29":"taxable","30":"shipping-taxable","31":"purchasable","32":"product-type-simple"},"bundled_by":[],"bundle_stock_status":"instock","bundle_stock_quantity":45,"bundle_virtual":false,"bundle_layout":"","bundle_add_to_cart_form_location":"","bundle_editable_in_cart":false,"bundle_sold_individually_context":"","bundle_item_grouping":"","bundle_min_size":"","bundle_max_size":"","bundle_price":[],"bundled_items":[],"bundle_sell_ids":[],"acf":[],"df_price":180,"df_sale_price":"","df_regular_price":180,"df_image_link":"https:\/\/www.fitness-flohmarkt.ch\/wp-content\/uploads\/F-68148_Langhantelstange-Olympia-15-kg_0-20251008-111451-300x300.jpg","_links":{"self":[{"href":"https:\/\/www.fitness-flohmarkt.ch\/fr\/wp-json\/wp\/v2\/product\/5015","targetHints":{"allow":["GET"]}}],"collection":[{"href":"https:\/\/www.fitness-flohmarkt.ch\/fr\/wp-json\/wp\/v2\/product"}],"about":[{"href":"https:\/\/www.fitness-flohmarkt.ch\/fr\/wp-json\/wp\/v2\/types\/product"}],"replies":[{"embeddable":true,"href":"https:\/\/www.fitness-flohmarkt.ch\/fr\/wp-json\/wp\/v2\/comments?post=5015"}],"wp:featuredmedia":[{"embeddable":true,"href":"https:\/\/www.fitness-flohmarkt.ch\/fr\/wp-json\/wp\/v2\/media\/9049007"}],"wp:attachment":[{"href":"https:\/\/www.fitness-flohmarkt.ch\/fr\/wp-json\/wp\/v2\/media?parent=5015"}],"wp:term":[{"taxonomy":"product_brand","embeddable":true,"href":"https:\/\/www.fitness-flohmarkt.ch\/fr\/wp-json\/wp\/v2\/product_brand?post=5015"},{"taxonomy":"product_cat","embeddable":true,"href":"https:\/\/www.fitness-flohmarkt.ch\/fr\/wp-json\/wp\/v2\/product_cat?post=5015"},{"taxonomy":"product_tag","embeddable":true,"href":"https:\/\/www.fitness-flohmarkt.ch\/fr\/wp-json\/wp\/v2\/product_tag?post=5015"}],"curies":[{"name":"wp","href":"https:\/\/api.w.org\/{rel}","templated":true}]}}