{"id":4863,"date":"2025-01-25T16:45:41","date_gmt":"2025-01-25T15:45:41","guid":{"rendered":"https:\/\/www2.fitness-flohmarkt.ch\/produkt\/lock-jaw-barbell-collar-verschluesse-50mm\/"},"modified":"2026-04-15T12:51:09","modified_gmt":"2026-04-15T10:51:09","slug":"lock-jaw-barbell-collar-fermetures-50mm","status":"publish","type":"product","link":"https:\/\/www.fitness-flohmarkt.ch\/fr\/produkt\/lock-jaw-barbell-collar-verschluesse-50mm\/","title":{"rendered":"Lock Jaw | Bouchons Barbell Collar 50 mm"},"content":{"rendered":"<h3><strong>Lock Jaw fermeture rapide - rapide et fiable pour les plus hautes exigences<\/strong><b><br \/>\n<\/b><\/h3>\n<p><span style=\"font-weight: 400\">Les fixations rapides Lock Jaw Pro offrent une fixation rapide, s\u00fbre et fiable des disques d'halt\u00e8res. Avec un diam\u00e8tre int\u00e9rieur de 50 mm, ils sont compatibles avec toutes les barres d'halt\u00e8res Olympia et les supports courants avec un al\u00e9sage de 50 mm. Le m\u00e9canisme innovant assure un blocage ferme, m\u00eame avec des poids d'entra\u00eenement \u00e9lev\u00e9s, et peut \u00eatre utilis\u00e9 sans probl\u00e8me m\u00eame avec des gants.<\/span><\/p>\n<p><span style=\"font-weight: 400\">Le plastique robuste garantit la long\u00e9vit\u00e9 et la r\u00e9sistance, tandis que le rev\u00eatement en caoutchouc int\u00e9gr\u00e9 \u00e0 l'int\u00e9rieur assure un maintien suppl\u00e9mentaire et emp\u00eache les poids de glisser. La broche de s\u00e9curit\u00e9 permet d'\u00e9viter que la fermeture ne s'ouvre par inadvertance, m\u00eame en cas de secousses.<\/span><\/p>\n<p><span style=\"font-weight: 400\">Les attaches rapides Lock Jaw offrent non seulement une s\u00e9curit\u00e9 maximale, mais aussi un maniement confortable. Id\u00e9al pour une utilisation en home gym ou en studio professionnel.\u00a0<\/span><\/p>\n<p><b>Remarque : <\/b>Prix par paire.<\/p>","protected":false},"excerpt":{"rendered":"<p>Lock Jaw fermeture rapide y compris broche de s\u00e9curit\u00e9 : plastique robuste, avec un diam\u00e8tre int\u00e9rieur de 50 mm. Compatible avec les barres d'halt\u00e8res Olympia et les r\u00e9ceptions courantes de 50 mm. Maintien s\u00fbr gr\u00e2ce \u00e0 un rev\u00eatement en caoutchouc int\u00e9gr\u00e9. Id\u00e9al pour un changement rapide.<\/p>","protected":false},"featured_media":9056792,"comment_status":"closed","ping_status":"closed","template":"","meta":{"_acf_changed":false,"_gspb_post_css":""},"product_brand":[1000],"product_cat":[319,839,619,331,620],"product_tag":[],"class_list":{"0":"post-4863","1":"product","2":"type-product","3":"status-publish","4":"has-post-thumbnail","6":"product_brand-fitcom","7":"product_cat-fitness-zubehoer","8":"product_cat-50mm-hantelstangen","9":"product_cat-verschluesse","10":"product_cat-weightlifting","11":"product_cat-hg-zubehoer","12":"pa_artikel-pro-verkaufseinheit-2x","13":"pa_breite-8-5-cm","14":"pa_durchmesser-5-cm","15":"pa_farbe-blau","16":"pa_farbe-gruen","17":"pa_farbe-rot","18":"pa_farbe-schwarz","19":"pa_fitness-zubehoertyp-weightlifting","20":"pa_gewicht-0-20-kg","21":"pa_lieferumfang-2x-lock-jaw","22":"pa_material-kunststoff","23":"pa_verstellbar-nein","25":"first","26":"instock","27":"taxable","28":"shipping-taxable","29":"purchasable","30":"product-type-variable"},"bundled_by":["2311"],"bundle_stock_status":"instock","bundle_stock_quantity":2901,"bundle_virtual":false,"bundle_layout":"","bundle_add_to_cart_form_location":"","bundle_editable_in_cart":false,"bundle_sold_individually_context":"","bundle_item_grouping":"","bundle_min_size":"","bundle_max_size":"","bundle_price":[],"bundled_items":[],"bundle_sell_ids":[],"acf":[],"df_price":10,"df_sale_price":"","df_regular_price":10,"df_image_link":"https:\/\/www.fitness-flohmarkt.ch\/wp-content\/uploads\/F-42935_Lock-Jaw-50mm_0-20260107-125102-300x300.jpg","_links":{"self":[{"href":"https:\/\/www.fitness-flohmarkt.ch\/fr\/wp-json\/wp\/v2\/product\/4863","targetHints":{"allow":["GET"]}}],"collection":[{"href":"https:\/\/www.fitness-flohmarkt.ch\/fr\/wp-json\/wp\/v2\/product"}],"about":[{"href":"https:\/\/www.fitness-flohmarkt.ch\/fr\/wp-json\/wp\/v2\/types\/product"}],"replies":[{"embeddable":true,"href":"https:\/\/www.fitness-flohmarkt.ch\/fr\/wp-json\/wp\/v2\/comments?post=4863"}],"wp:featuredmedia":[{"embeddable":true,"href":"https:\/\/www.fitness-flohmarkt.ch\/fr\/wp-json\/wp\/v2\/media\/9056792"}],"wp:attachment":[{"href":"https:\/\/www.fitness-flohmarkt.ch\/fr\/wp-json\/wp\/v2\/media?parent=4863"}],"wp:term":[{"taxonomy":"product_brand","embeddable":true,"href":"https:\/\/www.fitness-flohmarkt.ch\/fr\/wp-json\/wp\/v2\/product_brand?post=4863"},{"taxonomy":"product_cat","embeddable":true,"href":"https:\/\/www.fitness-flohmarkt.ch\/fr\/wp-json\/wp\/v2\/product_cat?post=4863"},{"taxonomy":"product_tag","embeddable":true,"href":"https:\/\/www.fitness-flohmarkt.ch\/fr\/wp-json\/wp\/v2\/product_tag?post=4863"}],"curies":[{"name":"wp","href":"https:\/\/api.w.org\/{rel}","templated":true}]}}