{"id":48173,"date":"2025-03-11T14:55:57","date_gmt":"2025-03-11T13:55:57","guid":{"rendered":"https:\/\/www2.fitness-flohmarkt.ch\/produkt\/hantelscheibe-50mm-guss-gummiert\/"},"modified":"2026-04-17T12:51:51","modified_gmt":"2026-04-17T10:51:51","slug":"disque-dhalteres-50mm-en-fonte-caoutchoutee","status":"publish","type":"product","link":"https:\/\/www.fitness-flohmarkt.ch\/fr\/produkt\/hantelscheibe-50mm-guss-gummiert\/","title":{"rendered":"Disque d'halt\u00e8res 50 mm | Fonte caoutchout\u00e9e"},"content":{"rendered":"<h3 data-start=\"104\" data-end=\"172\"><strong data-start=\"104\" data-end=\"172\">Disque d'halt\u00e8res en fonte caoutchout\u00e9 - robuste, polyvalent et maniable<\/strong><\/h3>\n<p class=\"\" data-start=\"174\" data-end=\"452\">Ces disques d'halt\u00e8res de haute qualit\u00e9 en fonte massive sont dot\u00e9s d'un rev\u00eatement en caoutchouc r\u00e9sistant et sont id\u00e9aux pour une utilisation avec des halt\u00e8res longs, des halt\u00e8res courts, des barres de curling ou des appareils Plate-Loaded - aussi bien en studio qu'en gym \u00e0 domicile.<\/p>\n<p class=\"\" data-start=\"454\" data-end=\"927\">A partir d'un poids de 5 kg, les disques disposent de poign\u00e9es pratiques qui permettent une prise confortable et un changement rapide pendant l'entra\u00eenement. Cela facilite les ajustements de poids rapides - id\u00e9al pour les entra\u00eenements intensifs ou les circuits. De plus, les poign\u00e9es permettent d'utiliser les disques pour des exercices fonctionnels sans barre d'halt\u00e8res, par exemple pour les twists debout, les \u00e9l\u00e9vations frontales, les twists russes ou les crunchs.<\/p>\n<p class=\"\" data-start=\"929\" data-end=\"1245\">L'anneau int\u00e9rieur en acier inoxydable avec un diam\u00e8tre de trou de 51 mm assure une fixation s\u00fbre sur toutes les barres d'halt\u00e8res courantes de 50 mm et permet un maniement pr\u00e9cis et stable. La combinaison de fonte massive et de caoutchouc r\u00e9sistant est synonyme de long\u00e9vit\u00e9 et de performances fiables - entra\u00eenement apr\u00e8s entra\u00eenement.<\/p>\n<p class=\"\" data-start=\"1247\" data-end=\"1302\">Disponible en poids de 1,25 kg \u00e0 25 kg.<\/p>","protected":false},"excerpt":{"rendered":"<p>Disques d'halt\u00e8res en fonte caoutchout\u00e9s : Noyau massif en fonte avec rev\u00eatement r\u00e9sistant en caoutchouc. Construction robuste. Anneau int\u00e9rieur en acier inoxydable (51 mm) pour un maintien s\u00fbr sur des barres d'halt\u00e8res de 50 mm. \u00c0 partir de 5 kg, avec ouvertures de pr\u00e9hension pour un maniement facile. Disponible de 1,25 kg \u00e0 25 kg.<\/p>","protected":false},"featured_media":59276,"comment_status":"closed","ping_status":"closed","template":"","meta":{"_acf_changed":false,"_gspb_post_css":""},"product_brand":[1000],"product_cat":[807],"product_tag":[],"class_list":{"0":"post-48173","1":"product","2":"type-product","3":"status-publish","4":"has-post-thumbnail","6":"product_brand-fitcom","7":"product_cat-50mm-hantelscheiben","8":"pa_abwurffaehig-nein","9":"pa_anzahl-gewichte-1x","10":"pa_artikel-pro-verkaufseinheit-1x","11":"pa_dicke-20-mm","12":"pa_dicke-25-mm","13":"pa_dicke-40-mm","14":"pa_dicke-45-mm","15":"pa_dicke-50-mm","16":"pa_durchmesser-15-5-cm","17":"pa_durchmesser-20-cm","18":"pa_durchmesser-24-cm","19":"pa_durchmesser-30-cm","20":"pa_durchmesser-36-cm","21":"pa_durchmesser-43-5-cm","22":"pa_durchmesser-45-cm","23":"pa_farbe-schwarz","24":"pa_gewicht-1-25-kg","25":"pa_gewicht-10-kg","26":"pa_gewicht-15-kg","27":"pa_gewicht-2-5-kg","28":"pa_gewicht-20-kg","29":"pa_gewicht-25-kg","30":"pa_gewicht-5-kg","31":"pa_kernmaterial-gusseisen","32":"pa_lieferumfang-1x-hantelscheibe","33":"pa_lochdurchmesser-51-mm","34":"pa_materialhaerte-shore-a-80","35":"pa_oberflaeche-gummi","36":"pa_scheibengewichtstyp-hantelscheibe","38":"first","39":"outofstock","40":"taxable","41":"shipping-taxable","42":"purchasable","43":"product-type-variable"},"bundled_by":[],"bundle_stock_status":"outofstock","bundle_stock_quantity":0,"bundle_virtual":false,"bundle_layout":"","bundle_add_to_cart_form_location":"","bundle_editable_in_cart":false,"bundle_sold_individually_context":"","bundle_item_grouping":"","bundle_min_size":"","bundle_max_size":"","bundle_price":[],"bundled_items":[],"bundle_sell_ids":[],"acf":[],"df_price":5,"df_sale_price":"","df_regular_price":5,"df_image_link":"https:\/\/www.fitness-flohmarkt.ch\/wp-content\/uploads\/F-63233_Hantelscheibe-Guss-gummiert-50mm_0-20250314-111453-300x300.jpg","_links":{"self":[{"href":"https:\/\/www.fitness-flohmarkt.ch\/fr\/wp-json\/wp\/v2\/product\/48173","targetHints":{"allow":["GET"]}}],"collection":[{"href":"https:\/\/www.fitness-flohmarkt.ch\/fr\/wp-json\/wp\/v2\/product"}],"about":[{"href":"https:\/\/www.fitness-flohmarkt.ch\/fr\/wp-json\/wp\/v2\/types\/product"}],"replies":[{"embeddable":true,"href":"https:\/\/www.fitness-flohmarkt.ch\/fr\/wp-json\/wp\/v2\/comments?post=48173"}],"wp:featuredmedia":[{"embeddable":true,"href":"https:\/\/www.fitness-flohmarkt.ch\/fr\/wp-json\/wp\/v2\/media\/59276"}],"wp:attachment":[{"href":"https:\/\/www.fitness-flohmarkt.ch\/fr\/wp-json\/wp\/v2\/media?parent=48173"}],"wp:term":[{"taxonomy":"product_brand","embeddable":true,"href":"https:\/\/www.fitness-flohmarkt.ch\/fr\/wp-json\/wp\/v2\/product_brand?post=48173"},{"taxonomy":"product_cat","embeddable":true,"href":"https:\/\/www.fitness-flohmarkt.ch\/fr\/wp-json\/wp\/v2\/product_cat?post=48173"},{"taxonomy":"product_tag","embeddable":true,"href":"https:\/\/www.fitness-flohmarkt.ch\/fr\/wp-json\/wp\/v2\/product_tag?post=48173"}],"curies":[{"name":"wp","href":"https:\/\/api.w.org\/{rel}","templated":true}]}}