{"id":4694,"date":"2025-01-25T16:40:01","date_gmt":"2025-01-25T15:40:01","guid":{"rendered":"https:\/\/www2.fitness-flohmarkt.ch\/produkt\/langhantelstange-30mm\/"},"modified":"2026-05-11T22:10:13","modified_gmt":"2026-05-11T20:10:13","slug":"barre-dhaltere-long-30mm","status":"publish","type":"product","link":"https:\/\/www.fitness-flohmarkt.ch\/fr\/produkt\/langhantelstange-30mm\/","title":{"rendered":"Barre d'halt\u00e8re long 30 mm | 180 cm"},"content":{"rendered":"<h3><strong>Barre d'halt\u00e8re longue 180 cm avec fermeture en \u00e9toile - stable, polyvalente et id\u00e9ale pour l'entra\u00eenement \u00e0 domicile<\/strong><\/h3>\n<p><span style=\"font-weight: 400\">Cette barre d'halt\u00e8res longue classique est une solution polyvalente pour un entra\u00eenement de force et fonctionnel efficace \u00e0 la maison ou en studio. Avec une longueur de 180 cm, une poign\u00e9e int\u00e9rieure de 114 cm et un diam\u00e8tre de 30 mm, elle convient aux exercices les plus divers en position debout ou sur le banc de musculation - du d\u00e9velopp\u00e9 couch\u00e9 classique aux squats avec poids suppl\u00e9mentaire en passant par les rames.<\/span><\/p>\n<p><span style=\"font-weight: 400\">La barre d'halt\u00e8res fabriqu\u00e9e en acier \u00e0 ressort a un poids propre de 10 kg et peut supporter une charge maximale de 150 kg. Les logements de 33 cm aux deux extr\u00e9mit\u00e9s sont adapt\u00e9s \u00e0 tous les disques d'halt\u00e8res courants avec un per\u00e7age de 30\/31 mm. La poign\u00e9e molet\u00e9e de 30 mm de diam\u00e8tre assure une prise s\u00fbre pendant l'ex\u00e9cution de l'exercice. <\/span><\/p>\n<p><span style=\"font-weight: 400\">La barre d'halt\u00e8res longue de 180 cm est un outil d'entra\u00eenement solide pour les exercices de musculation de base et id\u00e9al pour ceux qui accordent de l'importance \u00e0 la qualit\u00e9 et \u00e0 la fonctionnalit\u00e9.<\/span><\/p>\n<p><strong>Remarque :<\/strong> La barre est livr\u00e9e avec deux fermetures en \u00e9toile.<\/p>","protected":false},"excerpt":{"rendered":"<p>Barre d'halt\u00e8re longue de 30 mm avec fermetures en \u00e9toile : Acier \u00e0 ressort robuste, chrom\u00e9, avec un poids net de 10 kg. Logements de 33 cm pour un maintien s\u00fbr des disques. Peut supporter jusqu'\u00e0 150 kg.<\/p>","protected":false},"featured_media":9049551,"comment_status":"closed","ping_status":"closed","template":"","meta":{"_acf_changed":false,"_gspb_post_css":""},"product_brand":[1000],"product_cat":[806],"product_tag":[],"class_list":{"0":"post-4694","1":"product","2":"type-product","3":"status-publish","4":"has-post-thumbnail","6":"product_brand-fitcom","7":"product_cat-30mm-hantelstangen","8":"product_shipping_class-hantelstange","9":"pa_abwurffaehig-nein","10":"pa_artikel-pro-verkaufseinheit-1x","11":"pa_durchmesser-30-mm","12":"pa_farbe-chrom","13":"pa_gewicht-10-kg","14":"pa_griffdurchmesser-30-mm","15":"pa_griffinnenmass-114-cm","16":"pa_griffumfang-94-mm","17":"pa_griffweitenmarkierung-nein","18":"pa_hantelstangentyp-langhantelstange","19":"pa_hantelverschluss-schraubverschluss","20":"pa_laenge-180-cm","21":"pa_lieferumfang-1x-hantelstange","22":"pa_lieferumfang-2x-drehverschluss","23":"pa_material-federstahl","24":"pa_max-belastung-150-kg","26":"first","27":"instock","28":"taxable","29":"shipping-taxable","30":"purchasable","31":"product-type-simple"},"bundled_by":[],"bundle_stock_status":"instock","bundle_stock_quantity":29,"bundle_virtual":false,"bundle_layout":"","bundle_add_to_cart_form_location":"","bundle_editable_in_cart":false,"bundle_sold_individually_context":"","bundle_item_grouping":"","bundle_min_size":"","bundle_max_size":"","bundle_price":[],"bundled_items":[],"bundle_sell_ids":[],"acf":[],"df_price":30,"df_sale_price":"","df_regular_price":30,"df_image_link":"https:\/\/www.fitness-flohmarkt.ch\/wp-content\/uploads\/F-72838_Langhantelstange-30mm_0-20251009-133134-300x300.jpg","_links":{"self":[{"href":"https:\/\/www.fitness-flohmarkt.ch\/fr\/wp-json\/wp\/v2\/product\/4694","targetHints":{"allow":["GET"]}}],"collection":[{"href":"https:\/\/www.fitness-flohmarkt.ch\/fr\/wp-json\/wp\/v2\/product"}],"about":[{"href":"https:\/\/www.fitness-flohmarkt.ch\/fr\/wp-json\/wp\/v2\/types\/product"}],"replies":[{"embeddable":true,"href":"https:\/\/www.fitness-flohmarkt.ch\/fr\/wp-json\/wp\/v2\/comments?post=4694"}],"wp:featuredmedia":[{"embeddable":true,"href":"https:\/\/www.fitness-flohmarkt.ch\/fr\/wp-json\/wp\/v2\/media\/9049551"}],"wp:attachment":[{"href":"https:\/\/www.fitness-flohmarkt.ch\/fr\/wp-json\/wp\/v2\/media?parent=4694"}],"wp:term":[{"taxonomy":"product_brand","embeddable":true,"href":"https:\/\/www.fitness-flohmarkt.ch\/fr\/wp-json\/wp\/v2\/product_brand?post=4694"},{"taxonomy":"product_cat","embeddable":true,"href":"https:\/\/www.fitness-flohmarkt.ch\/fr\/wp-json\/wp\/v2\/product_cat?post=4694"},{"taxonomy":"product_tag","embeddable":true,"href":"https:\/\/www.fitness-flohmarkt.ch\/fr\/wp-json\/wp\/v2\/product_tag?post=4694"}],"curies":[{"name":"wp","href":"https:\/\/api.w.org\/{rel}","templated":true}]}}