{"id":4681,"date":"2025-01-25T16:39:37","date_gmt":"2025-01-25T15:39:37","guid":{"rendered":"https:\/\/www2.fitness-flohmarkt.ch\/produkt\/foam-roller-30cm-faszien-massageroller\/"},"modified":"2026-04-23T08:50:27","modified_gmt":"2026-04-23T06:50:27","slug":"foam-roller-30cm-rouleau-de-massage-des-fascias","status":"publish","type":"product","link":"https:\/\/www.fitness-flohmarkt.ch\/fr\/produkt\/foam-roller-30cm-faszien-massageroller\/","title":{"rendered":"Foam Roller 30 cm | Rouleau de massage des fascias"},"content":{"rendered":"<h3 data-start=\"136\" data-end=\"220\"><strong data-start=\"136\" data-end=\"220\">Rouleau de fascia noir - R\u00e9g\u00e9n\u00e9ration et mobilisation efficaces sous forme compacte<\/strong><\/h3>\n<p class=\"\" data-start=\"222\" data-end=\"565\">Le rouleau de fascia noir est un outil \u00e9prouv\u00e9 pour la d\u00e9tente musculaire, l'am\u00e9lioration de la circulation sanguine et la mobilisation du tissu conjonctif. Fabriqu\u00e9 en mousse dure de haute qualit\u00e9, il est id\u00e9al pour une utilisation avant et apr\u00e8s l'entra\u00eenement - que ce soit pour \u00e9chauffer les muscles, soulager les tensions ou pour la r\u00e9g\u00e9n\u00e9ration.<\/p>\n<p class=\"\" data-start=\"567\" data-end=\"1010\">Id\u00e9al pour soulager les tensions musculaires, le rouleau de fascia stimule l'hydratation du tissu conjonctif gr\u00e2ce \u00e0 un automassage cibl\u00e9 et am\u00e9liore ainsi son \u00e9lasticit\u00e9 et sa mobilit\u00e9. En m\u00eame temps, l'utilisation stimule la circulation sanguine et peut, en combinaison avec le mouvement, avoir un effet de soulagement de la douleur. Que ce soit pour le dos, les jambes ou les bras, sa forme compacte le rend polyvalent dans la salle de sport, \u00e0 la maison ou en d\u00e9placement.<\/p>\n<p class=\"\" data-start=\"1012\" data-end=\"1330\">Le rouleau de fascia noir a une longueur de 30 cm et un diam\u00e8tre de 15 cm. Avec un poids de seulement 300 g, il est particuli\u00e8rement maniable tout en \u00e9tant robuste - il peut supporter jusqu'\u00e0 100 kg. Le mat\u00e9riau en mousse r\u00e9sistante garantit une longue dur\u00e9e de vie et une r\u00e9partition efficace de la pression pendant l'utilisation.<\/p>\n<p class=\"\" data-start=\"1332\" data-end=\"1512\">Un foam roller classique pour la physioth\u00e9rapie, le Pilates, le yoga ou en compl\u00e9ment de la musculation - compact, efficace et d'un excellent rapport qualit\u00e9-prix.<\/p>","protected":false},"excerpt":{"rendered":"<p>Rouleau de fascia noir : mousse dure pour un automassage efficace, une d\u00e9tente musculaire et une meilleure circulation sanguine. Id\u00e9al pour la r\u00e9g\u00e9n\u00e9ration apr\u00e8s l'entra\u00eenement et la pr\u00e9paration musculaire. Compact, l\u00e9ger et polyvalent. Longueur 30 cm, \u00d8 15 cm, supporte une charge maximale de 100 kg.<\/p>","protected":false},"featured_media":58544,"comment_status":"closed","ping_status":"closed","template":"","meta":{"_acf_changed":false,"_gspb_post_css":""},"product_brand":[1000],"product_cat":[319,822,304],"product_tag":[],"class_list":{"0":"post-4681","1":"product","2":"type-product","3":"status-publish","4":"has-post-thumbnail","6":"product_brand-fitcom","7":"product_cat-fitness-zubehoer","8":"product_cat-mobility-recovery","9":"product_cat-reha-physio","10":"pa_artikel-pro-verkaufseinheit-1x","11":"pa_durchmesser-15-cm","12":"pa_farbe-schwarz","13":"pa_gewicht-0-3-kg","14":"pa_haertegrad-hart","15":"pa_koerperbereich-alle-koerperbereichen","16":"pa_laenge-30-cm","17":"pa_lieferumfang-1x-faszienrolle","18":"pa_massagegeraettyp-faszienrolle","19":"pa_material-schaumstoff","20":"pa_max-belastung-100-kg","22":"first","23":"instock","24":"taxable","25":"shipping-taxable","26":"purchasable","27":"product-type-simple"},"bundled_by":["3217"],"bundle_stock_status":"instock","bundle_stock_quantity":391,"bundle_virtual":false,"bundle_layout":"","bundle_add_to_cart_form_location":"","bundle_editable_in_cart":false,"bundle_sold_individually_context":"","bundle_item_grouping":"","bundle_min_size":"","bundle_max_size":"","bundle_price":[],"bundled_items":[],"bundle_sell_ids":[],"acf":[],"df_price":12,"df_sale_price":"","df_regular_price":12,"df_image_link":"https:\/\/www.fitness-flohmarkt.ch\/wp-content\/uploads\/F-58947_Faszienrolle_0-20250314-104449-300x300.jpg","_links":{"self":[{"href":"https:\/\/www.fitness-flohmarkt.ch\/fr\/wp-json\/wp\/v2\/product\/4681","targetHints":{"allow":["GET"]}}],"collection":[{"href":"https:\/\/www.fitness-flohmarkt.ch\/fr\/wp-json\/wp\/v2\/product"}],"about":[{"href":"https:\/\/www.fitness-flohmarkt.ch\/fr\/wp-json\/wp\/v2\/types\/product"}],"replies":[{"embeddable":true,"href":"https:\/\/www.fitness-flohmarkt.ch\/fr\/wp-json\/wp\/v2\/comments?post=4681"}],"wp:featuredmedia":[{"embeddable":true,"href":"https:\/\/www.fitness-flohmarkt.ch\/fr\/wp-json\/wp\/v2\/media\/58544"}],"wp:attachment":[{"href":"https:\/\/www.fitness-flohmarkt.ch\/fr\/wp-json\/wp\/v2\/media?parent=4681"}],"wp:term":[{"taxonomy":"product_brand","embeddable":true,"href":"https:\/\/www.fitness-flohmarkt.ch\/fr\/wp-json\/wp\/v2\/product_brand?post=4681"},{"taxonomy":"product_cat","embeddable":true,"href":"https:\/\/www.fitness-flohmarkt.ch\/fr\/wp-json\/wp\/v2\/product_cat?post=4681"},{"taxonomy":"product_tag","embeddable":true,"href":"https:\/\/www.fitness-flohmarkt.ch\/fr\/wp-json\/wp\/v2\/product_tag?post=4681"}],"curies":[{"name":"wp","href":"https:\/\/api.w.org\/{rel}","templated":true}]}}