{"id":4617,"date":"2025-01-25T16:37:47","date_gmt":"2025-01-25T15:37:47","guid":{"rendered":"https:\/\/www2.fitness-flohmarkt.ch\/produkt\/suspension-trainer-schlingentrainer\/"},"modified":"2026-05-12T17:51:18","modified_gmt":"2026-05-12T15:51:18","slug":"suspension-trainer-elingue","status":"publish","type":"product","link":"https:\/\/www.fitness-flohmarkt.ch\/fr\/produkt\/suspension-trainer-schlingentrainer\/","title":{"rendered":"Suspension trainer | Entra\u00eeneur de sangle"},"content":{"rendered":"<h3>Entra\u00eeneur \u00e0 boucles pour une s\u00e9ance d'entra\u00eenement efficace de tout le corps - polyvalence pour chaque objectif de fitness<\/h3>\n<p>Avec cet appareil d'entra\u00eenement \u00e0 la corde complet et facile \u00e0 transporter, presque chaque endroit devient une salle de sport personnelle. Selon l'objectif d'entra\u00eenement, cet appareil innovant peut \u00eatre utilis\u00e9 pour le d\u00e9veloppement musculaire, l'entra\u00eenement du dos ou la perte de graisse. Une boucle de compensation emp\u00eache les deux boucles de glisser. De plus, les poign\u00e9es sont munies d'une couche de mousse protectrice pour une prise en main confortable.<\/p>\n<p>Gr\u00e2ce \u00e0 la diversit\u00e9 unique des exercices (plus de 300 exercices), l'entra\u00eeneur de suspension convient \u00e0 tous les niveaux, que tu sois d\u00e9butant ou sportif de haut niveau ! Une fois que le corps s'est habitu\u00e9 \u00e0 son propre poids comme r\u00e9sistance, l'entra\u00eenement en suspension offre, gr\u00e2ce \u00e0 ses diff\u00e9rents exercices, un entra\u00eenement intensif de tout le corps qui permet d'am\u00e9liorer constamment la force, la stabilit\u00e9, l'\u00e9quilibre et l'endurance.<\/p>\n<ul>\n<li>Plus de 300 exercices possibles<\/li>\n<li>Grande vari\u00e9t\u00e9 d'exercices pour tous les groupes musculaires<\/li>\n<li>Id\u00e9al pour un entra\u00eenement doux pour les articulations &amp; s\u00fbr<\/li>\n<li>Am\u00e9liore la force, la coordination et la mobilit\u00e9<\/li>\n<li>Sac de transport pratique &amp; ancrage de porte inclus<\/li>\n<\/ul>\n<p>Le contenu de la livraison comprend, en plus de l'appareil d'entra\u00eenement, un sac de transport pratique et une ancre de porte pour un montage facile sur chaque cadre de porte. Plus rien ne s'oppose donc \u00e0 une s\u00e9ance d'entra\u00eenement fonctionnelle pour tout le corps - que ce soit \u00e0 la maison, dans une salle de sport ou en d\u00e9placement.<\/p>\n<p>(Charge maximale \/ poids de l'utilisateur = 160 kg)<\/p>","protected":false},"excerpt":{"rendered":"<p>L'appareil \u00e0 boucles permet un entra\u00eenement efficace de tout le corps dans presque tous les endroits. Avec plus de 300 exercices, il favorise le d\u00e9veloppement musculaire, la stabilit\u00e9 et l'endurance. Le sac de transport pratique et les ancrages de porte le rendent id\u00e9al pour l'entra\u00eenement \u00e0 la maison ou en d\u00e9placement.<\/p>","protected":false},"featured_media":9049042,"comment_status":"closed","ping_status":"closed","template":"","meta":{"_acf_changed":false,"_gspb_post_css":""},"product_brand":[1000],"product_cat":[821],"product_tag":[],"class_list":{"0":"post-4617","1":"product","2":"type-product","3":"status-publish","4":"has-post-thumbnail","6":"product_brand-fitcom","7":"product_cat-fitnessband","8":"pa_artikel-pro-verkaufseinheit-3x","9":"pa_breite-4-cm","10":"pa_dicke-16-mm","11":"pa_farbe-gelb","12":"pa_farbe-schwarz","13":"pa_fitnessbandtyp-schlingentrainer","14":"pa_gewicht-1-2-kg","15":"pa_laenge-270-cm","16":"pa_latexfrei-ja","17":"pa_lieferumfang-1x-beutel","18":"pa_lieferumfang-1x-schlingentrainer","19":"pa_lieferumfang-1x-tueranker","20":"pa_material-nylon","21":"pa_max-belastung-160-kg","22":"pa_widerstand-koerpergewicht","24":"first","25":"instock","26":"taxable","27":"shipping-taxable","28":"purchasable","29":"product-type-simple"},"bundled_by":[],"bundle_stock_status":"instock","bundle_stock_quantity":642,"bundle_virtual":false,"bundle_layout":"","bundle_add_to_cart_form_location":"","bundle_editable_in_cart":false,"bundle_sold_individually_context":"","bundle_item_grouping":"","bundle_min_size":"","bundle_max_size":"","bundle_price":[],"bundled_items":[],"bundle_sell_ids":[],"acf":[],"df_price":35,"df_sale_price":"","df_regular_price":35,"df_image_link":"https:\/\/www.fitness-flohmarkt.ch\/wp-content\/uploads\/F-73237_Schlingentrainer_0-20251008-113306-300x300.jpg","_links":{"self":[{"href":"https:\/\/www.fitness-flohmarkt.ch\/fr\/wp-json\/wp\/v2\/product\/4617","targetHints":{"allow":["GET"]}}],"collection":[{"href":"https:\/\/www.fitness-flohmarkt.ch\/fr\/wp-json\/wp\/v2\/product"}],"about":[{"href":"https:\/\/www.fitness-flohmarkt.ch\/fr\/wp-json\/wp\/v2\/types\/product"}],"replies":[{"embeddable":true,"href":"https:\/\/www.fitness-flohmarkt.ch\/fr\/wp-json\/wp\/v2\/comments?post=4617"}],"wp:featuredmedia":[{"embeddable":true,"href":"https:\/\/www.fitness-flohmarkt.ch\/fr\/wp-json\/wp\/v2\/media\/9049042"}],"wp:attachment":[{"href":"https:\/\/www.fitness-flohmarkt.ch\/fr\/wp-json\/wp\/v2\/media?parent=4617"}],"wp:term":[{"taxonomy":"product_brand","embeddable":true,"href":"https:\/\/www.fitness-flohmarkt.ch\/fr\/wp-json\/wp\/v2\/product_brand?post=4617"},{"taxonomy":"product_cat","embeddable":true,"href":"https:\/\/www.fitness-flohmarkt.ch\/fr\/wp-json\/wp\/v2\/product_cat?post=4617"},{"taxonomy":"product_tag","embeddable":true,"href":"https:\/\/www.fitness-flohmarkt.ch\/fr\/wp-json\/wp\/v2\/product_tag?post=4617"}],"curies":[{"name":"wp","href":"https:\/\/api.w.org\/{rel}","templated":true}]}}