{"id":4510,"date":"2025-01-25T16:36:24","date_gmt":"2025-01-25T15:36:24","guid":{"rendered":"https:\/\/www2.fitness-flohmarkt.ch\/produkt\/doc-weingart-refocus-active-drink\/"},"modified":"2026-05-12T07:10:53","modified_gmt":"2026-05-12T05:10:53","slug":"doc-weingart-refocus-boisson-active","status":"publish","type":"product","link":"https:\/\/www.fitness-flohmarkt.ch\/fr\/produkt\/doc-weingart-refocus-active-drink\/","title":{"rendered":"DOC Weingart Refocus | Boisson active"},"content":{"rendered":"<h3>Doc Weingart Refocus - Soutien naturel pour la concentration, l'\u00e9nergie et l'\u00e9quilibre du stress<\/h3>\n<p class=\"rte\" style=\"margin: 0px;padding: 0px;border: 0px;font: inherit;vertical-align: baseline\">Doc Weingart Refocus Active Drink est la concr\u00e9tisation sans compromis de l'id\u00e9e de soutenir les personnes modernes dans leur quotidien professionnel et sportif. Le stress et les exigences ne cessent d'augmenter. C'est pourquoi l'alimentation du corps et de l'esprit doit \u00eatre \u00e0 la hauteur de la pression ext\u00e9rieure. Doc Weingart Active Drink est un produit premium unique qui \u00e9tablit de nouvelles normes gr\u00e2ce \u00e0 ses ingr\u00e9dients et te donne la s\u00e9curit\u00e9 d'approvisionnement pour que tu puisses te consacrer \u00e0 tes t\u00e2ches avec force et un nouvel \u00e9lan.<\/p>\n<p>&nbsp;<\/p>\n<p class=\"rte\" style=\"margin: 0px;padding: 0px;border: 0px;font: inherit;vertical-align: baseline\"><strong>Points forts<\/strong><\/p>\n<ul>\n<li>\n<div style=\"margin: 0cm 0cm 10pt\">avec 8 vitamines essentielles pour lutter contre les cons\u00e9quences du stress -pour la s\u00e9r\u00e9nit\u00e9<\/div>\n<\/li>\n<li>\n<div style=\"margin: 0cm 0cm 10pt\">avec des extraits pr\u00e9cieux de fruits, de plantes, d'\u00e9pices pour une meilleure et plus longue concentration<\/div>\n<\/li>\n<li>\n<div style=\"margin: 0cm 0cm 10pt\">avec des min\u00e9raux, des oligo-\u00e9l\u00e9ments, des vitamines et des substances basiques pour un syst\u00e8me immunitaire fort<\/div>\n<\/li>\n<li>\n<div style=\"margin: 0cm 0cm 10pt\">avec de la douceur de fruits au lieu de sucre industriel et sans \u00e9dulcorants, convient aux diab\u00e9tiques<\/div>\n<\/li>\n<li>\n<div style=\"margin: 0cm 0cm 10pt\">Sans substances chimiques comme les colorants, les ar\u00f4mes artificiels, les conservateurs, les exhausteurs de go\u00fbt pour une vie naturelle sans compromis.<\/div>\n<\/li>\n<\/ul>\n<p>Doc Weingart Active Drink ne stimule pas. Il revigore avec la force de la nature. C'est pourquoi il est la meilleure recommandation contre la d\u00e9prime de midi, contre la fatigue lors de longues r\u00e9unions, en conduisant, en faisant du sport, en cas de baisse de concentration.<\/p>\n<p>C'est pourquoi : le premier business drink du monde !<\/p>\n<p>Sa recette sp\u00e9ciale la distingue des boissons traditionnelles :<\/p>\n<ul>\n<li>Avec de la caf\u00e9ine (32mg\/100ml) et du guarana pour un effet combin\u00e9 qui dure plusieurs heures.<\/li>\n<\/ul>\n<ul>\n<li>Avec des plantes et des \u00e9pices pour stimuler le m\u00e9tabolisme c\u00e9r\u00e9bral<\/li>\n<\/ul>\n<ul>\n<li>Avec les 8 vitamines les plus importantes pour compenser les sympt\u00f4mes du stress (100% des besoins quotidiens, selon le stress)<\/li>\n<\/ul>\n<ul>\n<li>Avec des min\u00e9raux, des oligo-\u00e9l\u00e9ments et un m\u00e9lange d'\u00e9pices revitalisant qui favorisent l'apport de substances vitales au corps.<\/li>\n<\/ul>\n<p><strong>Ingr\u00e9dients :\u00a0<\/strong>Eau, fructose, pamplemousse rose \u00e0 base de jus de pamplemousse rose concentr\u00e9 (3,2%), jus d'orange \u00e0 base de jus d'orange concentr\u00e9, gaz carbonique, acidifiant acide citrique, \u00e9dulcorant naturel pour fruits, sel de mer, ar\u00f4mes naturels.<\/p>\n<p><strong>M\u00e9lange de vitamines : <\/strong>Vitamine C, amide d'acide nicotinique, pantoth\u00e9nate, vitamine B6, vitamine B1, acide folique, biotine, vitamine B12 ; r\u00e9gulateur d'acidit\u00e9 citrate de sodium, stabilisateurs pectine et farine de graines de caroube, carbonate de magn\u00e9sium, ar\u00f4me : caf\u00e9ine, extrait de gingembre, extrait de guarana, extrait de ginseng, extrait d'ar\u00f4me de ginkgo biloba, colorant lycop\u00e8ne (contient des ingr\u00e9dients de soja), m\u00e9lange d'\u00e9pices.<\/p>\n<p>Ne contient pas d'\u00e9dulcorant. Teneur en fruits : 6 %.<\/p>\n<p>Avec 8 vitamines essentielles. Haute teneur en vitamine C.<\/p>","protected":false},"excerpt":{"rendered":"<p>Boisson active fonctionnelle \u00e0 base naturelle : Doc Weingart Refocus contient de la caf\u00e9ine issue du guarana et des grains de caf\u00e9 vert, combin\u00e9e \u00e0 des vitamines, des min\u00e9raux et des extraits de plantes. Sans \u00e9dulcorants ni additifs artificiels.<\/p>","protected":false},"featured_media":9048642,"comment_status":"closed","ping_status":"closed","template":"","meta":{"_acf_changed":false,"_gspb_post_css":""},"product_brand":[2291],"product_cat":[377],"product_tag":[],"class_list":{"0":"post-4510","1":"product","2":"type-product","3":"status-publish","4":"has-post-thumbnail","6":"product_brand-doc","7":"product_cat-food","8":"pa_artikel-pro-verkaufseinheit-1x","9":"pa_form-getraenk","10":"pa_geschmacksrichtung-grapefruit","11":"pa_herkunft-schweiz","12":"pa_inhalt-250-ml","13":"pa_lieferumfang-1x-dose","14":"pa_vegan-ja","16":"first","17":"instock","18":"purchasable","19":"product-type-simple"},"bundled_by":[],"bundle_stock_status":"instock","bundle_stock_quantity":470,"bundle_virtual":false,"bundle_layout":"","bundle_add_to_cart_form_location":"","bundle_editable_in_cart":false,"bundle_sold_individually_context":"","bundle_item_grouping":"","bundle_min_size":"","bundle_max_size":"","bundle_price":[],"bundled_items":[],"bundle_sell_ids":[],"acf":[],"df_price":2,"df_sale_price":"","df_regular_price":2,"df_image_link":"https:\/\/www.fitness-flohmarkt.ch\/wp-content\/uploads\/DOC_Refocus_1080x1080-1-300x300.png","_links":{"self":[{"href":"https:\/\/www.fitness-flohmarkt.ch\/fr\/wp-json\/wp\/v2\/product\/4510","targetHints":{"allow":["GET"]}}],"collection":[{"href":"https:\/\/www.fitness-flohmarkt.ch\/fr\/wp-json\/wp\/v2\/product"}],"about":[{"href":"https:\/\/www.fitness-flohmarkt.ch\/fr\/wp-json\/wp\/v2\/types\/product"}],"replies":[{"embeddable":true,"href":"https:\/\/www.fitness-flohmarkt.ch\/fr\/wp-json\/wp\/v2\/comments?post=4510"}],"wp:featuredmedia":[{"embeddable":true,"href":"https:\/\/www.fitness-flohmarkt.ch\/fr\/wp-json\/wp\/v2\/media\/9048642"}],"wp:attachment":[{"href":"https:\/\/www.fitness-flohmarkt.ch\/fr\/wp-json\/wp\/v2\/media?parent=4510"}],"wp:term":[{"taxonomy":"product_brand","embeddable":true,"href":"https:\/\/www.fitness-flohmarkt.ch\/fr\/wp-json\/wp\/v2\/product_brand?post=4510"},{"taxonomy":"product_cat","embeddable":true,"href":"https:\/\/www.fitness-flohmarkt.ch\/fr\/wp-json\/wp\/v2\/product_cat?post=4510"},{"taxonomy":"product_tag","embeddable":true,"href":"https:\/\/www.fitness-flohmarkt.ch\/fr\/wp-json\/wp\/v2\/product_tag?post=4510"}],"curies":[{"name":"wp","href":"https:\/\/api.w.org\/{rel}","templated":true}]}}