{"id":4377,"date":"2025-01-25T16:33:40","date_gmt":"2025-01-25T15:33:40","guid":{"rendered":"https:\/\/www2.fitness-flohmarkt.ch\/produkt\/atx-soft-drop-blocks\/"},"modified":"2026-03-02T20:10:16","modified_gmt":"2026-03-02T19:10:16","slug":"atx-soft-drop-blocks","status":"publish","type":"product","link":"https:\/\/www.fitness-flohmarkt.ch\/fr\/produkt\/atx-soft-drop-blocks\/","title":{"rendered":"ATX Soft Drop Blocks | Tapis de chute 15cm"},"content":{"rendered":"<h3>ATX\u00ae Soft Drop Blocks - insonorisant, empilable &amp; m\u00e9nageant le sol pour un entra\u00eenement au poids silencieux<\/h3>\n<p>Cette paire de blocs ATX\u00ae Soft Drop de 15 cm de haut est le support id\u00e9al pour prot\u00e9ger les sols et l'\u00e9quipement.<br \/>\nLe remplissage en mousse de haute qualit\u00e9 a de faibles propri\u00e9t\u00e9s de rebond et offre une grande insonorisation.<br \/>\nAinsi, tu peux d\u00e9sormais faire rebondir tes halt\u00e8res \/ poids dans des zones \/ locaux acoustiquement sensibles.<br \/>\nLe rev\u00eatement est tr\u00e8s r\u00e9sistant et poss\u00e8de des buses d'a\u00e9ration de tous les c\u00f4t\u00e9s, ce qui emp\u00eache le rev\u00eatement d'\u00e9clater en cas de choc brutal.<\/p>\n<p>Le haut et le bas sont dot\u00e9s de bandes de velcro solidement cousues, ce qui permet d'assembler plusieurs blocs les uns sur les autres pour obtenir des hauteurs variables.<br \/>\nDes cales d'arr\u00eat disponibles en option, qui se fixent \u00e9galement sur les bandes velcro, emp\u00eachent le cas \u00e9ch\u00e9ant l'halt\u00e8re de rouler.<\/p>\n<ul>\n<li>une paire de blocs Soft Drop au format ( L x l x H ) 75 cm x 50 cm x 15 cm \/ par bloc<\/li>\n<li>remplissage en mousse de haute qualit\u00e9<\/li>\n<li>Faibles propri\u00e9t\u00e9s de rebond<\/li>\n<li>Haute att\u00e9nuation du bruit<\/li>\n<li>peau ext\u00e9rieure tr\u00e8s r\u00e9sistante, avec buses d'a\u00e9ration de tous les c\u00f4t\u00e9s<\/li>\n<li>avec des bandes velcro pour relier \/ empiler plusieurs blocs<\/li>\n<li>Poign\u00e9e cousue sur le devant<\/li>\n<li>tr\u00e8s r\u00e9sistant - jusqu'\u00e0 120 kg \/ pi\u00e8ce<\/li>\n<li>Poids par pi\u00e8ce : environ 8 kg<\/li>\n<li>Couleur : noir, impression - blanc<\/li>\n<\/ul>\n<p><strong>Remarque :<\/strong>\u00a0La paire ATX\u00ae Soft Drop Block, tout comme ses composants individuels, ne doit \u00eatre utilis\u00e9e qu'avec des disques d'halt\u00e8res caoutchout\u00e9s, des bumper plates et des disques d'halt\u00e8res en ur\u00e9thane. L'utilisation de disques m\u00e9talliques non rev\u00eatus, comme les disques en acier \/ les disques d'halt\u00e8res en fonte, entra\u00eene des dommages.<\/p>\n<p>Prix par paire (2 pi\u00e8ces)<\/p>","protected":false},"excerpt":{"rendered":"<p>La paire ATX\u00ae Soft Drop Block offre une protection efficace du sol et de l'\u00e9quipement. Avec remplissage de mousse insonorisante, faible effet de rebond et housse r\u00e9sistante. Empilable par velcro - id\u00e9al pour un entra\u00eenement silencieux et sans risque pour le sol.<\/p>","protected":false},"featured_media":9048578,"comment_status":"closed","ping_status":"closed","template":"","meta":{"_acf_changed":false,"_gspb_post_css":""},"product_brand":[1039],"product_cat":[331,620],"product_tag":[],"class_list":{"0":"post-4377","1":"product","2":"type-product","3":"status-publish","4":"has-post-thumbnail","6":"product_brand-atx","7":"product_cat-weightlifting","8":"product_cat-hg-zubehoer","9":"pa_anzahl-verpackungseinheit-689","10":"pa_artikel-pro-verkaufseinheit-2x","11":"pa_breite-50-cm","12":"pa_dicke-150-mm","13":"pa_farbe-schwarz","14":"pa_fitness-zubehoertyp-weightlifting","15":"pa_fitnessbodentyp-drop-blocks","16":"pa_fitnessbodentyp-set","17":"pa_geraeuschdaempfend-ja","18":"pa_gewicht-8-kg","19":"pa_kernmaterial-schaumstoff","20":"pa_laenge-75-cm","21":"pa_lieferumfang-2x-soft-drop-block","22":"pa_mattentyp-fitnessmatte","23":"pa_oberflaeche-pvc","24":"pa_shock-absorption-system-ja","25":"pa_verbindungsart-klettverschluss","27":"first","28":"instock","29":"taxable","30":"shipping-taxable","31":"purchasable","32":"product-type-simple"},"bundled_by":[],"bundle_stock_status":"instock","bundle_stock_quantity":2,"bundle_virtual":false,"bundle_layout":"","bundle_add_to_cart_form_location":"","bundle_editable_in_cart":false,"bundle_sold_individually_context":"","bundle_item_grouping":"","bundle_min_size":"","bundle_max_size":"","bundle_price":[],"bundled_items":[],"bundle_sell_ids":[],"acf":[],"df_price":270,"df_sale_price":"","df_regular_price":270,"df_image_link":"https:\/\/www.fitness-flohmarkt.ch\/wp-content\/uploads\/F-12189_ATX-Soft-Drop-Blocks_0-20251006-130334-300x300.jpg","_links":{"self":[{"href":"https:\/\/www.fitness-flohmarkt.ch\/fr\/wp-json\/wp\/v2\/product\/4377","targetHints":{"allow":["GET"]}}],"collection":[{"href":"https:\/\/www.fitness-flohmarkt.ch\/fr\/wp-json\/wp\/v2\/product"}],"about":[{"href":"https:\/\/www.fitness-flohmarkt.ch\/fr\/wp-json\/wp\/v2\/types\/product"}],"replies":[{"embeddable":true,"href":"https:\/\/www.fitness-flohmarkt.ch\/fr\/wp-json\/wp\/v2\/comments?post=4377"}],"wp:featuredmedia":[{"embeddable":true,"href":"https:\/\/www.fitness-flohmarkt.ch\/fr\/wp-json\/wp\/v2\/media\/9048578"}],"wp:attachment":[{"href":"https:\/\/www.fitness-flohmarkt.ch\/fr\/wp-json\/wp\/v2\/media?parent=4377"}],"wp:term":[{"taxonomy":"product_brand","embeddable":true,"href":"https:\/\/www.fitness-flohmarkt.ch\/fr\/wp-json\/wp\/v2\/product_brand?post=4377"},{"taxonomy":"product_cat","embeddable":true,"href":"https:\/\/www.fitness-flohmarkt.ch\/fr\/wp-json\/wp\/v2\/product_cat?post=4377"},{"taxonomy":"product_tag","embeddable":true,"href":"https:\/\/www.fitness-flohmarkt.ch\/fr\/wp-json\/wp\/v2\/product_tag?post=4377"}],"curies":[{"name":"wp","href":"https:\/\/api.w.org\/{rel}","templated":true}]}}