{"id":43195,"date":"2025-03-11T13:17:32","date_gmt":"2025-03-11T12:17:32","guid":{"rendered":"https:\/\/www2.fitness-flohmarkt.ch\/produkt\/atx-bulgarian-split-squat-stand\/"},"modified":"2026-04-14T09:27:00","modified_gmt":"2026-04-14T07:27:00","slug":"atx-bulgarian-split-squat-stand","status":"publish","type":"product","link":"https:\/\/www.fitness-flohmarkt.ch\/fr\/produkt\/atx-bulgarian-split-squat-stand\/","title":{"rendered":"ATX Bulgarian Split Squat Stand | R\u00e9glable en hauteur"},"content":{"rendered":"<h3 data-start=\"411\" data-end=\"570\"><strong data-start=\"458\" data-end=\"568\">Bulgarian Split Squat Stand - Support r\u00e9glable avec rouleau rembourr\u00e9 pour un entra\u00eenement stable sur une jambe<\/strong><\/h3>\n<p data-start=\"572\" data-end=\"873\">Ce support sp\u00e9cialement con\u00e7u permet un entra\u00eenement professionnel de Bulgarian Split Squat sans avoir recours \u00e0 des solutions improvis\u00e9es comme l'utilisation d'un banc de musculation. Le confortable rouleau rembourr\u00e9 en PU soutient la jambe arri\u00e8re de mani\u00e8re ergonomiquement correcte et soulage ainsi les genoux et les hanches lors des exercices sur une jambe.<\/p>\n<p data-start=\"875\" data-end=\"1183\">Le support r\u00e9glable en hauteur sur huit positions, de 25 \u00e0 60 cm, s'adapte rapidement et facilement \u00e0 la taille de chacun et \u00e0 l'ex\u00e9cution des mouvements. Gr\u00e2ce \u00e0 sa construction stable en acier avec des pieds au sol caoutchout\u00e9s, le stand offre une r\u00e9sistance maximale au glissement et prot\u00e8ge le sol - m\u00eame en cas de charge \u00e9lev\u00e9e.<\/p>\n<p data-start=\"1185\" data-end=\"1384\" data-is-last-node=\"\" data-is-only-node=\"\">Le design bien pens\u00e9 permet un entra\u00eenement s\u00fbr et efficace avec une charge allant jusqu'\u00e0 150 kg. Un compl\u00e9ment peu encombrant et fonctionnel pour un entra\u00eenement professionnel des jambes en studio ou \u00e0 domicile.<\/p>","protected":false},"excerpt":{"rendered":"<p>Split Squat Stand stable avec 8 hauteurs r\u00e9glables de 25 \u00e0 60 cm. \u00c9quip\u00e9 d'un rouleau rembourr\u00e9 robuste en PU et de pieds en caoutchouc antid\u00e9rapants pour une bonne stabilit\u00e9 et une utilisation sans risque pour le sol. Id\u00e9al pour les exercices sur une jambe avec une position d'entra\u00eenement optimale.<\/p>","protected":false},"featured_media":9048441,"comment_status":"closed","ping_status":"closed","template":"","meta":{"_acf_changed":false,"_gspb_post_css":""},"product_brand":[1039],"product_cat":[813,358],"product_tag":[],"class_list":{"0":"post-43195","1":"product","2":"type-product","3":"status-publish","4":"has-post-thumbnail","6":"product_brand-atx","7":"product_cat-fg-diverse","8":"product_cat-hantelbaenke","9":"pa_anzahl-stufen-1750","10":"pa_artikel-pro-verkaufseinheit-1x","11":"pa_breite-56-cm","12":"pa_farbe-schwarz","13":"pa_gewichtetyp-koerpergewicht","14":"pa_hoehe-25-60-cm","15":"pa_kraftstationtyp-kniebeugentrainer","16":"pa_laenge-67-cm","17":"pa_lieferumfang-1x-hantelbank","18":"pa_material-stahl-pulverbeschichtet","19":"pa_material-polster-kunstleder","20":"pa_max-belastung-150-kg","21":"pa_transportrollen-nein","22":"pa_verstellbar-ja","24":"first","25":"instock","26":"taxable","27":"shipping-taxable","28":"purchasable","29":"product-type-simple"},"bundled_by":[],"bundle_stock_status":"instock","bundle_stock_quantity":18,"bundle_virtual":false,"bundle_layout":"","bundle_add_to_cart_form_location":"","bundle_editable_in_cart":false,"bundle_sold_individually_context":"","bundle_item_grouping":"","bundle_min_size":"","bundle_max_size":"","bundle_price":[],"bundled_items":[],"bundle_sell_ids":[],"acf":[],"df_price":185,"df_sale_price":"","df_regular_price":185,"df_image_link":"https:\/\/www.fitness-flohmarkt.ch\/wp-content\/uploads\/atx-sls-600_01-3-1-300x300.png","_links":{"self":[{"href":"https:\/\/www.fitness-flohmarkt.ch\/fr\/wp-json\/wp\/v2\/product\/43195","targetHints":{"allow":["GET"]}}],"collection":[{"href":"https:\/\/www.fitness-flohmarkt.ch\/fr\/wp-json\/wp\/v2\/product"}],"about":[{"href":"https:\/\/www.fitness-flohmarkt.ch\/fr\/wp-json\/wp\/v2\/types\/product"}],"replies":[{"embeddable":true,"href":"https:\/\/www.fitness-flohmarkt.ch\/fr\/wp-json\/wp\/v2\/comments?post=43195"}],"wp:featuredmedia":[{"embeddable":true,"href":"https:\/\/www.fitness-flohmarkt.ch\/fr\/wp-json\/wp\/v2\/media\/9048441"}],"wp:attachment":[{"href":"https:\/\/www.fitness-flohmarkt.ch\/fr\/wp-json\/wp\/v2\/media?parent=43195"}],"wp:term":[{"taxonomy":"product_brand","embeddable":true,"href":"https:\/\/www.fitness-flohmarkt.ch\/fr\/wp-json\/wp\/v2\/product_brand?post=43195"},{"taxonomy":"product_cat","embeddable":true,"href":"https:\/\/www.fitness-flohmarkt.ch\/fr\/wp-json\/wp\/v2\/product_cat?post=43195"},{"taxonomy":"product_tag","embeddable":true,"href":"https:\/\/www.fitness-flohmarkt.ch\/fr\/wp-json\/wp\/v2\/product_tag?post=43195"}],"curies":[{"name":"wp","href":"https:\/\/api.w.org\/{rel}","templated":true}]}}