{"id":43157,"date":"2025-03-11T13:17:18","date_gmt":"2025-03-11T12:17:18","guid":{"rendered":"https:\/\/www2.fitness-flohmarkt.ch\/produkt\/atx-magnetic-add-weight\/"},"modified":"2026-03-01T23:20:02","modified_gmt":"2026-03-01T22:20:02","slug":"atx-magnetic-add-weight","status":"publish","type":"product","link":"https:\/\/www.fitness-flohmarkt.ch\/fr\/produkt\/atx-magnetic-add-weight\/","title":{"rendered":"ATX Magnetic Add-Weight"},"content":{"rendered":"<h3>ATX\u00ae Magnetic Steel Add-Weights - pour un dosage pr\u00e9cis du poids et des ajustements fins<\/h3>\n<p>Les ATX\u00ae Magnetic Steel Add-Weights sont de petits disques de poids avec deux aimants int\u00e9gr\u00e9s au dos, qui peuvent \u00eatre fix\u00e9s \u00e0 des halt\u00e8res, des barres d'halt\u00e8res, des disques d'halt\u00e8res ou \u00e0 des chargeurs de poids (poids enfichables) en acier pour un dosage pr\u00e9cis du poids. (Les poids magn\u00e9tiques ne tiennent pas sur les disques en fonte ou en caoutchouc !)<\/p>\n<p>Les chargeurs de poids ou les halt\u00e8res ont g\u00e9n\u00e9ralement une gradation de poids par \u00e9tapes de 2,5 ou 5 kg, une fixation de ces poids magn\u00e9tiques permet un dosage de poids optimal plus fin \/ une gradation interm\u00e9diaire.<\/p>\n<p>Les poids magn\u00e9tiques sont rapides et faciles \u00e0 utiliser. Un outil d'entra\u00eenement tr\u00e8s utile pour un dosage optimal du poids.<\/p>\n<p><strong>En un coup d'\u0153il :<\/strong><\/p>\n<ul>\n<li>Disque de poids en acier<\/li>\n<li>avec deux aimants int\u00e9gr\u00e9s<\/li>\n<li>rapide et facile \u00e0 utiliser<\/li>\n<li>polyvalent<\/li>\n<li>Tailles de poids disponibles : 0,5 kg et 1,0 kg<\/li>\n<li>masse :<br \/>\n0,5 kg - diam\u00e8tre : 9 cm, \u00e9paisseur : 1,2 cm<br \/>\n1,0 kg - diam\u00e8tre : 11,5 cm, \u00e9paisseur : 1,5 cm<br \/>\ntrou : 31 mm<\/li>\n<li>Couleur : Noir<\/li>\n<\/ul>\n<p><strong>Remarque :<\/strong> Prix \u00e0 l'unit\u00e9.<\/p>","protected":false},"excerpt":{"rendered":"<p>Les ATX\u00ae Magnetic Steel Add-Weights permettent un dosage pr\u00e9cis du poids en se fixant facilement aux halt\u00e8res, aux barres d'halt\u00e8res ou aux chargeurs de poids. Avec des aimants int\u00e9gr\u00e9s pour une fixation rapide. Disponibles en 0,5 kg et 1,0 kg, id\u00e9ales pour des ajustements plus fins lors de l'entra\u00eenement.<\/p>","protected":false},"featured_media":9048503,"comment_status":"closed","ping_status":"closed","template":"","meta":{"_acf_changed":false,"_gspb_post_css":""},"product_brand":[1039],"product_cat":[319,817],"product_tag":[],"class_list":{"0":"post-43157","1":"product","2":"type-product","3":"status-publish","4":"has-post-thumbnail","6":"product_brand-atx","7":"product_cat-fitness-zubehoer","8":"product_cat-zusatzgewicht","9":"pa_abwurffaehig-nein","10":"pa_anzahl-gewichte-1x","11":"pa_artikel-pro-verkaufseinheit-1x","12":"pa_dicke-12-mm","13":"pa_dicke-15-mm","14":"pa_durchmesser-11-5-cm","15":"pa_durchmesser-9-cm","16":"pa_farbe-schwarz","17":"pa_gewicht-0-5-kg","18":"pa_gewicht-1-kg","19":"pa_kernmaterial-stahl","20":"pa_lieferumfang-1x-hantelscheibe","21":"pa_lochdurchmesser-31-mm","22":"pa_scheibengewichtstyp-technikplatte","24":"first","25":"outofstock","26":"taxable","27":"shipping-taxable","28":"purchasable","29":"product-type-variable"},"bundled_by":[],"bundle_stock_status":"outofstock","bundle_stock_quantity":null,"bundle_virtual":false,"bundle_layout":"","bundle_add_to_cart_form_location":"","bundle_editable_in_cart":false,"bundle_sold_individually_context":"","bundle_item_grouping":"","bundle_min_size":"","bundle_max_size":"","bundle_price":[],"bundled_items":[],"bundle_sell_ids":[],"acf":[],"df_price":12.9,"df_sale_price":"","df_regular_price":12.9,"df_image_link":"https:\/\/www.fitness-flohmarkt.ch\/wp-content\/uploads\/ATX-Magnetic-Add-Weight-1-6-300x300.png","_links":{"self":[{"href":"https:\/\/www.fitness-flohmarkt.ch\/fr\/wp-json\/wp\/v2\/product\/43157","targetHints":{"allow":["GET"]}}],"collection":[{"href":"https:\/\/www.fitness-flohmarkt.ch\/fr\/wp-json\/wp\/v2\/product"}],"about":[{"href":"https:\/\/www.fitness-flohmarkt.ch\/fr\/wp-json\/wp\/v2\/types\/product"}],"replies":[{"embeddable":true,"href":"https:\/\/www.fitness-flohmarkt.ch\/fr\/wp-json\/wp\/v2\/comments?post=43157"}],"wp:featuredmedia":[{"embeddable":true,"href":"https:\/\/www.fitness-flohmarkt.ch\/fr\/wp-json\/wp\/v2\/media\/9048503"}],"wp:attachment":[{"href":"https:\/\/www.fitness-flohmarkt.ch\/fr\/wp-json\/wp\/v2\/media?parent=43157"}],"wp:term":[{"taxonomy":"product_brand","embeddable":true,"href":"https:\/\/www.fitness-flohmarkt.ch\/fr\/wp-json\/wp\/v2\/product_brand?post=43157"},{"taxonomy":"product_cat","embeddable":true,"href":"https:\/\/www.fitness-flohmarkt.ch\/fr\/wp-json\/wp\/v2\/product_cat?post=43157"},{"taxonomy":"product_tag","embeddable":true,"href":"https:\/\/www.fitness-flohmarkt.ch\/fr\/wp-json\/wp\/v2\/product_tag?post=43157"}],"curies":[{"name":"wp","href":"https:\/\/api.w.org\/{rel}","templated":true}]}}