{"id":43119,"date":"2025-03-11T13:16:30","date_gmt":"2025-03-11T12:16:30","guid":{"rendered":"https:\/\/www2.fitness-flohmarkt.ch\/produkt\/atx-single-tower-multi-pull-station\/"},"modified":"2026-04-13T10:05:18","modified_gmt":"2026-04-13T08:05:18","slug":"atx-single-tower-multi-pull-station","status":"publish","type":"product","link":"https:\/\/www.fitness-flohmarkt.ch\/fr\/produkt\/atx-single-tower-multi-pull-station\/","title":{"rendered":"ATX Single Tower Multi Station de traction 90 kg | Traction de c\u00e2ble"},"content":{"rendered":"<h3 data-start=\"0\" data-end=\"86\"><strong data-start=\"0\" data-end=\"86\">ATX\u00ae Cable Tower - Tour de traction compacte pour un entra\u00eenement polyvalent et intensif<\/strong><\/h3>\n<p data-start=\"88\" data-end=\"496\">L'ATX\u00ae Cable Tower offre un large \u00e9ventail d'entra\u00eenements de qualit\u00e9 studio certifi\u00e9e dans un espace r\u00e9duit. Avec son bloc de poids enfichable de 90 kg, elle permet \u00e9galement un entra\u00eenement par c\u00e2ble exigeant pour les athl\u00e8tes forts. L'unit\u00e9 de roulettes pivotantes r\u00e9glable sur 37 hauteurs avec une plage de pivotement g\u00e9n\u00e9reuse de 170\u00b0 assure des angles de traction vari\u00e9s et une diversit\u00e9 d'entra\u00eenement optimale.<\/p>\n<p data-start=\"498\" data-end=\"863\">Gr\u00e2ce \u00e0 ses propri\u00e9t\u00e9s de roulement soyeuses et \u00e0 sa m\u00e9canique pr\u00e9cise, la Cable Tower garantit une charge musculaire maximale, essentielle pour obtenir des r\u00e9sultats d'entra\u00eenement efficaces. La finition robuste avec des barres de guidage chrom\u00e9es dur, des poulies \u00e0 roulement \u00e0 billes recouvertes d'aluminium et des c\u00e2bles en acier inextensibles garantit une longue dur\u00e9e de vie et une grande fiabilit\u00e9 dans le quotidien du studio.<\/p>\n<p data-start=\"865\" data-end=\"1120\">La construction compacte sans entretoises g\u00eanantes offre une surface d'appui libre et rend l'appareil id\u00e9al pour les pi\u00e8ces o\u00f9 l'espace est limit\u00e9. Des \u00e9triers de maintien suppl\u00e9mentaires peuvent \u00eatre positionn\u00e9s de mani\u00e8re flexible et des poids suppl\u00e9mentaires en option permettent des \u00e9chelonnements de charge plus fins.<\/p>\n<p data-start=\"1122\" data-end=\"1222\">Le montage est simple gr\u00e2ce aux instructions fournies, les poign\u00e9es de traction sont disponibles s\u00e9par\u00e9ment.<\/p>\n<p data-start=\"1224\" data-end=\"1431\" data-is-last-node=\"\" data-is-only-node=\"\">Avec l'ATX\u00ae Cable Tower, vous misez sur un appareil d'entra\u00eenement peu encombrant et performant pour votre entra\u00eenement professionnel - Quality Products Designed in Germany, certifi\u00e9 selon EN 20957 I.II.IV Class<\/p>\n<p><strong>Remarque :<\/strong> Poign\u00e9es de traction non comprises dans la livraison.<\/p>","protected":false},"excerpt":{"rendered":"<p>Tour de traction \u00e0 c\u00e2ble compacte de qualit\u00e9 studio avec un poids d'insertion de 90 kg et des c\u00e2bles de traction r\u00e9glables en hauteur sur 37 positions. Avec une grande plage de pivotement, un r\u00e9glage pr\u00e9cis de la hauteur et une finition robuste - id\u00e9ale pour un entra\u00eenement polyvalent et intensif dans un espace r\u00e9duit.<\/p>","protected":false},"featured_media":9048494,"comment_status":"closed","ping_status":"closed","template":"","meta":{"_acf_changed":false,"_gspb_post_css":""},"product_brand":[1039],"product_cat":[310],"product_tag":[],"class_list":{"0":"post-43119","1":"product","2":"type-product","3":"status-publish","4":"has-post-thumbnail","6":"product_brand-atx","7":"product_cat-steckgewichte","8":"product_shipping_class-standard","9":"pa_artikel-pro-verkaufseinheit-1x","10":"pa_farbe-schwarz","11":"pa_gewicht-217-kg","12":"pa_hoehe-229-cm","13":"pa_lieferumfang-1x-kabelzuggeraet","14":"pa_material-stahl-pulverbeschichtet","15":"pa_max-hoehe-205-cm","16":"pa_min-hoehe-25-cm","17":"pa_tiefe-105-cm-2","19":"first","20":"instock","21":"taxable","22":"shipping-taxable","23":"purchasable","24":"product-type-simple"},"bundled_by":[],"bundle_stock_status":"instock","bundle_stock_quantity":2,"bundle_virtual":false,"bundle_layout":"","bundle_add_to_cart_form_location":"","bundle_editable_in_cart":false,"bundle_sold_individually_context":"","bundle_item_grouping":"","bundle_min_size":"","bundle_max_size":"","bundle_price":[],"bundled_items":[],"bundle_sell_ids":[],"acf":[],"df_price":1990,"df_sale_price":"","df_regular_price":1990,"df_image_link":"https:\/\/www.fitness-flohmarkt.ch\/wp-content\/uploads\/atx-cpt-800_01_1-4-300x300.webp","_links":{"self":[{"href":"https:\/\/www.fitness-flohmarkt.ch\/fr\/wp-json\/wp\/v2\/product\/43119","targetHints":{"allow":["GET"]}}],"collection":[{"href":"https:\/\/www.fitness-flohmarkt.ch\/fr\/wp-json\/wp\/v2\/product"}],"about":[{"href":"https:\/\/www.fitness-flohmarkt.ch\/fr\/wp-json\/wp\/v2\/types\/product"}],"replies":[{"embeddable":true,"href":"https:\/\/www.fitness-flohmarkt.ch\/fr\/wp-json\/wp\/v2\/comments?post=43119"}],"wp:featuredmedia":[{"embeddable":true,"href":"https:\/\/www.fitness-flohmarkt.ch\/fr\/wp-json\/wp\/v2\/media\/9048494"}],"wp:attachment":[{"href":"https:\/\/www.fitness-flohmarkt.ch\/fr\/wp-json\/wp\/v2\/media?parent=43119"}],"wp:term":[{"taxonomy":"product_brand","embeddable":true,"href":"https:\/\/www.fitness-flohmarkt.ch\/fr\/wp-json\/wp\/v2\/product_brand?post=43119"},{"taxonomy":"product_cat","embeddable":true,"href":"https:\/\/www.fitness-flohmarkt.ch\/fr\/wp-json\/wp\/v2\/product_cat?post=43119"},{"taxonomy":"product_tag","embeddable":true,"href":"https:\/\/www.fitness-flohmarkt.ch\/fr\/wp-json\/wp\/v2\/product_tag?post=43119"}],"curies":[{"name":"wp","href":"https:\/\/api.w.org\/{rel}","templated":true}]}}