{"id":43082,"date":"2025-03-11T13:16:04","date_gmt":"2025-03-11T12:16:04","guid":{"rendered":"https:\/\/www2.fitness-flohmarkt.ch\/produkt\/atx-speed-runner-curved-ct-02\/"},"modified":"2026-03-19T09:55:06","modified_gmt":"2026-03-19T08:55:06","slug":"atx-speed-runner-curved-ct-02","status":"publish","type":"product","link":"https:\/\/www.fitness-flohmarkt.ch\/fr\/produkt\/atx-speed-runner-curved-ct-02\/","title":{"rendered":"ATX Speed Runner Curved CT-02 | Tapis de course"},"content":{"rendered":"<h3 data-start=\"152\" data-end=\"202\"><strong data-start=\"156\" data-end=\"202\">ATX\u00ae Speed Runner - Tapis roulant incurv\u00e9 CT-02<\/strong><\/h3>\n<p data-start=\"204\" data-end=\"586\">L'ATX\u00ae Speed Runner est un tapis de course haut de gamme sans moteur qui fonctionne \u00e0 la seule force musculaire. La surface de course concave est compos\u00e9e de lamelles en plastique mont\u00e9es sur roulements \u00e0 billes et permet une sensation de course naturelle, m\u00e9nageant les articulations - ind\u00e9pendamment de l'objectif d'entra\u00eenement, que ce soit la marche, le sprint ou l'entra\u00eenement par intervalles. La vitesse est enti\u00e8rement contr\u00f4l\u00e9e par le propre rythme de course.<\/p>\n<p data-start=\"588\" data-end=\"1048\">L'appareil convainc par sa construction robuste avec un poids propre de 145 kg, une grande capacit\u00e9 de charge jusqu'\u00e0 180 kg et une construction pratiquement sans entretien. L'ordinateur d'entra\u00eenement LCD fournit toutes les donn\u00e9es de performance pertinentes en un coup d'\u0153il. Il est command\u00e9 par des touches de s\u00e9lection directe et offre des fonctions simples telles que Body Fat, Recovery et le calcul de l'IMC. Des caract\u00e9ristiques suppl\u00e9mentaires telles que des roulettes de transport, un support pour smartphone et une compensation au sol compl\u00e8tent l'ensemble.<\/p>\n<p data-start=\"1050\" data-end=\"1201\">Le Speed Runner est imm\u00e9diatement pr\u00eat \u00e0 l'emploi - sans aucun branchement \u00e9lectrique - et est id\u00e9al pour l'entra\u00eenement de course professionnel dans les studios, les salles de PT ou les gymnases \u00e0 domicile.<\/p>\n<p data-start=\"1050\" data-end=\"1201\"><strong>Un appareil de pointe compact et lourd !\u00a0<\/strong><strong>Techniquement minimis\u00e9 \u00e0 l'essentiel, pratiquement sans limites !<\/strong><\/p>\n<h4 data-start=\"1208\" data-end=\"1235\"><strong data-start=\"1214\" data-end=\"1233\">En un coup d'\u0153il<\/strong><\/h4>\n<ul data-start=\"1236\" data-end=\"2017\">\n<li data-start=\"1236\" data-end=\"1292\">\n<p data-start=\"1238\" data-end=\"1292\">Tapis de course sans moteur avec surface de course \u00e0 lamelles incurv\u00e9es<\/p>\n<\/li>\n<li data-start=\"1293\" data-end=\"1359\">\n<p data-start=\"1295\" data-end=\"1359\">Vitesse autopropuls\u00e9e - pas de branchement \u00e9lectrique n\u00e9cessaire<\/p>\n<\/li>\n<li data-start=\"1360\" data-end=\"1393\">\n<p data-start=\"1362\" data-end=\"1393\">Grande surface de course : 150 x 44 cm<\/p>\n<\/li>\n<li data-start=\"1394\" data-end=\"1450\">\n<p data-start=\"1396\" data-end=\"1450\">Lamelles en plastique de haute qualit\u00e9, extr\u00eamement r\u00e9sistantes \u00e0 l'usure<\/p>\n<\/li>\n<li data-start=\"1451\" data-end=\"1504\">\n<p data-start=\"1453\" data-end=\"1504\">94 Roulements \u00e0 billes pour un fonctionnement fluide et silencieux<\/p>\n<\/li>\n<li data-start=\"1505\" data-end=\"1529\">\n<p data-start=\"1507\" data-end=\"1529\">poids propre : 145 kg<\/p>\n<\/li>\n<li data-start=\"1530\" data-end=\"1560\">\n<p data-start=\"1532\" data-end=\"1560\">charge maximale : 180 kg<\/p>\n<\/li>\n<li data-start=\"1561\" data-end=\"1611\">\n<p data-start=\"1563\" data-end=\"1611\">Barre de support extra large et main courante robuste<\/p>\n<\/li>\n<li data-start=\"1612\" data-end=\"1674\">\n<p data-start=\"1614\" data-end=\"1674\">Roulettes de transport et \u00e9trier de levage pour un positionnement facile<\/p>\n<\/li>\n<li data-start=\"1675\" data-end=\"1707\">\n<p data-start=\"1677\" data-end=\"1707\">Pieds de r\u00e9glage pour l'\u00e9galisation du sol<\/p>\n<\/li>\n<li data-start=\"1708\" data-end=\"1877\">\n<p data-start=\"1710\" data-end=\"1760\">\u00c9cran LCD (fonctionnant sur piles) avec affichage de :<\/p>\n<ul data-start=\"1763\" data-end=\"1877\">\n<li data-start=\"1763\" data-end=\"1782\">\n<p data-start=\"1765\" data-end=\"1782\">Vitesse<\/p>\n<\/li>\n<li data-start=\"1785\" data-end=\"1793\">\n<p data-start=\"1787\" data-end=\"1793\">Temps<\/p>\n<\/li>\n<li data-start=\"1796\" data-end=\"1807\">\n<p data-start=\"1798\" data-end=\"1807\">Distance<\/p>\n<\/li>\n<li data-start=\"1810\" data-end=\"1822\">\n<p data-start=\"1812\" data-end=\"1822\">Calories<\/p>\n<\/li>\n<li data-start=\"1825\" data-end=\"1877\">\n<p data-start=\"1827\" data-end=\"1877\">pouls (compatible avec une ceinture pectorale, non incluse)<\/p>\n<\/li>\n<\/ul>\n<\/li>\n<li data-start=\"1878\" data-end=\"1942\">\n<p data-start=\"1880\" data-end=\"1942\">Touches de fonction : Reset\/Go, Body Fat, Mode, Up\/Recovery, Down<\/p>\n<\/li>\n<li data-start=\"1943\" data-end=\"1970\">\n<p data-start=\"1945\" data-end=\"1970\">Rangement pour t\u00e9l\u00e9phone portable<\/p>\n<\/li>\n<li data-start=\"1971\" data-end=\"2017\">\n<p data-start=\"1973\" data-end=\"2017\">Pratiquement sans entretien et pr\u00eat \u00e0 l'emploi<\/p>\n<\/li>\n<\/ul>","protected":false},"excerpt":{"rendered":"<p>L'ATX\u00ae Speed Runner est un tapis de course professionnel sans moteur avec une surface de course \u00e0 lamelles incurv\u00e9es pour des s\u00e9ances de course r\u00e9alistes. Autopropuls\u00e9, peu d'entretien et stable - id\u00e9al pour le sprint et l'entra\u00eenement d'endurance, sans aucun branchement \u00e9lectrique.<\/p>","protected":false},"featured_media":9048482,"comment_status":"closed","ping_status":"closed","template":"","meta":{"_acf_changed":false,"_gspb_post_css":""},"product_brand":[1039],"product_cat":[818,1197,312],"product_tag":[],"class_list":{"0":"post-43082","1":"product","2":"type-product","3":"status-publish","4":"has-post-thumbnail","6":"product_brand-atx","7":"product_cat-conditioning","8":"product_cat-hyrox","9":"product_cat-laufbaender","10":"product_shipping_class-standard","11":"pa_angezeigte-messwerte-distanz","12":"pa_angezeigte-messwerte-geschwindigkeit","13":"pa_angezeigte-messwerte-kalorien","14":"pa_angezeigte-messwerte-puls-in-verbindung-mit-brustgurt-nicht-inkl","15":"pa_angezeigte-messwerte-zeit","16":"pa_breite-83-cm","17":"pa_breite-laufflaeche-44-cm","18":"pa_bremssystem-eigenantrieb","19":"pa_energieversorgung-eigenantrieb","20":"pa_energieversorgung-stromlos","21":"pa_farbe-schwarz","22":"pa_gewicht-145-cm","23":"pa_hoehe-160-cm","24":"pa_hometrainertyp-laufband","25":"pa_kompatibel-pulsempfaenger-brustgurt-optional","26":"pa_laenge-171-cm","27":"pa_laenge-laufflaeche-150-cm","28":"pa_laufband-features-eigenantrieb","29":"pa_laufband-features-halterung-smartphone","30":"pa_laufband-features-konkave-laufflaeche","31":"pa_laufband-features-transportrollen","32":"pa_max-belastung-180-kg","33":"pa_max-geschwindigkeit-unbegrenzt","35":"first","36":"instock","37":"taxable","38":"shipping-taxable","39":"purchasable","40":"product-type-simple"},"bundled_by":[],"bundle_stock_status":"instock","bundle_stock_quantity":2,"bundle_virtual":false,"bundle_layout":"","bundle_add_to_cart_form_location":"","bundle_editable_in_cart":false,"bundle_sold_individually_context":"","bundle_item_grouping":"","bundle_min_size":"","bundle_max_size":"","bundle_price":[],"bundled_items":[],"bundle_sell_ids":[],"acf":[],"df_price":2490,"df_sale_price":"","df_regular_price":2490,"df_image_link":"https:\/\/www.fitness-flohmarkt.ch\/wp-content\/uploads\/atx-ct-02_01-20250310-125820-3-1-1-300x300.png","_links":{"self":[{"href":"https:\/\/www.fitness-flohmarkt.ch\/fr\/wp-json\/wp\/v2\/product\/43082","targetHints":{"allow":["GET"]}}],"collection":[{"href":"https:\/\/www.fitness-flohmarkt.ch\/fr\/wp-json\/wp\/v2\/product"}],"about":[{"href":"https:\/\/www.fitness-flohmarkt.ch\/fr\/wp-json\/wp\/v2\/types\/product"}],"replies":[{"embeddable":true,"href":"https:\/\/www.fitness-flohmarkt.ch\/fr\/wp-json\/wp\/v2\/comments?post=43082"}],"wp:featuredmedia":[{"embeddable":true,"href":"https:\/\/www.fitness-flohmarkt.ch\/fr\/wp-json\/wp\/v2\/media\/9048482"}],"wp:attachment":[{"href":"https:\/\/www.fitness-flohmarkt.ch\/fr\/wp-json\/wp\/v2\/media?parent=43082"}],"wp:term":[{"taxonomy":"product_brand","embeddable":true,"href":"https:\/\/www.fitness-flohmarkt.ch\/fr\/wp-json\/wp\/v2\/product_brand?post=43082"},{"taxonomy":"product_cat","embeddable":true,"href":"https:\/\/www.fitness-flohmarkt.ch\/fr\/wp-json\/wp\/v2\/product_cat?post=43082"},{"taxonomy":"product_tag","embeddable":true,"href":"https:\/\/www.fitness-flohmarkt.ch\/fr\/wp-json\/wp\/v2\/product_tag?post=43082"}],"curies":[{"name":"wp","href":"https:\/\/api.w.org\/{rel}","templated":true}]}}