{"id":4167,"date":"2025-01-25T16:30:20","date_gmt":"2025-01-25T15:30:20","guid":{"rendered":"https:\/\/www2.fitness-flohmarkt.ch\/produkt\/gymnastikball-65cm-inkl-pumpe\/"},"modified":"2026-04-20T15:13:31","modified_gmt":"2026-04-20T13:13:31","slug":"ballon-de-gymnastique-65cm-avec-pompe","status":"publish","type":"product","link":"https:\/\/www.fitness-flohmarkt.ch\/fr\/produkt\/gymnastikball-65cm-inkl-pumpe\/","title":{"rendered":"Balle de gymnastique 65 cm | pompe incluse"},"content":{"rendered":"<h3>Balle de gymnastique 65 cm - Pour le renforcement du dos, l'\u00e9quilibre et l'entra\u00eenement du core<\/h3>\n<p>Balle de gymnastique durable et peu encombrante (Stability Ball) pour entra\u00eener l'\u00e9quilibre, la musculation dynamique, le dos et la stabilit\u00e9 du tronc. Convient \u00e0 la maison et aux centres de fitness, pour tous les niveaux sportifs, de l'entra\u00eenement de performance \u00e0 la r\u00e9\u00e9ducation.<\/p>\n<p>Trop assis, pas assez d'exercice - voil\u00e0 comment on peut r\u00e9sumer le travail quotidien de la plupart des Suisses. Les cons\u00e9quences sont pr\u00e9visibles : Beaucoup de gens souffrent de probl\u00e8mes de dos, de tensions et de douleurs qui en r\u00e9sultent. Tu peux t'entra\u00eener contre cela avec un ballon de gymnastique - il est id\u00e9al pour renforcer ton dos et les muscles abdominaux de mani\u00e8re pr\u00e9ventive.<\/p>\n<ul>\n<li>Caoutchouc synth\u00e9tique r\u00e9sistant (jusqu'\u00e0 130 kg)<\/li>\n<li>Pompe \u00e0 main incluse<\/li>\n<li>Confort d'assise doux pour une colonne vert\u00e9brale saine<\/li>\n<li>Couleur : gris<\/li>\n<\/ul>\n<p>Cette taille (65 cm de diam\u00e8tre) convient le mieux aux personnes mesurant jusqu'\u00e0 180 cm. Les sportifs plus grands peuvent \u00e9galement utiliser ces ballons, mais ne peuvent pas effectuer tous les exercices avec un ballon de cette taille.<\/p>","protected":false},"excerpt":{"rendered":"<p>Balle de gymnastique Stability (65 cm) en caoutchouc r\u00e9sistant - id\u00e9ale pour l'entra\u00eenement du dos et du tronc \u00e0 la maison ou en studio. Pour les tailles jusqu'\u00e0 180 cm, pompe manuelle incluse.<\/p>","protected":false},"featured_media":9046669,"comment_status":"closed","ping_status":"closed","template":"","meta":{"_acf_changed":false,"_gspb_post_css":""},"product_brand":[1000],"product_cat":[825,343,822,304],"product_tag":[],"class_list":{"0":"post-4167","1":"product","2":"type-product","3":"status-publish","4":"has-post-thumbnail","6":"product_brand-fitcom","7":"product_cat-gymnastikball","8":"product_cat-heimgebrauch","9":"product_cat-mobility-recovery","10":"product_cat-reha-physio","11":"pa_artikel-pro-verkaufseinheit-2x","12":"pa_durchmesser-65-cm","13":"pa_farbe-grau","14":"pa_gymnastikballtyp-gymnastikball","15":"pa_lieferumfang-1x-gymnastikball","16":"pa_lieferumfang-1x-handpumpe","17":"pa_material-gummi","18":"pa_max-belastung-130-kg","20":"first","21":"instock","22":"taxable","23":"shipping-taxable","24":"purchasable","25":"product-type-simple"},"bundled_by":[],"bundle_stock_status":"instock","bundle_stock_quantity":222,"bundle_virtual":false,"bundle_layout":"","bundle_add_to_cart_form_location":"","bundle_editable_in_cart":false,"bundle_sold_individually_context":"","bundle_item_grouping":"","bundle_min_size":"","bundle_max_size":"","bundle_price":[],"bundled_items":[],"bundle_sell_ids":[],"acf":[],"df_price":9,"df_sale_price":"","df_regular_price":9,"df_image_link":"https:\/\/www.fitness-flohmarkt.ch\/wp-content\/uploads\/F-16811_Gymnastikball-65cm_0-20250314-103409-300x300.png","_links":{"self":[{"href":"https:\/\/www.fitness-flohmarkt.ch\/fr\/wp-json\/wp\/v2\/product\/4167","targetHints":{"allow":["GET"]}}],"collection":[{"href":"https:\/\/www.fitness-flohmarkt.ch\/fr\/wp-json\/wp\/v2\/product"}],"about":[{"href":"https:\/\/www.fitness-flohmarkt.ch\/fr\/wp-json\/wp\/v2\/types\/product"}],"replies":[{"embeddable":true,"href":"https:\/\/www.fitness-flohmarkt.ch\/fr\/wp-json\/wp\/v2\/comments?post=4167"}],"wp:featuredmedia":[{"embeddable":true,"href":"https:\/\/www.fitness-flohmarkt.ch\/fr\/wp-json\/wp\/v2\/media\/9046669"}],"wp:attachment":[{"href":"https:\/\/www.fitness-flohmarkt.ch\/fr\/wp-json\/wp\/v2\/media?parent=4167"}],"wp:term":[{"taxonomy":"product_brand","embeddable":true,"href":"https:\/\/www.fitness-flohmarkt.ch\/fr\/wp-json\/wp\/v2\/product_brand?post=4167"},{"taxonomy":"product_cat","embeddable":true,"href":"https:\/\/www.fitness-flohmarkt.ch\/fr\/wp-json\/wp\/v2\/product_cat?post=4167"},{"taxonomy":"product_tag","embeddable":true,"href":"https:\/\/www.fitness-flohmarkt.ch\/fr\/wp-json\/wp\/v2\/product_tag?post=4167"}],"curies":[{"name":"wp","href":"https:\/\/api.w.org\/{rel}","templated":true}]}}