{"id":4140,"date":"2025-01-25T16:29:08","date_gmt":"2025-01-25T15:29:08","guid":{"rendered":"https:\/\/www2.fitness-flohmarkt.ch\/produkt\/sz-stange-30mm\/"},"modified":"2026-05-14T20:50:06","modified_gmt":"2026-05-14T18:50:06","slug":"barre-de-sz-30mm","status":"publish","type":"product","link":"https:\/\/www.fitness-flohmarkt.ch\/fr\/produkt\/sz-stange-30mm\/","title":{"rendered":"Barre en SZ 30 mm | Barre de curling"},"content":{"rendered":"<h3 data-start=\"99\" data-end=\"171\"><strong data-start=\"99\" data-end=\"171\">Barre curl en forme de SZ de 120 cm avec fermeture en \u00e9toile - pour un entra\u00eenement efficace des bras<\/strong><\/h3>\n<p class=\"\" data-start=\"173\" data-end=\"419\">La barre curl en SZ de 120 cm est sp\u00e9cialement con\u00e7ue pour l'entra\u00eenement des biceps et des triceps. Gr\u00e2ce \u00e0 sa forme courb\u00e9e, elle permet une position des poignets qui m\u00e9nage les articulations et assure ainsi plus de confort et d'efficacit\u00e9 lors de l'entra\u00eenement des bras.<\/p>\n<p class=\"\" data-start=\"421\" data-end=\"899\">Avec un poids propre de 7 kg et une capacit\u00e9 de charge maximale de 150 kg, la barre de curl offre une stabilit\u00e9 suffisante m\u00eame avec des poids d'entra\u00eenement plus \u00e9lev\u00e9s. Les logements de 18,5 cm pour les disques d'halt\u00e8res sont adapt\u00e9s \u00e0 tous les disques d'halt\u00e8res courants avec un per\u00e7age de 30\/31 mm. La largeur int\u00e9rieure de la poign\u00e9e est de 80 cm, le diam\u00e8tre de la poign\u00e9e est de 28 mm - id\u00e9al pour un maniement s\u00fbr et confortable. Les surfaces de pr\u00e9hension molet\u00e9es assurent en outre une prise ferme pour tous les exercices.<\/p>\n<p class=\"\" data-start=\"901\" data-end=\"1161\">Gr\u00e2ce aux fermetures en \u00e9toile fournies, les poids restent bien en place pendant l'entra\u00eenement - id\u00e9al pour des r\u00e9p\u00e9titions contr\u00f4l\u00e9es sans cliquetis g\u00eanant. La barre curl en forme de SZ est id\u00e9ale pour l'entra\u00eenement cibl\u00e9 des bras \u00e0 la maison ou en studio.<\/p>\n<p data-start=\"901\" data-end=\"1161\"><strong>Remarque :<\/strong>\u00a0La barre est livr\u00e9e avec deux fermetures en \u00e9toile.<\/p>","protected":false},"excerpt":{"rendered":"<p>Barre curl en forme de SZ de 30 mm, fermetures en \u00e9toile incluses : Acier \u00e0 ressort robuste, chrom\u00e9, avec un poids net de 7 kg. Logements de 18,5 cm pour un maintien s\u00fbr des disques. Peut supporter jusqu'\u00e0 150 kg.<\/p>","protected":false},"featured_media":58064,"comment_status":"closed","ping_status":"closed","template":"","meta":{"_acf_changed":false,"_gspb_post_css":""},"product_brand":[1000],"product_cat":[806],"product_tag":[],"class_list":{"0":"post-4140","1":"product","2":"type-product","3":"status-publish","4":"has-post-thumbnail","6":"product_brand-fitcom","7":"product_cat-30mm-hantelstangen","8":"pa_abwurffaehig-nein","9":"pa_artikel-pro-verkaufseinheit-1x","10":"pa_durchmesser-30-mm","11":"pa_farbe-chrom","12":"pa_gewicht-7-kg","13":"pa_griffdurchmesser-2-8-mm","14":"pa_griffinnenmass-80-cm","15":"pa_griffweitenmarkierung-nein","16":"pa_hantelstangentyp-curl-hantelstange","17":"pa_hantelverschluss-schraubverschluss","18":"pa_laenge-120-cm","19":"pa_lieferumfang-1x-hantelstange","20":"pa_lieferumfang-2x-drehverschluss","21":"pa_material-federstahl","22":"pa_max-belastung-150-kg","24":"first","25":"instock","26":"taxable","27":"shipping-taxable","28":"purchasable","29":"product-type-simple"},"bundled_by":[],"bundle_stock_status":"instock","bundle_stock_quantity":49,"bundle_virtual":false,"bundle_layout":"","bundle_add_to_cart_form_location":"","bundle_editable_in_cart":false,"bundle_sold_individually_context":"","bundle_item_grouping":"","bundle_min_size":"","bundle_max_size":"","bundle_price":[],"bundled_items":[],"bundle_sell_ids":[],"acf":[],"df_price":20,"df_sale_price":"","df_regular_price":20,"df_image_link":"https:\/\/www.fitness-flohmarkt.ch\/wp-content\/uploads\/F-25677_SZ-Stange-30mm_0-20250314-103218-300x300.jpg","_links":{"self":[{"href":"https:\/\/www.fitness-flohmarkt.ch\/fr\/wp-json\/wp\/v2\/product\/4140","targetHints":{"allow":["GET"]}}],"collection":[{"href":"https:\/\/www.fitness-flohmarkt.ch\/fr\/wp-json\/wp\/v2\/product"}],"about":[{"href":"https:\/\/www.fitness-flohmarkt.ch\/fr\/wp-json\/wp\/v2\/types\/product"}],"replies":[{"embeddable":true,"href":"https:\/\/www.fitness-flohmarkt.ch\/fr\/wp-json\/wp\/v2\/comments?post=4140"}],"wp:featuredmedia":[{"embeddable":true,"href":"https:\/\/www.fitness-flohmarkt.ch\/fr\/wp-json\/wp\/v2\/media\/58064"}],"wp:attachment":[{"href":"https:\/\/www.fitness-flohmarkt.ch\/fr\/wp-json\/wp\/v2\/media?parent=4140"}],"wp:term":[{"taxonomy":"product_brand","embeddable":true,"href":"https:\/\/www.fitness-flohmarkt.ch\/fr\/wp-json\/wp\/v2\/product_brand?post=4140"},{"taxonomy":"product_cat","embeddable":true,"href":"https:\/\/www.fitness-flohmarkt.ch\/fr\/wp-json\/wp\/v2\/product_cat?post=4140"},{"taxonomy":"product_tag","embeddable":true,"href":"https:\/\/www.fitness-flohmarkt.ch\/fr\/wp-json\/wp\/v2\/product_tag?post=4140"}],"curies":[{"name":"wp","href":"https:\/\/api.w.org\/{rel}","templated":true}]}}