{"id":4118,"date":"2025-01-25T16:28:20","date_gmt":"2025-01-25T15:28:20","guid":{"rendered":"https:\/\/www2.fitness-flohmarkt.ch\/produkt\/atx-multi-hantelbank-102\/"},"modified":"2026-05-13T06:50:12","modified_gmt":"2026-05-13T04:50:12","slug":"banc-de-musculation-multi-atx-102","status":"publish","type":"product","link":"https:\/\/www.fitness-flohmarkt.ch\/fr\/produkt\/atx-multi-hantelbank-102\/","title":{"rendered":"ATX Banc de musculation multi 102 r\u00e9glable | Adjustable Bench"},"content":{"rendered":"<h3>ATX\u00ae Multibank 102 - Banc d'entra\u00eenement r\u00e9glable pour applications multiples<\/h3>\n<p data-start=\"150\" data-end=\"385\">L'ATX\u00ae Multibank 102 est un banc de musculation multifonctionnel de la s\u00e9rie ATX\u00ae de haute qualit\u00e9. Avec sa construction stable en tube d'acier carr\u00e9 robuste (8 x 4 cm), il peut supporter jusqu'\u00e0 250 kg et assure un entra\u00eenement en toute s\u00e9curit\u00e9.<\/p>\n<p data-start=\"387\" data-end=\"745\">Le banc dispose d'un rembourrage confortable d'une \u00e9paisseur d'environ 5,8 cm, qui favorise une sensation d'entra\u00eenement agr\u00e9able. Le dossier peut \u00eatre r\u00e9gl\u00e9 dans 6 positions diff\u00e9rentes - de plat \u00e0 un angle de 89\u00b0. L'assise peut \u00e9galement \u00eatre ajust\u00e9e dans 3 positions afin d'adapter le banc de mani\u00e8re optimale \u00e0 chaque exercice.<\/p>\n<p data-start=\"747\" data-end=\"1004\">Le r\u00e9glage s'effectue \u00e0 l'aide d'un rail d'arr\u00eat pratique et s\u00fbr qui emp\u00eache tout glissement involontaire. Les pieds en caoutchouc assurent une stabilit\u00e9 suppl\u00e9mentaire, tout en \u00e9tant antid\u00e9rapants et en prot\u00e9geant le sol contre les dommages.<\/p>\n<p data-start=\"1006\" data-end=\"1262\" data-is-last-node=\"\" data-is-only-node=\"\">Avec un poids propre d'environ 21 kg, le banc multifonctionnel est facile \u00e0 d\u00e9placer et flexible \u00e0 utiliser. Que ce soit pour un entra\u00eenement ambitieux \u00e0 la maison ou pour une utilisation professionnelle - l'ATX\u00ae Multibank 102 offre une performance solide et une haute qualit\u00e9 dans chaque environnement.<\/p>","protected":false},"excerpt":{"rendered":"<p>L'ATX\u00ae Multibank 102 : banc de musculation de haute qualit\u00e9 de la s\u00e9rie ATX\u00ae, stable &amp; pouvant supporter jusqu'\u00e0 250 kg. Rembourrage confortable, dossier r\u00e9glable en 6 positions (0-89\u00b0) &amp; assise r\u00e9glable en 3 positions. Maintien s\u00fbr gr\u00e2ce au rail d'arr\u00eat &amp; aux pieds caoutchout\u00e9s. L\u00e9ger (env. 21 kg) &amp; facile \u00e0 transporter.<\/p>","protected":false},"featured_media":9048572,"comment_status":"closed","ping_status":"closed","template":"","meta":{"_acf_changed":false,"_gspb_post_css":""},"product_brand":[1039],"product_cat":[358],"product_tag":[],"class_list":{"0":"post-4118","1":"product","2":"type-product","3":"status-publish","4":"has-post-thumbnail","6":"product_brand-atx","7":"product_cat-hantelbaenke","8":"product_shipping_class-standard","9":"pa_anzahl-stufen-1731","10":"pa_artikel-pro-verkaufseinheit-1x","11":"pa_breite-63-cm","12":"pa_farbe-schwarz","13":"pa_gewicht-21-kg","14":"pa_hantelbanktyp-schraegbank","15":"pa_hoehe-51-5-cm","16":"pa_laenge-113-5-cm","17":"pa_lieferumfang-1x-hantelbank","18":"pa_material-stahl","19":"pa_material-polster-kunstleder","20":"pa_max-belastung-250-kg","21":"pa_negativ-einstellung-nein","22":"pa_transportrollen-nein","23":"pa_verstellbare-rueckenlehne-ja","24":"pa_verstellbarer-sitz-ja","26":"first","27":"instock","28":"taxable","29":"shipping-taxable","30":"purchasable","31":"product-type-simple"},"bundled_by":[],"bundle_stock_status":"instock","bundle_stock_quantity":14,"bundle_virtual":false,"bundle_layout":"","bundle_add_to_cart_form_location":"","bundle_editable_in_cart":false,"bundle_sold_individually_context":"","bundle_item_grouping":"","bundle_min_size":"","bundle_max_size":"","bundle_price":[],"bundled_items":[],"bundle_sell_ids":[],"acf":[],"df_price":195,"df_sale_price":"","df_regular_price":195,"df_image_link":"https:\/\/www.fitness-flohmarkt.ch\/wp-content\/uploads\/F-17334_ATX-Multi-Hantelbank-102_0-20250314-103114-1-300x300.png","_links":{"self":[{"href":"https:\/\/www.fitness-flohmarkt.ch\/fr\/wp-json\/wp\/v2\/product\/4118","targetHints":{"allow":["GET"]}}],"collection":[{"href":"https:\/\/www.fitness-flohmarkt.ch\/fr\/wp-json\/wp\/v2\/product"}],"about":[{"href":"https:\/\/www.fitness-flohmarkt.ch\/fr\/wp-json\/wp\/v2\/types\/product"}],"replies":[{"embeddable":true,"href":"https:\/\/www.fitness-flohmarkt.ch\/fr\/wp-json\/wp\/v2\/comments?post=4118"}],"wp:featuredmedia":[{"embeddable":true,"href":"https:\/\/www.fitness-flohmarkt.ch\/fr\/wp-json\/wp\/v2\/media\/9048572"}],"wp:attachment":[{"href":"https:\/\/www.fitness-flohmarkt.ch\/fr\/wp-json\/wp\/v2\/media?parent=4118"}],"wp:term":[{"taxonomy":"product_brand","embeddable":true,"href":"https:\/\/www.fitness-flohmarkt.ch\/fr\/wp-json\/wp\/v2\/product_brand?post=4118"},{"taxonomy":"product_cat","embeddable":true,"href":"https:\/\/www.fitness-flohmarkt.ch\/fr\/wp-json\/wp\/v2\/product_cat?post=4118"},{"taxonomy":"product_tag","embeddable":true,"href":"https:\/\/www.fitness-flohmarkt.ch\/fr\/wp-json\/wp\/v2\/product_tag?post=4118"}],"curies":[{"name":"wp","href":"https:\/\/api.w.org\/{rel}","templated":true}]}}