{"id":4050,"date":"2025-01-25T16:26:26","date_gmt":"2025-01-25T15:26:26","guid":{"rendered":"https:\/\/www2.fitness-flohmarkt.ch\/produkt\/langhantelstange-olympia-black-20-kg\/"},"modified":"2026-04-27T09:16:12","modified_gmt":"2026-04-27T07:16:12","slug":"barre-dhaltere-longue-olympia-black-20-kg","status":"publish","type":"product","link":"https:\/\/www.fitness-flohmarkt.ch\/fr\/produkt\/langhantelstange-olympia-black-20-kg\/","title":{"rendered":"Barre d'halt\u00e8re Olympia 50 mm | acier \u00e0 ressort jusqu'\u00e0 1500 lb"},"content":{"rendered":"<h3><strong>Halt\u00e8re long Olympia 220 cm Black Chrome - qualit\u00e9 professionnelle pour les charges et les exigences les plus \u00e9lev\u00e9es<\/strong><\/h3>\n<p><span style=\"font-weight: 400\">L'halt\u00e8re Olympia d'une longueur de 220 cm et d'un poids de 20 kg est sp\u00e9cialement con\u00e7u pour les athl\u00e8tes ambitieux et les studios professionnels. Fabriqu\u00e9 en acier \u00e0 ressort de haute qualit\u00e9 et rev\u00eatu d'un \u00e9l\u00e9gant Black Chrome, il est particuli\u00e8rement r\u00e9sistant et offre une impressionnante capacit\u00e9 de charge maximale de 700 kg - parfait pour le powerlifting intensif et l'halt\u00e9rophilie olympique.<\/span><\/p>\n<p><span style=\"font-weight: 400\">Gr\u00e2ce aux roulements \u00e0 billes (Ball Bearings), l'halt\u00e8re long permet une rotation particuli\u00e8rement fluide qui favorise les mouvements rapides comme Clean &amp; Jerk ou Snatch et m\u00e9nage les articulations. Le moletage de la barre de poign\u00e9e d'un diam\u00e8tre de 28 mm assure une prise en main s\u00fbre m\u00eame en cas de charges \u00e9lev\u00e9es. Les rep\u00e8res de la largeur de la poign\u00e9e facilitent la bonne position de la poign\u00e9e et am\u00e9liorent ainsi la technique lors des diff\u00e9rents lifts.<\/span><\/p>\n<p><span style=\"font-weight: 400\">Avec un diam\u00e8tre de r\u00e9ception de 50 mm et une r\u00e9ception de disque d'halt\u00e8re de 41,5 cm, l'halt\u00e8re long est compatible avec tous les disques d'halt\u00e8res courants de 50 mm. La barre est \u00e9jectable et offre ainsi la s\u00e9curit\u00e9 n\u00e9cessaire pour un entra\u00eenement intensif.<\/span><\/p>\n<p>L'halt\u00e8re long Olympia 220 cm Black Chrome est conforme \u00e0 la norme internationale pour les barres d'halt\u00e8res professionnelles et combine une excellente qualit\u00e9 et fonctionnalit\u00e9 - un excellent choix pour ceux qui souhaitent \u00e9lever leurs performances d'entra\u00eenement \u00e0 un niveau sup\u00e9rieur.<\/p>","protected":false},"excerpt":{"rendered":"<p>Halt\u00e8re long Olympia 50 mm Black Chrome : acier \u00e0 ressort, avec poids propre de 20 kg. 220 cm de longueur, peut \u00eatre charg\u00e9 jusqu'\u00e0 700 kg. Roulements \u00e0 aiguilles pour une utilisation sans probl\u00e8me. Finition chrom\u00e9e noire, marquages IWF et moletage agressif.<\/p>","protected":false},"featured_media":9049493,"comment_status":"closed","ping_status":"closed","template":"","meta":{"_acf_changed":false,"_gspb_post_css":""},"product_brand":[1000],"product_cat":[839,331],"product_tag":[],"class_list":{"0":"post-4050","1":"product","2":"type-product","3":"status-publish","4":"has-post-thumbnail","6":"product_brand-fitcom","7":"product_cat-50mm-hantelstangen","8":"product_cat-weightlifting","9":"product_shipping_class-hantelstange","10":"pa_abwurffaehig-ja","11":"pa_artikel-pro-verkaufseinheit-1x","12":"pa_durchmesser-50-mm","13":"pa_farbe-schwarz","14":"pa_gewicht-20-kg","15":"pa_griffdurchmesser-2-8-mm","16":"pa_griffinnenmass-131-cm","17":"pa_griffumfang-88-mm","18":"pa_griffweitenmarkierung-ja","19":"pa_hantelstangentyp-langhantelstange","20":"pa_hantelverschluss-keine","21":"pa_laenge-220-cm","22":"pa_lagerung-kugellager","23":"pa_lieferumfang-1x-hantelstange","24":"pa_material-federstahl","25":"pa_max-belastung-700-kg","27":"first","28":"instock","29":"taxable","30":"shipping-taxable","31":"purchasable","32":"product-type-simple"},"bundled_by":[],"bundle_stock_status":"instock","bundle_stock_quantity":110,"bundle_virtual":false,"bundle_layout":"","bundle_add_to_cart_form_location":"","bundle_editable_in_cart":false,"bundle_sold_individually_context":"","bundle_item_grouping":"","bundle_min_size":"","bundle_max_size":"","bundle_price":[],"bundled_items":[],"bundle_sell_ids":[],"acf":[],"df_price":220,"df_sale_price":"","df_regular_price":220,"df_image_link":"https:\/\/www.fitness-flohmarkt.ch\/wp-content\/uploads\/stange_1-2-300x300.jpg","_links":{"self":[{"href":"https:\/\/www.fitness-flohmarkt.ch\/fr\/wp-json\/wp\/v2\/product\/4050","targetHints":{"allow":["GET"]}}],"collection":[{"href":"https:\/\/www.fitness-flohmarkt.ch\/fr\/wp-json\/wp\/v2\/product"}],"about":[{"href":"https:\/\/www.fitness-flohmarkt.ch\/fr\/wp-json\/wp\/v2\/types\/product"}],"replies":[{"embeddable":true,"href":"https:\/\/www.fitness-flohmarkt.ch\/fr\/wp-json\/wp\/v2\/comments?post=4050"}],"wp:featuredmedia":[{"embeddable":true,"href":"https:\/\/www.fitness-flohmarkt.ch\/fr\/wp-json\/wp\/v2\/media\/9049493"}],"wp:attachment":[{"href":"https:\/\/www.fitness-flohmarkt.ch\/fr\/wp-json\/wp\/v2\/media?parent=4050"}],"wp:term":[{"taxonomy":"product_brand","embeddable":true,"href":"https:\/\/www.fitness-flohmarkt.ch\/fr\/wp-json\/wp\/v2\/product_brand?post=4050"},{"taxonomy":"product_cat","embeddable":true,"href":"https:\/\/www.fitness-flohmarkt.ch\/fr\/wp-json\/wp\/v2\/product_cat?post=4050"},{"taxonomy":"product_tag","embeddable":true,"href":"https:\/\/www.fitness-flohmarkt.ch\/fr\/wp-json\/wp\/v2\/product_tag?post=4050"}],"curies":[{"name":"wp","href":"https:\/\/api.w.org\/{rel}","templated":true}]}}