{"id":40453,"date":"2025-03-05T18:10:25","date_gmt":"2025-03-05T17:10:25","guid":{"rendered":"https:\/\/www2.fitness-flohmarkt.ch\/produkt\/floss-band-flossing\/"},"modified":"2026-04-15T12:51:16","modified_gmt":"2026-04-15T10:51:16","slug":"floss-band-flossing","status":"publish","type":"product","link":"https:\/\/www.fitness-flohmarkt.ch\/fr\/produkt\/floss-band-flossing\/","title":{"rendered":"Floss Band | Flossing"},"content":{"rendered":"<h3 data-start=\"49\" data-end=\"111\"><strong data-start=\"49\" data-end=\"111\">Floss Band - Mobilisation et r\u00e9g\u00e9n\u00e9ration efficaces des articulations<\/strong><\/h3>\n<p class=\"\" data-start=\"113\" data-end=\"499\">La bande Floss est un outil \u00e9prouv\u00e9 pour appliquer la technique du Flossing, une m\u00e9thode qui am\u00e9liore la m\u00e9canique des articulations et favorise la r\u00e9g\u00e9n\u00e9ration musculaire. En enroulant la bande autour d'une zone cible, comme le genou, le flux sanguin est bri\u00e8vement r\u00e9duit. Ensuite, la bande est d\u00e9tach\u00e9e, ce qui permet \u00e0 l'effet d'\u00e9ponge de stimuler \u00e0 nouveau le flux sanguin et d'\u00e9liminer les adh\u00e9rences des tissus.<\/p>\n<p class=\"\" data-start=\"501\" data-end=\"747\">La bande Floss favorise le soulagement de la douleur, am\u00e9liore la mobilit\u00e9, soutient la r\u00e9g\u00e9n\u00e9ration et augmente le Range of Motion. Elle convient parfaitement au traitement des tensions musculaires et \u00e0 la mobilisation des articulations.<\/p>\n<p class=\"\" data-start=\"749\" data-end=\"1035\">Le ruban est fabriqu\u00e9 en caoutchouc latex naturel hautement extensible et disponible en deux \u00e9paisseurs (1 mm en noir et 1,5 mm en rouge). Il mesure 230 cm de long et 5 cm de large. Veille \u00e0 ne porter le ruban que 1 \u00e0 2 minutes pour \u00e9viter les sensations ind\u00e9sirables.<\/p>","protected":false},"excerpt":{"rendered":"<p>Floss Band : une bande de flossing de haute qualit\u00e9 pour la mobilisation des articulations et la promotion de la r\u00e9g\u00e9n\u00e9ration. Gr\u00e2ce \u00e0 une compression et \u00e0 un mouvement cibl\u00e9s, elle favorise le soulagement de la douleur, optimise la m\u00e9canique articulaire et aide \u00e0 dissoudre les adh\u00e9rences tissulaires. Id\u00e9al pour une r\u00e9g\u00e9n\u00e9ration musculaire efficace et une am\u00e9lioration de la mobilit\u00e9.<\/p>","protected":false},"featured_media":9013703,"comment_status":"closed","ping_status":"closed","template":"","meta":{"_acf_changed":false,"_gspb_post_css":""},"product_brand":[1000],"product_cat":[319,822,304],"product_tag":[],"class_list":{"0":"post-40453","1":"product","2":"type-product","3":"status-publish","4":"has-post-thumbnail","6":"product_brand-fitcom","7":"product_cat-fitness-zubehoer","8":"product_cat-mobility-recovery","9":"product_cat-reha-physio","10":"pa_artikel-pro-verkaufseinheit-1x","11":"pa_breite-5-cm","12":"pa_dicke-1-5-mm","13":"pa_farbe-rot","14":"pa_farbe-schwarz","15":"pa_fitnessbandtyp-physioband","16":"pa_gewicht-0-05-kg","17":"pa_laenge-230-cm","18":"pa_lieferumfang-1x-flossband","19":"pa_material-gummi","21":"first","22":"instock","23":"taxable","24":"shipping-taxable","25":"purchasable","26":"product-type-variable"},"bundled_by":[],"bundle_stock_status":"instock","bundle_stock_quantity":null,"bundle_virtual":false,"bundle_layout":"","bundle_add_to_cart_form_location":"","bundle_editable_in_cart":false,"bundle_sold_individually_context":"","bundle_item_grouping":"","bundle_min_size":"","bundle_max_size":"","bundle_price":[],"bundled_items":[],"bundle_sell_ids":[],"acf":[],"df_price":10,"df_sale_price":"","df_regular_price":10,"df_image_link":"https:\/\/www.fitness-flohmarkt.ch\/wp-content\/uploads\/F-22572_Flossband_0-10-300x300.jpg","_links":{"self":[{"href":"https:\/\/www.fitness-flohmarkt.ch\/fr\/wp-json\/wp\/v2\/product\/40453","targetHints":{"allow":["GET"]}}],"collection":[{"href":"https:\/\/www.fitness-flohmarkt.ch\/fr\/wp-json\/wp\/v2\/product"}],"about":[{"href":"https:\/\/www.fitness-flohmarkt.ch\/fr\/wp-json\/wp\/v2\/types\/product"}],"replies":[{"embeddable":true,"href":"https:\/\/www.fitness-flohmarkt.ch\/fr\/wp-json\/wp\/v2\/comments?post=40453"}],"wp:featuredmedia":[{"embeddable":true,"href":"https:\/\/www.fitness-flohmarkt.ch\/fr\/wp-json\/wp\/v2\/media\/9013703"}],"wp:attachment":[{"href":"https:\/\/www.fitness-flohmarkt.ch\/fr\/wp-json\/wp\/v2\/media?parent=40453"}],"wp:term":[{"taxonomy":"product_brand","embeddable":true,"href":"https:\/\/www.fitness-flohmarkt.ch\/fr\/wp-json\/wp\/v2\/product_brand?post=40453"},{"taxonomy":"product_cat","embeddable":true,"href":"https:\/\/www.fitness-flohmarkt.ch\/fr\/wp-json\/wp\/v2\/product_cat?post=40453"},{"taxonomy":"product_tag","embeddable":true,"href":"https:\/\/www.fitness-flohmarkt.ch\/fr\/wp-json\/wp\/v2\/product_tag?post=40453"}],"curies":[{"name":"wp","href":"https:\/\/api.w.org\/{rel}","templated":true}]}}