{"id":4041,"date":"2025-01-25T16:25:57","date_gmt":"2025-01-25T15:25:57","guid":{"rendered":"https:\/\/www2.fitness-flohmarkt.ch\/produkt\/slide-pads-paar-sliders-gleitscheiben\/"},"modified":"2026-05-04T18:50:10","modified_gmt":"2026-05-04T16:50:10","slug":"slide-pads-paires-sliders-disques-de-glissement","status":"publish","type":"product","link":"https:\/\/www.fitness-flohmarkt.ch\/fr\/produkt\/slide-pads-paar-sliders-gleitscheiben\/","title":{"rendered":"Slide Pads (paire) | Sliders Disques de glissement"},"content":{"rendered":"<h3 data-start=\"386\" data-end=\"480\"><strong data-start=\"412\" data-end=\"480\"><span data-sheets-root=\"1\">Core Sliders<\/span> \u2013 Effektives Ganzk\u00f6rpertraining f\u00fcr unterwegs<\/strong><\/h3>\n<p class=\"\" data-start=\"482\" data-end=\"832\">Les Slide Pads Sliders offrent une mani\u00e8re simple et efficace d'intensifier l'entra\u00eenement du tronc. Avec un diam\u00e8tre de 24 cm et un poids de seulement 0,20 kg, ils sont excellents pour le fitness de tout le corps. La finition de haute qualit\u00e9 en tissu garantit une longue dur\u00e9e de vie et une utilisation agr\u00e9able.<\/p>\n<p class=\"\" data-start=\"834\" data-end=\"1062\">Les slide pads peuvent \u00eatre utilis\u00e9s sur toutes les surfaces. Le c\u00f4t\u00e9 lisse est id\u00e9al pour la moquette ou le li\u00e8ge, tandis que le c\u00f4t\u00e9 textur\u00e9 fonctionne particuli\u00e8rement bien sur les sols lisses comme le bois ou la pierre.<\/p>\n<p class=\"\" data-start=\"1064\" data-end=\"1333\">Les pads sont parfaits pour une vari\u00e9t\u00e9 d'exercices comme les fentes, les planches et les pompes et augmentent l'intensit\u00e9 de l'entra\u00eenement en ciblant les muscles profonds. L'entra\u00eenement des muscles du haut du corps et des abdominaux est particuli\u00e8rement efficace.<\/p>\n<p data-start=\"1335\" data-end=\"1563\"><strong>Remarque :<\/strong> Prix par paire.<\/p>","protected":false},"excerpt":{"rendered":"<p>Les Slide Pads Sliders sont polyvalents et id\u00e9aux pour l'entra\u00eenement du tronc. Ils d\u00e9veloppent la force du haut du corps et de l'abdomen et permettent de r\u00e9aliser de nombreux exercices. Avec un diam\u00e8tre de 18 cm et un sac de transport pratique, ils sont parfaits pour les d\u00e9placements.<\/p>","protected":false},"featured_media":9065663,"comment_status":"closed","ping_status":"closed","template":"","meta":{"_acf_changed":false,"_gspb_post_css":""},"product_brand":[1000],"product_cat":[810,813,319,343],"product_tag":[],"class_list":{"0":"post-4041","1":"product","2":"type-product","3":"status-publish","4":"has-post-thumbnail","6":"product_brand-fitcom","7":"product_cat-bauchtrainer","8":"product_cat-fg-diverse","9":"product_cat-fitness-zubehoer","10":"product_cat-heimgebrauch","11":"pa_artikel-pro-verkaufseinheit-1x","12":"pa_bauchtrainertyp-core-sliders","13":"pa_dicke-8-mm","14":"pa_durchmesser-24-cm","15":"pa_farbe-schwarz","16":"pa_fitness-zubehoertyp-bauchtraining","17":"pa_gewicht-0-20-kg","18":"pa_lieferumfang-2x-core-slider","19":"pa_material-stoff","20":"pa_max-belastung-200-kg","22":"first","23":"outofstock","24":"taxable","25":"shipping-taxable","26":"purchasable","27":"product-type-simple"},"bundled_by":[],"bundle_stock_status":"outofstock","bundle_stock_quantity":0,"bundle_virtual":false,"bundle_layout":"","bundle_add_to_cart_form_location":"","bundle_editable_in_cart":false,"bundle_sold_individually_context":"","bundle_item_grouping":"","bundle_min_size":"","bundle_max_size":"","bundle_price":[],"bundled_items":[],"bundle_sell_ids":[],"acf":[],"df_price":12,"df_sale_price":"","df_regular_price":12,"df_image_link":"https:\/\/www.fitness-flohmarkt.ch\/wp-content\/uploads\/Core-Sliders-1-300x300.avif","_links":{"self":[{"href":"https:\/\/www.fitness-flohmarkt.ch\/fr\/wp-json\/wp\/v2\/product\/4041","targetHints":{"allow":["GET"]}}],"collection":[{"href":"https:\/\/www.fitness-flohmarkt.ch\/fr\/wp-json\/wp\/v2\/product"}],"about":[{"href":"https:\/\/www.fitness-flohmarkt.ch\/fr\/wp-json\/wp\/v2\/types\/product"}],"replies":[{"embeddable":true,"href":"https:\/\/www.fitness-flohmarkt.ch\/fr\/wp-json\/wp\/v2\/comments?post=4041"}],"wp:featuredmedia":[{"embeddable":true,"href":"https:\/\/www.fitness-flohmarkt.ch\/fr\/wp-json\/wp\/v2\/media\/9065663"}],"wp:attachment":[{"href":"https:\/\/www.fitness-flohmarkt.ch\/fr\/wp-json\/wp\/v2\/media?parent=4041"}],"wp:term":[{"taxonomy":"product_brand","embeddable":true,"href":"https:\/\/www.fitness-flohmarkt.ch\/fr\/wp-json\/wp\/v2\/product_brand?post=4041"},{"taxonomy":"product_cat","embeddable":true,"href":"https:\/\/www.fitness-flohmarkt.ch\/fr\/wp-json\/wp\/v2\/product_cat?post=4041"},{"taxonomy":"product_tag","embeddable":true,"href":"https:\/\/www.fitness-flohmarkt.ch\/fr\/wp-json\/wp\/v2\/product_tag?post=4041"}],"curies":[{"name":"wp","href":"https:\/\/api.w.org\/{rel}","templated":true}]}}