{"id":4002,"date":"2025-01-25T16:24:55","date_gmt":"2025-01-25T15:24:55","guid":{"rendered":"https:\/\/www2.fitness-flohmarkt.ch\/produkt\/ab-wheel-bauchtrainer-bauch-roller\/"},"modified":"2026-04-23T23:30:09","modified_gmt":"2026-04-23T21:30:09","slug":"ab-wheel-abdo-trainer-roller","status":"publish","type":"product","link":"https:\/\/www.fitness-flohmarkt.ch\/fr\/produkt\/ab-wheel-bauchtrainer-bauch-roller\/","title":{"rendered":"Ab Wheel Appareil pour abdominaux | Rouleau pour abdominaux"},"content":{"rendered":"<h3><strong data-start=\"80\" data-end=\"158\">Ab Roller - appareil d'entra\u00eenement compact pour le renforcement cibl\u00e9 du ventre et du core<\/strong><\/h3>\n<p class=\"\" data-start=\"147\" data-end=\"615\">L'appareil pour abdominaux Ab Roller est id\u00e9al pour un entra\u00eenement efficace des abdominaux - aussi bien \u00e0 la maison qu'en salle de sport. Gr\u00e2ce au mouvement contr\u00f4l\u00e9 d'avant en arri\u00e8re, non seulement les muscles abdominaux droits sont intens\u00e9ment sollicit\u00e9s, mais aussi les muscles plus profonds du tronc. Cela renforce la stabilit\u00e9 du core, favorise une meilleure posture et peut aider \u00e0 pr\u00e9venir les probl\u00e8mes de dos.<\/p>\n<p class=\"\" data-start=\"617\" data-end=\"904\">Le rouleau en plastique stable permet un mouvement r\u00e9gulier sur diff\u00e9rentes surfaces, tandis que les poign\u00e9es ergonomiques assurent une prise s\u00fbre et confortable. L'entra\u00eenement peut ainsi \u00eatre effectu\u00e9 de mani\u00e8re pr\u00e9cise et contr\u00f4l\u00e9e - m\u00eame avec un grand nombre de r\u00e9p\u00e9titions.<\/p>\n<p class=\"\" data-start=\"906\" data-end=\"1303\">Avec son design compact et son faible poids, l'Ab Roller est facile \u00e0 ranger et \u00e0 transporter. Il convient \u00e0 tous les niveaux d'entra\u00eenement - des d\u00e9butants aux sportifs exp\u00e9riment\u00e9s qui souhaitent renforcer le centre de leur corps de mani\u00e8re cibl\u00e9e et intensifier leur routine d'entra\u00eenement. Un outil peu encombrant et efficace pour un entra\u00eenement fonctionnel du core dans un espace r\u00e9duit.<\/p>\n<p>&nbsp;<\/p>","protected":false},"excerpt":{"rendered":"<p>L'appareil abdominal Ab Roller est id\u00e9al pour un entra\u00eenement abdominal efficace. Il renforce de mani\u00e8re cibl\u00e9e la stabilit\u00e9 du tronc, ainsi que la musculature abdominale. Id\u00e9al pour les d\u00e9butants et les sportifs confirm\u00e9s. L'Ab Roller est compact et donc tr\u00e8s facile \u00e0 ranger.<\/p>","protected":false},"featured_media":57924,"comment_status":"closed","ping_status":"closed","template":"","meta":{"_acf_changed":false,"_gspb_post_css":""},"product_brand":[1000],"product_cat":[810,813,343],"product_tag":[],"class_list":{"0":"post-4002","1":"product","2":"type-product","3":"status-publish","4":"has-post-thumbnail","6":"product_brand-fitcom","7":"product_cat-bauchtrainer","8":"product_cat-fg-diverse","9":"product_cat-heimgebrauch","10":"pa_artikel-pro-verkaufseinheit-1x","11":"pa_bauchtrainertyp-ab-roller","12":"pa_breite-24-cm","13":"pa_dicke-45-mm","14":"pa_durchmesser-18-cm","15":"pa_farbe-schwarz","16":"pa_fitness-zubehoertyp-bauchtraining","17":"pa_gewicht-0-3-kg","18":"pa_lieferumfang-1x-ab-roller","19":"pa_material-kunststoff","20":"pa_max-belastung-100-kg","22":"first","23":"instock","24":"taxable","25":"shipping-taxable","26":"purchasable","27":"product-type-simple"},"bundled_by":[],"bundle_stock_status":"instock","bundle_stock_quantity":31,"bundle_virtual":false,"bundle_layout":"","bundle_add_to_cart_form_location":"","bundle_editable_in_cart":false,"bundle_sold_individually_context":"","bundle_item_grouping":"","bundle_min_size":"","bundle_max_size":"","bundle_price":[],"bundled_items":[],"bundle_sell_ids":[],"acf":[],"df_price":12,"df_sale_price":"","df_regular_price":12,"df_image_link":"https:\/\/www.fitness-flohmarkt.ch\/wp-content\/uploads\/F-75966_Bauch-Roller_0-20250314-102626-300x300.jpg","_links":{"self":[{"href":"https:\/\/www.fitness-flohmarkt.ch\/fr\/wp-json\/wp\/v2\/product\/4002","targetHints":{"allow":["GET"]}}],"collection":[{"href":"https:\/\/www.fitness-flohmarkt.ch\/fr\/wp-json\/wp\/v2\/product"}],"about":[{"href":"https:\/\/www.fitness-flohmarkt.ch\/fr\/wp-json\/wp\/v2\/types\/product"}],"replies":[{"embeddable":true,"href":"https:\/\/www.fitness-flohmarkt.ch\/fr\/wp-json\/wp\/v2\/comments?post=4002"}],"wp:featuredmedia":[{"embeddable":true,"href":"https:\/\/www.fitness-flohmarkt.ch\/fr\/wp-json\/wp\/v2\/media\/57924"}],"wp:attachment":[{"href":"https:\/\/www.fitness-flohmarkt.ch\/fr\/wp-json\/wp\/v2\/media?parent=4002"}],"wp:term":[{"taxonomy":"product_brand","embeddable":true,"href":"https:\/\/www.fitness-flohmarkt.ch\/fr\/wp-json\/wp\/v2\/product_brand?post=4002"},{"taxonomy":"product_cat","embeddable":true,"href":"https:\/\/www.fitness-flohmarkt.ch\/fr\/wp-json\/wp\/v2\/product_cat?post=4002"},{"taxonomy":"product_tag","embeddable":true,"href":"https:\/\/www.fitness-flohmarkt.ch\/fr\/wp-json\/wp\/v2\/product_tag?post=4002"}],"curies":[{"name":"wp","href":"https:\/\/api.w.org\/{rel}","templated":true}]}}