{"id":39538,"date":"2025-03-05T17:43:46","date_gmt":"2025-03-05T16:43:46","guid":{"rendered":"https:\/\/www2.fitness-flohmarkt.ch\/produkt\/nocco-bcaa-ready-to-drink\/"},"modified":"2026-05-08T13:30:48","modified_gmt":"2026-05-08T11:30:48","slug":"nocco-bcaa-pret-a-boire","status":"publish","type":"product","link":"https:\/\/www.fitness-flohmarkt.ch\/fr\/produkt\/nocco-bcaa-ready-to-drink\/","title":{"rendered":"Nocco BCAA | pr\u00eat \u00e0 boire"},"content":{"rendered":"<h3>NOCCO BCAA - La c\u00e9l\u00e8bre boisson fitness avec BCAA, caf\u00e9ine et vitamines<\/h3>\n<p>NOCCO BCAA contient des BCAA (Branched Chain Amino Acid), de la L-carnitine, du th\u00e9 vert avec EGCG, de la caf\u00e9ine et six vitamines diff\u00e9rentes. NOCCO BCAA est disponible en trois saveurs d\u00e9licieuses avec du gaz carbonique ; poire, baie rouge et p\u00eache. Tous les produits de NOCCO BCAA sont sans sucre. Une canette de 330 ml contient<\/p>\n<div class=\"gen-info-box-container opened\">- BCAA 8:1:1 (leucine, valine et isoleucine) 2500 mg<br \/>\n- L-carnitine 400 mg<br \/>\n- caf\u00e9ine 180 mg<br \/>\n- Vitamine D*<br \/>\n- vitamine B6*<br \/>\n- Vitamine B12<br \/>\n- Biotine*<br \/>\n- Folsyra*<br \/>\n- Niacine*<br \/>\n* 100% dose journali\u00e8re recommand\u00e9e<\/div>\n<div class=\"gen-info-box-container opened\"><\/div>\n<div class=\"gen-info-box-container opened\">BCAA+ de NOCCO dans la variante pomme est id\u00e9al apr\u00e8s l'entra\u00eenement avec 5000 mg de BCAA extr\u00eames dans un rapport 2:1:1 et soutient de mani\u00e8re optimale le d\u00e9veloppement et le maintien de la musculature, sans caf\u00e9ine et cette variante est \u00e9galement sans calories ainsi que sans sucre.<\/div>","protected":false},"excerpt":{"rendered":"<p>NOCCO BCAA fait partie int\u00e9grante de nombreuses salles de sport - connue pour sa combinaison de 2500 mg de BCAA (8:1:1), de L-carnitine, d'extrait de th\u00e9 vert, de 180 mg de caf\u00e9ine et de six vitamines. La boisson gazeuse ne contient pas de sucre et est disponible dans des saveurs populaires comme la poire, la baie rouge et la p\u00eache. Con\u00e7ue pour les sportifs qui attachent de l'importance \u00e0 un apport cibl\u00e9 en nutriments.<\/p>","protected":false},"featured_media":9048777,"comment_status":"closed","ping_status":"closed","template":"","meta":{"_acf_changed":false,"_gspb_post_css":""},"product_brand":[1037],"product_cat":[377],"product_tag":[],"class_list":{"0":"post-39538","1":"product","2":"type-product","3":"status-publish","4":"has-post-thumbnail","6":"product_brand-nocco","7":"product_cat-food","8":"pa_artikel-pro-verkaufseinheit-1x","9":"pa_form-getraenk","10":"pa_geschmacksrichtung-apfel","11":"pa_geschmacksrichtung-black-orange","12":"pa_geschmacksrichtung-blood-orange","13":"pa_geschmacksrichtung-golden-grape","14":"pa_geschmacksrichtung-limon-del-sol","15":"pa_geschmacksrichtung-pfirsich","16":"pa_geschmacksrichtung-ramonade","17":"pa_herkunft-schweden","18":"pa_inhalt-330-ml","19":"pa_lieferumfang-1x-dose","20":"pa_vegan-ja","22":"first","23":"instock","24":"purchasable","25":"product-type-variable"},"bundled_by":[],"bundle_stock_status":"instock","bundle_stock_quantity":1813,"bundle_virtual":false,"bundle_layout":"","bundle_add_to_cart_form_location":"","bundle_editable_in_cart":false,"bundle_sold_individually_context":"","bundle_item_grouping":"","bundle_min_size":"","bundle_max_size":"","bundle_price":[],"bundled_items":[],"bundle_sell_ids":[],"acf":[],"df_price":2.5,"df_sale_price":"","df_regular_price":2.5,"df_image_link":"https:\/\/www.fitness-flohmarkt.ch\/wp-content\/uploads\/Nocco-Golden-Grape_F-84933-03_1080x1080-300x300.png","_links":{"self":[{"href":"https:\/\/www.fitness-flohmarkt.ch\/fr\/wp-json\/wp\/v2\/product\/39538","targetHints":{"allow":["GET"]}}],"collection":[{"href":"https:\/\/www.fitness-flohmarkt.ch\/fr\/wp-json\/wp\/v2\/product"}],"about":[{"href":"https:\/\/www.fitness-flohmarkt.ch\/fr\/wp-json\/wp\/v2\/types\/product"}],"replies":[{"embeddable":true,"href":"https:\/\/www.fitness-flohmarkt.ch\/fr\/wp-json\/wp\/v2\/comments?post=39538"}],"wp:featuredmedia":[{"embeddable":true,"href":"https:\/\/www.fitness-flohmarkt.ch\/fr\/wp-json\/wp\/v2\/media\/9048777"}],"wp:attachment":[{"href":"https:\/\/www.fitness-flohmarkt.ch\/fr\/wp-json\/wp\/v2\/media?parent=39538"}],"wp:term":[{"taxonomy":"product_brand","embeddable":true,"href":"https:\/\/www.fitness-flohmarkt.ch\/fr\/wp-json\/wp\/v2\/product_brand?post=39538"},{"taxonomy":"product_cat","embeddable":true,"href":"https:\/\/www.fitness-flohmarkt.ch\/fr\/wp-json\/wp\/v2\/product_cat?post=39538"},{"taxonomy":"product_tag","embeddable":true,"href":"https:\/\/www.fitness-flohmarkt.ch\/fr\/wp-json\/wp\/v2\/product_tag?post=39538"}],"curies":[{"name":"wp","href":"https:\/\/api.w.org\/{rel}","templated":true}]}}