{"id":39357,"date":"2025-03-05T17:37:54","date_gmt":"2025-03-05T16:37:54","guid":{"rendered":"https:\/\/www2.fitness-flohmarkt.ch\/produkt\/duoball-massageball-faszientraining\/"},"modified":"2026-04-20T15:13:35","modified_gmt":"2026-04-20T13:13:35","slug":"duoball-balle-de-massage-entrainement-des-fascias","status":"publish","type":"product","link":"https:\/\/www.fitness-flohmarkt.ch\/fr\/produkt\/duoball-massageball-faszientraining\/","title":{"rendered":"Duoball balle de massage | rouleau de massage de fascia"},"content":{"rendered":"<h3 data-start=\"516\" data-end=\"620\"><strong data-start=\"535\" data-end=\"620\">Duoball Faszientrainer - Massage cibl\u00e9 du dos en tenant compte de la colonne vert\u00e9brale<\/strong><\/h3>\n<p class=\"\" data-start=\"622\" data-end=\"1020\">L'entra\u00eeneur de fascias Duoball est un appareil de massage fonctionnel de haute qualit\u00e9 pour l'autotraitement cibl\u00e9 des muscles tendus le long de la colonne vert\u00e9brale. Gr\u00e2ce \u00e0 sa forme sp\u00e9ciale de double balle avec un \u00e9videment central, il m\u00e9nage la colonne vert\u00e9brale lors de son utilisation et permet en m\u00eame temps d'exercer une pression efficace sur les trajets musculaires parall\u00e8les - de la nuque jusqu'aux lombaires.<\/p>\n<p class=\"\" data-start=\"1022\" data-end=\"1353\">Id\u00e9ale pour l'automassage du dos, la Duoball est particuli\u00e8rement simple et s\u00fbre \u00e0 utiliser - m\u00eame en cas de tensions dorsales chroniques. Les tensions qui apparaissent au quotidien, par exemple en raison d'une position assise prolong\u00e9e ou d'une charge unilat\u00e9rale, peuvent \u00eatre soulag\u00e9es de mani\u00e8re cibl\u00e9e, sans exercer de pression sur les corps vert\u00e9braux sensibles.<\/p>\n<p class=\"\" data-start=\"1355\" data-end=\"1783\">La Duoball est disponible en deux tailles (16 cm et 24 cm) et convient donc \u00e0 diff\u00e9rents niveaux d'intensit\u00e9 et domaines d'utilisation.  Fabriqu\u00e9 dans un mat\u00e9riau r\u00e9sistant, l'entra\u00eeneur de fascias convainc par sa long\u00e9vit\u00e9, sa stabilit\u00e9 de forme et son excellent rapport qualit\u00e9-prix.<\/p>\n<p class=\"\" data-start=\"1785\" data-end=\"1967\">Un outil indispensable pour la r\u00e9g\u00e9n\u00e9ration quotidienne, les applications physioth\u00e9rapeutiques ou en compl\u00e9ment de l'entra\u00eenement des fascias - compact, efficace et utilisable partout.<\/p>\n<p data-start=\"1785\" data-end=\"1967\"><strong>Remarque :<\/strong> Disponible \u00e0 l'unit\u00e9 ou en kit.<\/p>","protected":false},"excerpt":{"rendered":"<p>Duoball Faszientrainer : Id\u00e9al pour l'automassage du dos - en particulier le long de la colonne vert\u00e9brale. La forme de la double balle avec une encoche centrale m\u00e9nage la colonne vert\u00e9brale et atteint les muscles profonds. Qualit\u00e9 sup\u00e9rieure, disponible en deux tailles (16 cm et 24 cm). Parfait pour les tensions dorsales chroniques.<\/p>","protected":false},"featured_media":9043391,"comment_status":"closed","ping_status":"closed","template":"","meta":{"_acf_changed":false,"_gspb_post_css":""},"product_brand":[1000],"product_cat":[319,822,304],"product_tag":[],"class_list":{"0":"post-39357","1":"product","2":"type-product","3":"status-publish","4":"has-post-thumbnail","6":"product_brand-fitcom","7":"product_cat-fitness-zubehoer","8":"product_cat-mobility-recovery","9":"product_cat-reha-physio","10":"pa_artikel-pro-verkaufseinheit-1x","11":"pa_durchmesser-12-cm","12":"pa_durchmesser-1x-8-cm-1x-12-cm","13":"pa_durchmesser-8-cm","14":"pa_farbe-schwarz","15":"pa_gewicht-0-2-kg","16":"pa_gewicht-0-3-kg","17":"pa_gewicht-1x-0-2-kg-1x-0-3-kg","18":"pa_haertegrad-hart","19":"pa_koerperbereich-alle-koerperbereichen","20":"pa_laenge-16-cm","21":"pa_laenge-24-cm","22":"pa_laenge-beide","23":"pa_lieferumfang-1x-massageball-bzw-1x-massageball-set","24":"pa_massagegeraettyp-faszienrolle","25":"pa_material-schaumstoff","26":"pa_max-belastung-100-kg","28":"first","29":"instock","30":"taxable","31":"shipping-taxable","32":"purchasable","33":"product-type-variable"},"bundled_by":["3217"],"bundle_stock_status":"instock","bundle_stock_quantity":null,"bundle_virtual":false,"bundle_layout":"","bundle_add_to_cart_form_location":"","bundle_editable_in_cart":false,"bundle_sold_individually_context":"","bundle_item_grouping":"","bundle_min_size":"","bundle_max_size":"","bundle_price":[],"bundled_items":[],"bundle_sell_ids":[],"acf":[],"df_price":5,"df_sale_price":"","df_regular_price":5,"df_image_link":"https:\/\/www.fitness-flohmarkt.ch\/wp-content\/uploads\/F-92419_Duoball-Massageball_0-20250821-113211-300x300.jpg","_links":{"self":[{"href":"https:\/\/www.fitness-flohmarkt.ch\/fr\/wp-json\/wp\/v2\/product\/39357","targetHints":{"allow":["GET"]}}],"collection":[{"href":"https:\/\/www.fitness-flohmarkt.ch\/fr\/wp-json\/wp\/v2\/product"}],"about":[{"href":"https:\/\/www.fitness-flohmarkt.ch\/fr\/wp-json\/wp\/v2\/types\/product"}],"replies":[{"embeddable":true,"href":"https:\/\/www.fitness-flohmarkt.ch\/fr\/wp-json\/wp\/v2\/comments?post=39357"}],"wp:featuredmedia":[{"embeddable":true,"href":"https:\/\/www.fitness-flohmarkt.ch\/fr\/wp-json\/wp\/v2\/media\/9043391"}],"wp:attachment":[{"href":"https:\/\/www.fitness-flohmarkt.ch\/fr\/wp-json\/wp\/v2\/media?parent=39357"}],"wp:term":[{"taxonomy":"product_brand","embeddable":true,"href":"https:\/\/www.fitness-flohmarkt.ch\/fr\/wp-json\/wp\/v2\/product_brand?post=39357"},{"taxonomy":"product_cat","embeddable":true,"href":"https:\/\/www.fitness-flohmarkt.ch\/fr\/wp-json\/wp\/v2\/product_cat?post=39357"},{"taxonomy":"product_tag","embeddable":true,"href":"https:\/\/www.fitness-flohmarkt.ch\/fr\/wp-json\/wp\/v2\/product_tag?post=39357"}],"curies":[{"name":"wp","href":"https:\/\/api.w.org\/{rel}","templated":true}]}}