{"id":38888,"date":"2025-03-05T17:27:30","date_gmt":"2025-03-05T16:27:30","guid":{"rendered":"https:\/\/www2.fitness-flohmarkt.ch\/produkt\/fitness-band-widerstandsbaender\/"},"modified":"2026-05-15T10:34:05","modified_gmt":"2026-05-15T08:34:05","slug":"bande-de-fitness-bandes-de-resistance","status":"publish","type":"product","link":"https:\/\/www.fitness-flohmarkt.ch\/fr\/produkt\/fitness-band-widerstandsbaender\/","title":{"rendered":"Bande de fitness | Bandes de r\u00e9sistance"},"content":{"rendered":"<h3 data-start=\"405\" data-end=\"766\">Bandes de r\u00e9sistance Fitness - 150 cm de bandes de r\u00e9sistance en trois niveaux d'intensit\u00e9<\/h3>\n<p class=\"\" data-start=\"405\" data-end=\"766\">Ces bandes de r\u00e9sistance fitness sont des aides d'entra\u00eenement polyvalentes pour le renforcement musculaire, la mobilisation et la r\u00e9\u00e9ducation. D'une longueur de 150 cm et d'une largeur de 15 cm, elles conviennent \u00e0 une multitude d'exercices de renforcement musculaire, d'am\u00e9lioration de la mobilit\u00e9 ainsi qu'\u00e0 des applications fonctionnelles et physioth\u00e9rapeutiques.<\/p>\n<p class=\"\" data-start=\"768\" data-end=\"870\">Les bandes sont fabriqu\u00e9es en caoutchouc r\u00e9sistant et sont disponibles en trois niveaux d'intensit\u00e9 :<\/p>\n<ul data-start=\"1016\" data-end=\"1081\">\n<li class=\"\" data-start=\"1016\" data-end=\"1035\">\n<p class=\"\" data-start=\"1018\" data-end=\"1035\"><strong data-start=\"1018\" data-end=\"1033\">L\u00e9ger (bleu)<\/strong><\/p>\n<\/li>\n<li class=\"\" data-start=\"1036\" data-end=\"1056\">\n<p class=\"\" data-start=\"1038\" data-end=\"1056\"><strong data-start=\"1038\" data-end=\"1054\">Moyen (rouge)<\/strong><\/p>\n<\/li>\n<li class=\"\" data-start=\"1057\" data-end=\"1081\">\n<p class=\"\" data-start=\"1059\" data-end=\"1081\"><strong data-start=\"1059\" data-end=\"1079\">Fort (noir)<\/strong><\/p>\n<\/li>\n<\/ul>\n<p class=\"\" data-start=\"938\" data-end=\"1256\">Gr\u00e2ce aux diff\u00e9rents niveaux de r\u00e9sistance, l'entra\u00eenement peut \u00eatre adapt\u00e9 individuellement au niveau de fitness et au stimulus d'entra\u00eenement souhait\u00e9. Que ce soit au centre de fitness, \u00e0 la gym \u00e0 domicile ou en physioth\u00e9rapie, ces bandes offrent un soutien fiable pour une multitude d'exercices pour le haut et le bas du corps.<\/p>\n<p class=\"\" data-start=\"1258\" data-end=\"1362\">Les bandes sont l\u00e9g\u00e8res, compactes et flexibles - id\u00e9ales pour les d\u00e9placements.<\/p>\n<p data-start=\"1258\" data-end=\"1362\"><strong>Remarque :<\/strong> Prix \u00e0 l'unit\u00e9.<\/p>","protected":false},"excerpt":{"rendered":"<p>Bandes de r\u00e9sistance r\u00e9sistantes en caoutchouc : 150 cm de long, 15 cm de large et disponibles en trois niveaux d'intensit\u00e9 - l\u00e9g\u00e8re (bleue), moyenne (rouge), forte (noire). Pour le renforcement musculaire, la mobilisation, la r\u00e9\u00e9ducation et l'entra\u00eenement fonctionnel. Compact, flexible et polyvalent.<\/p>","protected":false},"featured_media":70082,"comment_status":"closed","ping_status":"closed","template":"","meta":{"_acf_changed":false,"_gspb_post_css":""},"product_brand":[1000],"product_cat":[319,821,343,822,304],"product_tag":[],"class_list":{"0":"post-38888","1":"product","2":"type-product","3":"status-publish","4":"has-post-thumbnail","6":"product_brand-fitcom","7":"product_cat-fitness-zubehoer","8":"product_cat-fitnessband","9":"product_cat-heimgebrauch","10":"product_cat-mobility-recovery","11":"product_cat-reha-physio","12":"pa_artikel-pro-verkaufseinheit-1x","13":"pa_breite-15-cm","14":"pa_dicke-0-35-mm","15":"pa_dicke-0-4-mm","16":"pa_dicke-0-5-mm","17":"pa_farbe-blau","18":"pa_farbe-rot","19":"pa_farbe-schwarz","20":"pa_fitnessbandtyp-physioband","21":"pa_fitnessbandtyp-resistance-band","22":"pa_gewicht-0-05-kg","23":"pa_laenge-150-cm","24":"pa_lieferumfang-1x-fitnessband","25":"pa_material-gummi","26":"pa_widerstand-leicht","27":"pa_widerstand-mittel","28":"pa_widerstand-stark","30":"first","31":"instock","32":"taxable","33":"shipping-taxable","34":"purchasable","35":"product-type-variable"},"bundled_by":[],"bundle_stock_status":"instock","bundle_stock_quantity":null,"bundle_virtual":false,"bundle_layout":"","bundle_add_to_cart_form_location":"","bundle_editable_in_cart":false,"bundle_sold_individually_context":"","bundle_item_grouping":"","bundle_min_size":"","bundle_max_size":"","bundle_price":[],"bundled_items":[],"bundle_sell_ids":[],"acf":[],"df_price":3,"df_sale_price":"","df_regular_price":3,"df_image_link":"https:\/\/www.fitness-flohmarkt.ch\/wp-content\/uploads\/F-53211_Fitness-Band_0-20250321-123028-300x300.jpg","_links":{"self":[{"href":"https:\/\/www.fitness-flohmarkt.ch\/fr\/wp-json\/wp\/v2\/product\/38888","targetHints":{"allow":["GET"]}}],"collection":[{"href":"https:\/\/www.fitness-flohmarkt.ch\/fr\/wp-json\/wp\/v2\/product"}],"about":[{"href":"https:\/\/www.fitness-flohmarkt.ch\/fr\/wp-json\/wp\/v2\/types\/product"}],"replies":[{"embeddable":true,"href":"https:\/\/www.fitness-flohmarkt.ch\/fr\/wp-json\/wp\/v2\/comments?post=38888"}],"wp:featuredmedia":[{"embeddable":true,"href":"https:\/\/www.fitness-flohmarkt.ch\/fr\/wp-json\/wp\/v2\/media\/70082"}],"wp:attachment":[{"href":"https:\/\/www.fitness-flohmarkt.ch\/fr\/wp-json\/wp\/v2\/media?parent=38888"}],"wp:term":[{"taxonomy":"product_brand","embeddable":true,"href":"https:\/\/www.fitness-flohmarkt.ch\/fr\/wp-json\/wp\/v2\/product_brand?post=38888"},{"taxonomy":"product_cat","embeddable":true,"href":"https:\/\/www.fitness-flohmarkt.ch\/fr\/wp-json\/wp\/v2\/product_cat?post=38888"},{"taxonomy":"product_tag","embeddable":true,"href":"https:\/\/www.fitness-flohmarkt.ch\/fr\/wp-json\/wp\/v2\/product_tag?post=38888"}],"curies":[{"name":"wp","href":"https:\/\/api.w.org\/{rel}","templated":true}]}}