{"id":3809,"date":"2025-01-25T16:22:06","date_gmt":"2025-01-25T15:22:06","guid":{"rendered":"https:\/\/www2.fitness-flohmarkt.ch\/produkt\/trizeps-seil-tau-ideal-fuer-trizepstraining\/"},"modified":"2026-04-20T16:33:47","modified_gmt":"2026-04-20T14:33:47","slug":"corde-a-triceps-tau-ideale-pour-lentrainement-des-triceps","status":"publish","type":"product","link":"https:\/\/www.fitness-flohmarkt.ch\/fr\/produkt\/trizeps-seil-tau-ideal-fuer-trizepstraining\/","title":{"rendered":"corde \u00e0 triceps Tau | id\u00e9al pour l'entra\u00eenement des triceps"},"content":{"rendered":"<h3 class=\"\" data-start=\"186\" data-end=\"257\"><strong data-start=\"190\" data-end=\"257\">Corde \u00e0 triceps avec articulation rotative - accessoire de traction polyvalent en nylon<\/strong><\/h3>\n<p class=\"\" data-start=\"259\" data-end=\"612\">La corde \u00e0 triceps d'une longueur de 68 cm est fabriqu\u00e9e en nylon robuste et est \u00e9quip\u00e9e d'une articulation rotative stable en chrome. La forme flexible de la corde permet une ex\u00e9cution naturelle des mouvements et de nombreuses variations de prise - id\u00e9ale pour un entra\u00eenement cibl\u00e9 des triceps, biceps, abdominaux, dos et poitrine.<\/p>\n<p class=\"\" data-start=\"614\" data-end=\"864\">L'utilisation dynamique de la corde offre une plus grande libert\u00e9 de mouvement par rapport aux barres de traction rigides et permet une utilisation variable de la force \u00e0 partir de diff\u00e9rents angles. La corde est adapt\u00e9e \u00e0 une utilisation sur les stations de traction \u00e0 c\u00e2ble dans les studios ou les gymnases \u00e0 domicile.<\/p>","protected":false},"excerpt":{"rendered":"<p>Corde \u00e0 triceps en nylon avec articulation tournante en chrome. Longueur 68 cm, charge maximale 120 kg. Pour un entra\u00eenement de traction polyvalent sur des stations de c\u00e2bles. Id\u00e9ale pour les triceps, les biceps et la poitrine.<\/p>","protected":false},"featured_media":57900,"comment_status":"open","ping_status":"closed","template":"","meta":{"_acf_changed":false,"_gspb_post_css":""},"product_brand":[1000],"product_cat":[815],"product_tag":[],"class_list":{"0":"post-3809","1":"product","2":"type-product","3":"status-publish","4":"has-post-thumbnail","6":"product_brand-fitcom","7":"product_cat-griffe-kabelzug","8":"pa_artikel-pro-verkaufseinheit-1x","9":"pa_ergonomischer-griff-nein","10":"pa_farbe-schwarz","11":"pa_fitness-zubehoertyp-kabelzuggriff","12":"pa_gewicht-0-75-kg","13":"pa_griffdurchmesser-2-8-mm","14":"pa_griffweitenmarkierung-nein","15":"pa_laenge-68-cm","16":"pa_lieferumfang-1x-kabelzuggriff","17":"pa_material-nylon","18":"pa_material-griff-gummi","20":"first","21":"outofstock","22":"taxable","23":"shipping-taxable","24":"purchasable","25":"product-type-simple"},"bundled_by":[],"bundle_stock_status":"outofstock","bundle_stock_quantity":-58,"bundle_virtual":false,"bundle_layout":"","bundle_add_to_cart_form_location":"","bundle_editable_in_cart":false,"bundle_sold_individually_context":"","bundle_item_grouping":"","bundle_min_size":"","bundle_max_size":"","bundle_price":[],"bundled_items":[],"bundle_sell_ids":[],"acf":[],"df_price":10,"df_sale_price":"","df_regular_price":10,"df_image_link":"https:\/\/www.fitness-flohmarkt.ch\/wp-content\/uploads\/F-66941_Trizeps-Seil-Tau_0-20250314-102513-300x300.jpg","_links":{"self":[{"href":"https:\/\/www.fitness-flohmarkt.ch\/fr\/wp-json\/wp\/v2\/product\/3809","targetHints":{"allow":["GET"]}}],"collection":[{"href":"https:\/\/www.fitness-flohmarkt.ch\/fr\/wp-json\/wp\/v2\/product"}],"about":[{"href":"https:\/\/www.fitness-flohmarkt.ch\/fr\/wp-json\/wp\/v2\/types\/product"}],"replies":[{"embeddable":true,"href":"https:\/\/www.fitness-flohmarkt.ch\/fr\/wp-json\/wp\/v2\/comments?post=3809"}],"wp:featuredmedia":[{"embeddable":true,"href":"https:\/\/www.fitness-flohmarkt.ch\/fr\/wp-json\/wp\/v2\/media\/57900"}],"wp:attachment":[{"href":"https:\/\/www.fitness-flohmarkt.ch\/fr\/wp-json\/wp\/v2\/media?parent=3809"}],"wp:term":[{"taxonomy":"product_brand","embeddable":true,"href":"https:\/\/www.fitness-flohmarkt.ch\/fr\/wp-json\/wp\/v2\/product_brand?post=3809"},{"taxonomy":"product_cat","embeddable":true,"href":"https:\/\/www.fitness-flohmarkt.ch\/fr\/wp-json\/wp\/v2\/product_cat?post=3809"},{"taxonomy":"product_tag","embeddable":true,"href":"https:\/\/www.fitness-flohmarkt.ch\/fr\/wp-json\/wp\/v2\/product_tag?post=3809"}],"curies":[{"name":"wp","href":"https:\/\/api.w.org\/{rel}","templated":true}]}}