{"id":3694,"date":"2025-01-25T16:19:32","date_gmt":"2025-01-25T15:19:32","guid":{"rendered":"https:\/\/www2.fitness-flohmarkt.ch\/produkt\/multi-parallelgriff-kabelzug-multi-griff\/"},"modified":"2026-04-20T16:13:22","modified_gmt":"2026-04-20T14:13:22","slug":"multi-poignee-parallele-palan-a-cable-multi-poignee","status":"publish","type":"product","link":"https:\/\/www.fitness-flohmarkt.ch\/fr\/produkt\/multi-parallelgriff-kabelzug-multi-griff\/","title":{"rendered":"Multi-poign\u00e9e parall\u00e8le Tirage \u00e0 c\u00e2ble | Multi poign\u00e9e"},"content":{"rendered":"<h3 data-start=\"590\" data-end=\"1023\"><strong data-start=\"590\" data-end=\"672\">Poign\u00e9e de traction \u00e0 c\u00e2ble Multi-Grip - poign\u00e9e polyvalente pour un entra\u00eenement fonctionnel du dos<\/strong><\/h3>\n<p data-start=\"590\" data-end=\"1023\">La poign\u00e9e de traction \u00e0 c\u00e2ble Multi-Grip permet un entra\u00eenement vari\u00e9 du dos, des \u00e9paules et des bras gr\u00e2ce aux multiples positions de la poign\u00e9e. Les diff\u00e9rentes largeurs de poign\u00e9e permettent d'adapter individuellement les mouvements tels que les rames \u00e9troites ou larges, les variantes de traction latissimus et les pulldowns.<\/p>\n<p data-start=\"1025\" data-end=\"1338\">La construction robuste enti\u00e8rement en acier avec des poign\u00e9es molet\u00e9es antid\u00e9rapantes assure une prise en main s\u00fbre et une transmission optimale de la force tout au long du mouvement.<\/p>","protected":false},"excerpt":{"rendered":"<p>Poign\u00e9e de traction \u00e0 c\u00e2ble polyvalente avec plusieurs poign\u00e9es parall\u00e8les pour diff\u00e9rentes largeurs de prise. Id\u00e9ale pour ramer, faire la traction latissimus et les exercices de traction sur le c\u00e2ble. Construction robuste enti\u00e8rement en acier avec poign\u00e9es antid\u00e9rapantes.<\/p>","protected":false},"featured_media":9048899,"comment_status":"open","ping_status":"closed","template":"","meta":{"_acf_changed":false,"_gspb_post_css":""},"product_brand":[1000],"product_cat":[815],"product_tag":[],"class_list":{"0":"post-3694","1":"product","2":"type-product","3":"status-publish","4":"has-post-thumbnail","6":"product_brand-fitcom","7":"product_cat-griffe-kabelzug","8":"pa_artikel-pro-verkaufseinheit-1x","9":"pa_farbe-chrom","10":"pa_farbe-schwarz","11":"pa_fitness-zubehoertyp-kabelzuggriff","12":"pa_lieferumfang-1x-kabelzuggriff","13":"pa_material-stahl","14":"pa_material-griff-gummi","16":"first","17":"instock","18":"taxable","19":"shipping-taxable","20":"purchasable","21":"product-type-simple"},"bundled_by":[],"bundle_stock_status":"instock","bundle_stock_quantity":44,"bundle_virtual":false,"bundle_layout":"","bundle_add_to_cart_form_location":"","bundle_editable_in_cart":false,"bundle_sold_individually_context":"","bundle_item_grouping":"","bundle_min_size":"","bundle_max_size":"","bundle_price":[],"bundled_items":[],"bundle_sell_ids":[],"acf":[],"df_price":40,"df_sale_price":"","df_regular_price":40,"df_image_link":"https:\/\/www.fitness-flohmarkt.ch\/wp-content\/uploads\/Diverses_8-300x300.jpg","_links":{"self":[{"href":"https:\/\/www.fitness-flohmarkt.ch\/fr\/wp-json\/wp\/v2\/product\/3694","targetHints":{"allow":["GET"]}}],"collection":[{"href":"https:\/\/www.fitness-flohmarkt.ch\/fr\/wp-json\/wp\/v2\/product"}],"about":[{"href":"https:\/\/www.fitness-flohmarkt.ch\/fr\/wp-json\/wp\/v2\/types\/product"}],"replies":[{"embeddable":true,"href":"https:\/\/www.fitness-flohmarkt.ch\/fr\/wp-json\/wp\/v2\/comments?post=3694"}],"wp:featuredmedia":[{"embeddable":true,"href":"https:\/\/www.fitness-flohmarkt.ch\/fr\/wp-json\/wp\/v2\/media\/9048899"}],"wp:attachment":[{"href":"https:\/\/www.fitness-flohmarkt.ch\/fr\/wp-json\/wp\/v2\/media?parent=3694"}],"wp:term":[{"taxonomy":"product_brand","embeddable":true,"href":"https:\/\/www.fitness-flohmarkt.ch\/fr\/wp-json\/wp\/v2\/product_brand?post=3694"},{"taxonomy":"product_cat","embeddable":true,"href":"https:\/\/www.fitness-flohmarkt.ch\/fr\/wp-json\/wp\/v2\/product_cat?post=3694"},{"taxonomy":"product_tag","embeddable":true,"href":"https:\/\/www.fitness-flohmarkt.ch\/fr\/wp-json\/wp\/v2\/product_tag?post=3694"}],"curies":[{"name":"wp","href":"https:\/\/api.w.org\/{rel}","templated":true}]}}