{"id":3689,"date":"2025-01-25T16:19:29","date_gmt":"2025-01-25T15:19:29","guid":{"rendered":"https:\/\/www2.fitness-flohmarkt.ch\/produkt\/einhand-griff-cable-cross-gummiert-kabelzug\/"},"modified":"2026-04-20T15:35:08","modified_gmt":"2026-04-20T13:35:08","slug":"poignee-a-une-main-cable-cross-caoutchoute-tire-cable","status":"publish","type":"product","link":"https:\/\/www.fitness-flohmarkt.ch\/fr\/produkt\/einhand-griff-cable-cross-gummiert-kabelzug\/","title":{"rendered":"Poign\u00e9e \u00e0 une main Cable Cross caoutchout\u00e9e | Palan \u00e0 c\u00e2ble"},"content":{"rendered":"<h3 data-start=\"93\" data-end=\"187\">Poign\u00e9e \u00e0 une main pour le tirage de c\u00e2ble - avec articulation pivotante et zone de pr\u00e9hension caoutchout\u00e9e<\/h3>\n<p data-start=\"189\" data-end=\"590\">La poign\u00e9e chrom\u00e9e \u00e0 une main est con\u00e7ue pour une multitude d'exercices de traction sur le c\u00e2ble. Gr\u00e2ce \u00e0 l'articulation rotative int\u00e9gr\u00e9e, la poign\u00e9e peut tourner avec le mouvement, ce qui r\u00e9duit la charge sur les poignets et favorise une direction de traction naturelle. La conception compacte est particuli\u00e8rement adapt\u00e9e aux mouvements de traction \u00e0 un seul bras comme le rowing \u00e0 un seul bras, les pushdowns du triceps ou les curls du biceps au c\u00e2ble.<\/p>\n<p data-start=\"592\" data-end=\"1041\">Fabriqu\u00e9e en m\u00e9tal solide avec une surface chrom\u00e9e et une zone de pr\u00e9hension caoutchout\u00e9e, la poign\u00e9e offre une stabilit\u00e9 fiable et une prise s\u00fbre. Avec un diam\u00e8tre de poign\u00e9e de 3 cm et une largeur de 14 cm, elle tient confortablement dans la main. Le design solide permet une utilisation lors d'une intensit\u00e9 d'entra\u00eenement \u00e9lev\u00e9e et assure un guidage r\u00e9gulier des mouvements lors d'exercices isol\u00e9s ou sym\u00e9triques. Id\u00e9al pour compl\u00e9ter les stations de traction \u00e0 c\u00e2ble fonctionnelles.<\/p>\n<p data-start=\"193\" data-end=\"270\"><strong style=\"font-size: 16px\">Remarque :<\/strong><span style=\"font-size: 16px\">\u00a0Prix \u00e0 l'unit\u00e9.<\/span><\/p>","protected":false},"excerpt":{"rendered":"<p>Poign\u00e9e chrom\u00e9e \u00e0 une main pour les exercices de traction sur c\u00e2ble avec articulation pivotante pour une plus grande libert\u00e9 de mouvement. Finition robuste, zone de prise caoutchout\u00e9e et diam\u00e8tre de prise agr\u00e9able de 3 cm. Id\u00e9ale pour les mouvements de traction isol\u00e9s lors d'exercices pour les bras, le dos ou les \u00e9paules.<\/p>","protected":false},"featured_media":57832,"comment_status":"open","ping_status":"closed","template":"","meta":{"_acf_changed":false,"_gspb_post_css":""},"product_brand":[1000],"product_cat":[815],"product_tag":[],"class_list":{"0":"post-3689","1":"product","2":"type-product","3":"status-publish","4":"has-post-thumbnail","6":"product_brand-fitcom","7":"product_cat-griffe-kabelzug","8":"pa_artikel-pro-verkaufseinheit-1x","9":"pa_breite-14-cm","10":"pa_ergonomischer-griff-ja","11":"pa_farbe-chrom","12":"pa_fitness-zubehoertyp-kabelzuggriff","13":"pa_griffdurchmesser-31-mm","14":"pa_griffweitenmarkierung-nein","15":"pa_hoehe-15-cm","16":"pa_lieferumfang-1x-kabelzuggriff","17":"pa_material-stahl","18":"pa_material-griff-gummi","19":"pa_tiefe-3-cm","21":"first","22":"instock","23":"taxable","24":"shipping-taxable","25":"purchasable","26":"product-type-simple"},"bundled_by":[],"bundle_stock_status":"instock","bundle_stock_quantity":31,"bundle_virtual":false,"bundle_layout":"","bundle_add_to_cart_form_location":"","bundle_editable_in_cart":false,"bundle_sold_individually_context":"","bundle_item_grouping":"","bundle_min_size":"","bundle_max_size":"","bundle_price":[],"bundled_items":[],"bundle_sell_ids":[],"acf":[],"df_price":9,"df_sale_price":"","df_regular_price":9,"df_image_link":"https:\/\/www.fitness-flohmarkt.ch\/wp-content\/uploads\/F-25759_Einhand-Griff-Cable-Cross-gummiert-Kabelzug_0-20250314-102201-300x300.jpg","_links":{"self":[{"href":"https:\/\/www.fitness-flohmarkt.ch\/fr\/wp-json\/wp\/v2\/product\/3689","targetHints":{"allow":["GET"]}}],"collection":[{"href":"https:\/\/www.fitness-flohmarkt.ch\/fr\/wp-json\/wp\/v2\/product"}],"about":[{"href":"https:\/\/www.fitness-flohmarkt.ch\/fr\/wp-json\/wp\/v2\/types\/product"}],"replies":[{"embeddable":true,"href":"https:\/\/www.fitness-flohmarkt.ch\/fr\/wp-json\/wp\/v2\/comments?post=3689"}],"wp:featuredmedia":[{"embeddable":true,"href":"https:\/\/www.fitness-flohmarkt.ch\/fr\/wp-json\/wp\/v2\/media\/57832"}],"wp:attachment":[{"href":"https:\/\/www.fitness-flohmarkt.ch\/fr\/wp-json\/wp\/v2\/media?parent=3689"}],"wp:term":[{"taxonomy":"product_brand","embeddable":true,"href":"https:\/\/www.fitness-flohmarkt.ch\/fr\/wp-json\/wp\/v2\/product_brand?post=3689"},{"taxonomy":"product_cat","embeddable":true,"href":"https:\/\/www.fitness-flohmarkt.ch\/fr\/wp-json\/wp\/v2\/product_cat?post=3689"},{"taxonomy":"product_tag","embeddable":true,"href":"https:\/\/www.fitness-flohmarkt.ch\/fr\/wp-json\/wp\/v2\/product_tag?post=3689"}],"curies":[{"name":"wp","href":"https:\/\/api.w.org\/{rel}","templated":true}]}}