{"id":3671,"date":"2025-01-25T16:19:08","date_gmt":"2025-01-25T15:19:08","guid":{"rendered":"https:\/\/www2.fitness-flohmarkt.ch\/produkt\/pull-up-bar-crossfitness-klimmzugstange\/"},"modified":"2026-03-16T20:30:11","modified_gmt":"2026-03-16T19:30:11","slug":"pull-up-bar-barre-de-traction-crossfitness","status":"publish","type":"product","link":"https:\/\/www.fitness-flohmarkt.ch\/fr\/produkt\/pull-up-bar-crossfitness-klimmzugstange\/","title":{"rendered":"Pull Up Bar | Barre de traction CrossFitness"},"content":{"rendered":"<h3 dir=\"auto\"><strong data-start=\"410\" data-end=\"494\">Pull Up Bar - barre de traction \u00e0 monter au mur pour un entra\u00eenement polyvalent du haut du corps<\/strong><\/h3>\n<div dir=\"auto\">Cette barre de traction stable est adapt\u00e9e aux pull-ups classiques, aux chin-ups ainsi qu'\u00e0 d'autres exercices pour renforcer le dos, les \u00e9paules, les bras et le tronc. La barre Pull Up est fix\u00e9e au mur et offre, avec une largeur de prise de 133 cm et une distance de 77 cm par rapport au mur, suffisamment de place pour des s\u00e9quences d'entra\u00eenement vari\u00e9es. La barre de poign\u00e9e a un diam\u00e8tre de 3 cm et tient bien dans la main. Avec une hauteur de 79 cm et une profondeur de 81 cm, la construction est con\u00e7ue pour \u00eatre stable. La livraison comprend les accessoires de montage mural. Id\u00e9al pour une utilisation en home gym ou en studio.<\/div>\n<div dir=\"auto\"><\/div>\n<div dir=\"auto\"><strong>Remarque :<\/strong> accessoires de montage mural inclus.<\/div>","protected":false},"excerpt":{"rendered":"<p>Barre Pull Up stable \u00e0 monter au mur, mat\u00e9riel de montage inclus. Version large avec une longueur totale de 133 cm et une distance de 77 cm par rapport au mur. Barre de pr\u00e9hension de 3 cm de diam\u00e8tre, adapt\u00e9e \u00e0 diff\u00e9rentes variantes de tractions. Fabriqu\u00e9e en acier robuste.<\/p>","protected":false},"featured_media":57808,"comment_status":"open","ping_status":"closed","template":"","meta":{"_acf_changed":false,"_gspb_post_css":""},"product_brand":[1000],"product_cat":[818],"product_tag":[],"class_list":{"0":"post-3671","1":"product","2":"type-product","3":"status-publish","4":"has-post-thumbnail","6":"product_brand-fitcom","7":"product_cat-conditioning","8":"pa_artikel-pro-verkaufseinheit-1x","9":"pa_breite-133-cm","10":"pa_farbe-schwarz","11":"pa_gewichtetyp-koerpergewicht","12":"pa_hoehe-79-cm","13":"pa_kraftstationtyp-dip-klimmzug-station","14":"pa_lieferumfang-1x-klimmzugstation","15":"pa_material-stahl","16":"pa_max-belastung-200-kg","17":"pa_tiefe-81-cm","18":"pa_verstellbar-nein","20":"first","21":"instock","22":"taxable","23":"shipping-taxable","24":"purchasable","25":"product-type-simple"},"bundled_by":[],"bundle_stock_status":"instock","bundle_stock_quantity":37,"bundle_virtual":false,"bundle_layout":"","bundle_add_to_cart_form_location":"","bundle_editable_in_cart":false,"bundle_sold_individually_context":"","bundle_item_grouping":"","bundle_min_size":"","bundle_max_size":"","bundle_price":[],"bundled_items":[],"bundle_sell_ids":[],"acf":[],"df_price":70,"df_sale_price":"","df_regular_price":70,"df_image_link":"https:\/\/www.fitness-flohmarkt.ch\/wp-content\/uploads\/F-93323_Klimmzugstange_0-20250314-102122-300x300.jpg","_links":{"self":[{"href":"https:\/\/www.fitness-flohmarkt.ch\/fr\/wp-json\/wp\/v2\/product\/3671","targetHints":{"allow":["GET"]}}],"collection":[{"href":"https:\/\/www.fitness-flohmarkt.ch\/fr\/wp-json\/wp\/v2\/product"}],"about":[{"href":"https:\/\/www.fitness-flohmarkt.ch\/fr\/wp-json\/wp\/v2\/types\/product"}],"replies":[{"embeddable":true,"href":"https:\/\/www.fitness-flohmarkt.ch\/fr\/wp-json\/wp\/v2\/comments?post=3671"}],"wp:featuredmedia":[{"embeddable":true,"href":"https:\/\/www.fitness-flohmarkt.ch\/fr\/wp-json\/wp\/v2\/media\/57808"}],"wp:attachment":[{"href":"https:\/\/www.fitness-flohmarkt.ch\/fr\/wp-json\/wp\/v2\/media?parent=3671"}],"wp:term":[{"taxonomy":"product_brand","embeddable":true,"href":"https:\/\/www.fitness-flohmarkt.ch\/fr\/wp-json\/wp\/v2\/product_brand?post=3671"},{"taxonomy":"product_cat","embeddable":true,"href":"https:\/\/www.fitness-flohmarkt.ch\/fr\/wp-json\/wp\/v2\/product_cat?post=3671"},{"taxonomy":"product_tag","embeddable":true,"href":"https:\/\/www.fitness-flohmarkt.ch\/fr\/wp-json\/wp\/v2\/product_tag?post=3671"}],"curies":[{"name":"wp","href":"https:\/\/api.w.org\/{rel}","templated":true}]}}