{"id":3641,"date":"2025-01-25T16:18:41","date_gmt":"2025-01-25T15:18:41","guid":{"rendered":"https:\/\/www2.fitness-flohmarkt.ch\/produkt\/wrist-wraps-handgelenkbandagen\/"},"modified":"2026-04-20T15:35:06","modified_gmt":"2026-04-20T13:35:06","slug":"wrist-wraps-bandages-pour-poignet","status":"publish","type":"product","link":"https:\/\/www.fitness-flohmarkt.ch\/fr\/produkt\/wrist-wraps-handgelenkbandagen\/","title":{"rendered":"Wrist Wraps | Bandages pour poignet"},"content":{"rendered":"<h3 data-start=\"80\" data-end=\"142\"><strong data-start=\"80\" data-end=\"142\">Wrist Wraps - stabilit\u00e9 et confort en cas de forte sollicitation<\/strong><\/h3>\n<p class=\"\" data-start=\"144\" data-end=\"541\">Les Wrist Wraps offrent une stabilisation cibl\u00e9e des poignets en cas de sollicitation intensive et soutiennent le guidage des articulations lors d'exercices n\u00e9cessitant beaucoup de force. Ils sont con\u00e7us pour une sollicitation maximale et permettent une ex\u00e9cution s\u00fbre, m\u00eame sous forte tension. D'une longueur de 30 cm et d'une largeur de 8 cm, ils assurent un maintien optimal et un soutien en surface tout autour du poignet.<\/p>\n<p class=\"\" data-start=\"543\" data-end=\"983\">Les bandages sont fabriqu\u00e9s dans un mat\u00e9riau \u00e9lastique et r\u00e9sistant et permettent une mise en place rapide et s\u00fbre gr\u00e2ce \u00e0 la boucle int\u00e9gr\u00e9e pour le pouce. La large fermeture velcro garantit un maintien ferme sans glisser. Gr\u00e2ce \u00e0 leur fabrication de haute qualit\u00e9, les Wrist Wraps sont absolument robustes, durables et d'une finition soign\u00e9e.<\/p>\n<p class=\"\" data-start=\"543\" data-end=\"983\"><strong>Remarque :<\/strong> Prix par paire.<\/p>","protected":false},"excerpt":{"rendered":"<p>Les Wrist Wraps stabilisent les poignets lors d'efforts intenses. Elles offrent un maintien s\u00fbr et un grand confort gr\u00e2ce \u00e0 un passant \u00e9lastique pour le pouce et \u00e0 une large fermeture velcro pour un ajustement pr\u00e9cis.<\/p>","protected":false},"featured_media":57780,"comment_status":"open","ping_status":"closed","template":"","meta":{"_acf_changed":false,"_gspb_post_css":""},"product_brand":[1000],"product_cat":[319,331,620],"product_tag":[],"class_list":{"0":"post-3641","1":"product","2":"type-product","3":"status-publish","4":"has-post-thumbnail","6":"product_brand-fitcom","7":"product_cat-fitness-zubehoer","8":"product_cat-weightlifting","9":"product_cat-hg-zubehoer","10":"pa_artikel-pro-verkaufseinheit-1x","11":"pa_breite-8-cm","12":"pa_dicke-2-5-mm","13":"pa_farbe-schwarz","14":"pa_fitness-zubehoertyp-weightlifting","15":"pa_laenge-30-cm","16":"pa_lieferumfang-2x-wrist-wrap","17":"pa_material-kunststoff","19":"first","20":"instock","21":"taxable","22":"shipping-taxable","23":"purchasable","24":"product-type-simple"},"bundled_by":[],"bundle_stock_status":"instock","bundle_stock_quantity":605,"bundle_virtual":false,"bundle_layout":"","bundle_add_to_cart_form_location":"","bundle_editable_in_cart":false,"bundle_sold_individually_context":"","bundle_item_grouping":"","bundle_min_size":"","bundle_max_size":"","bundle_price":[],"bundled_items":[],"bundle_sell_ids":[],"acf":[],"df_price":8,"df_sale_price":"","df_regular_price":8,"df_image_link":"https:\/\/www.fitness-flohmarkt.ch\/wp-content\/uploads\/F-17343_Wrist-Wraps-Handgelenkbandagen_0-20250314-102056-300x300.jpg","_links":{"self":[{"href":"https:\/\/www.fitness-flohmarkt.ch\/fr\/wp-json\/wp\/v2\/product\/3641","targetHints":{"allow":["GET"]}}],"collection":[{"href":"https:\/\/www.fitness-flohmarkt.ch\/fr\/wp-json\/wp\/v2\/product"}],"about":[{"href":"https:\/\/www.fitness-flohmarkt.ch\/fr\/wp-json\/wp\/v2\/types\/product"}],"replies":[{"embeddable":true,"href":"https:\/\/www.fitness-flohmarkt.ch\/fr\/wp-json\/wp\/v2\/comments?post=3641"}],"wp:featuredmedia":[{"embeddable":true,"href":"https:\/\/www.fitness-flohmarkt.ch\/fr\/wp-json\/wp\/v2\/media\/57780"}],"wp:attachment":[{"href":"https:\/\/www.fitness-flohmarkt.ch\/fr\/wp-json\/wp\/v2\/media?parent=3641"}],"wp:term":[{"taxonomy":"product_brand","embeddable":true,"href":"https:\/\/www.fitness-flohmarkt.ch\/fr\/wp-json\/wp\/v2\/product_brand?post=3641"},{"taxonomy":"product_cat","embeddable":true,"href":"https:\/\/www.fitness-flohmarkt.ch\/fr\/wp-json\/wp\/v2\/product_cat?post=3641"},{"taxonomy":"product_tag","embeddable":true,"href":"https:\/\/www.fitness-flohmarkt.ch\/fr\/wp-json\/wp\/v2\/product_tag?post=3641"}],"curies":[{"name":"wp","href":"https:\/\/api.w.org\/{rel}","templated":true}]}}