{"id":3562,"date":"2025-01-25T16:17:25","date_gmt":"2025-01-25T15:17:25","guid":{"rendered":"https:\/\/www2.fitness-flohmarkt.ch\/produkt\/befestigungspunkt-schlingentrainer\/"},"modified":"2026-04-17T16:10:10","modified_gmt":"2026-04-17T14:10:10","slug":"point-de-fixation-de-lappareil-de-traction","status":"publish","type":"product","link":"https:\/\/www.fitness-flohmarkt.ch\/fr\/produkt\/befestigungspunkt-schlingentrainer\/","title":{"rendered":"Point de fixation de l'entra\u00eeneur de boucle | Mur &amp; plafond"},"content":{"rendered":"<h3><strong data-start=\"236\" data-end=\"307\">Point de fixation pour l'entra\u00eeneur de boucle pour le montage au mur ou au plafond<\/strong><\/h3>\n<p>Le point de fixation sert \u00e0 fixer en toute s\u00e9curit\u00e9 un appareil d'entra\u00eenement \u00e0 la suspension au mur ou au plafond. Il est en acier massif, a un diam\u00e8tre de 11 cm et peut supporter jusqu'\u00e0 250 kg. La construction permet un entra\u00eenement stable dans un espace libre et soutient une grande diversit\u00e9 d'exercices. La fixation peut se faire de mani\u00e8re flexible sur des surfaces murales ou de plafond appropri\u00e9es. Pour une utilisation durable et s\u00fbre, il est recommand\u00e9 de faire appel \u00e0 une personne comp\u00e9tente pour le montage.<\/p>\n<p><strong>Remarque :<\/strong> Point de fixation, y compris les vis adapt\u00e9es, inclus dans la livraison.<\/p>","protected":false},"excerpt":{"rendered":"<p>Point de fixation stable pour le montage d'appareils d'entra\u00eenement \u00e0 la corde au mur ou au plafond. Fabriqu\u00e9 en acier massif, peut supporter jusqu'\u00e0 250 kg. Diam\u00e8tre d'environ 11 cm. Vis incluses. Pour un entra\u00eenement en toute s\u00e9curit\u00e9 avec des syst\u00e8mes de sangles.<\/p>","protected":false},"featured_media":57700,"comment_status":"open","ping_status":"closed","template":"","meta":{"_acf_changed":false,"_gspb_post_css":""},"product_brand":[1000],"product_cat":[319,821],"product_tag":[],"class_list":{"0":"post-3562","1":"product","2":"type-product","3":"status-publish","4":"has-post-thumbnail","6":"product_brand-fitcom","7":"product_cat-fitness-zubehoer","8":"product_cat-fitnessband","9":"pa_artikel-pro-verkaufseinheit-2x","10":"pa_durchmesser-12-cm","11":"pa_farbe-grau","12":"pa_fitness-zubehoertyp-wand-und-deckenhalterung","13":"pa_gewicht-0-4-kg","14":"pa_hoehe-6-cm","15":"pa_lieferumfang-1x-befestigungspunkt","16":"pa_lieferumfang-4x-schraube","17":"pa_material-stahl","18":"pa_max-belastung-250-kg","20":"first","21":"instock","22":"taxable","23":"shipping-taxable","24":"purchasable","25":"product-type-simple"},"bundled_by":[],"bundle_stock_status":"instock","bundle_stock_quantity":194,"bundle_virtual":false,"bundle_layout":"","bundle_add_to_cart_form_location":"","bundle_editable_in_cart":false,"bundle_sold_individually_context":"","bundle_item_grouping":"","bundle_min_size":"","bundle_max_size":"","bundle_price":[],"bundled_items":[],"bundle_sell_ids":[],"acf":[],"df_price":10,"df_sale_price":"","df_regular_price":10,"df_image_link":"https:\/\/www.fitness-flohmarkt.ch\/wp-content\/uploads\/F-89129_Befestigungspunkt-Schlingentrainer_0-20250314-101928-300x300.jpg","_links":{"self":[{"href":"https:\/\/www.fitness-flohmarkt.ch\/fr\/wp-json\/wp\/v2\/product\/3562","targetHints":{"allow":["GET"]}}],"collection":[{"href":"https:\/\/www.fitness-flohmarkt.ch\/fr\/wp-json\/wp\/v2\/product"}],"about":[{"href":"https:\/\/www.fitness-flohmarkt.ch\/fr\/wp-json\/wp\/v2\/types\/product"}],"replies":[{"embeddable":true,"href":"https:\/\/www.fitness-flohmarkt.ch\/fr\/wp-json\/wp\/v2\/comments?post=3562"}],"wp:featuredmedia":[{"embeddable":true,"href":"https:\/\/www.fitness-flohmarkt.ch\/fr\/wp-json\/wp\/v2\/media\/57700"}],"wp:attachment":[{"href":"https:\/\/www.fitness-flohmarkt.ch\/fr\/wp-json\/wp\/v2\/media?parent=3562"}],"wp:term":[{"taxonomy":"product_brand","embeddable":true,"href":"https:\/\/www.fitness-flohmarkt.ch\/fr\/wp-json\/wp\/v2\/product_brand?post=3562"},{"taxonomy":"product_cat","embeddable":true,"href":"https:\/\/www.fitness-flohmarkt.ch\/fr\/wp-json\/wp\/v2\/product_cat?post=3562"},{"taxonomy":"product_tag","embeddable":true,"href":"https:\/\/www.fitness-flohmarkt.ch\/fr\/wp-json\/wp\/v2\/product_tag?post=3562"}],"curies":[{"name":"wp","href":"https:\/\/api.w.org\/{rel}","templated":true}]}}