{"id":3545,"date":"2025-01-25T16:17:07","date_gmt":"2025-01-25T15:17:07","guid":{"rendered":"https:\/\/www2.fitness-flohmarkt.ch\/produkt\/kinesiologisches-tape-physio-tape\/"},"modified":"2026-04-16T17:11:37","modified_gmt":"2026-04-16T15:11:37","slug":"bande-kinesiologique-physio-tape","status":"publish","type":"product","link":"https:\/\/www.fitness-flohmarkt.ch\/fr\/produkt\/kinesiologisches-tape-physio-tape\/","title":{"rendered":"Tape kin\u00e9siologique | Physio-Tape"},"content":{"rendered":"<div class=\"flex max-w-full flex-col grow\">\n<div class=\"min-h-8 text-message relative flex w-full flex-col items-end gap-2 text-start break-words whitespace-normal [.text-message+&amp;]:mt-5\" dir=\"auto\" data-message-author-role=\"assistant\" data-message-id=\"75bb5089-ce8d-44ed-8567-82a4696af2cc\" data-message-model-slug=\"gpt-4o\">\n<div class=\"flex w-full flex-col gap-1 empty:hidden first:pt-[3px]\">\n<div class=\"markdown prose dark:prose-invert w-full break-words light\">\n<h3 data-start=\"414\" data-end=\"824\"><strong data-start=\"414\" data-end=\"486\">Kinesiologisches Physio-Tape \u2013 Unterst\u00fctzung f\u00fcr Muskeln und Gelenke<\/strong><\/h3>\n<p data-start=\"414\" data-end=\"824\">Das kinesiologische Physio-Tape eignet sich ideal zur Unterst\u00fctzung von Muskeln, Gelenken und dem lymphatischen System \u2013 ob im Sport oder in der therapeutischen Anwendung. Es ist elastisch, atmungsaktiv und mit einer hautfreundlichen Acrylklebeschicht versehen, die sicheren Halt bietet und auch bei l\u00e4ngerer Anwendung angenehm bleibt.<\/p>\n<p data-start=\"826\" data-end=\"1067\">Dank seiner wasserfesten Eigenschaften kann das Tape auch beim Duschen oder Training getragen werden, ohne an Haftung zu verlieren. Mit einer L\u00e4nge von 5\u202fm und einer Breite von 5\u202fcm l\u00e4sst es sich flexibel zuschneiden und pr\u00e4zise applizieren.<\/p>\n<p data-start=\"1069\" data-end=\"1205\" data-is-last-node=\"\" data-is-only-node=\"\">Erh\u00e4ltlich in der Farbe beige \u2013 funktional, vielseitig und zuverl\u00e4ssig f\u00fcr gezielte Unterst\u00fctzung und Stabilisierung.<\/p>\n<\/div>\n<\/div>\n<\/div>\n<\/div>\n<div class=\"flex justify-start\">\n<div class=\"touch:-me-2 touch:-ms-3.5 -ms-2.5 -me-1 flex items-center p-1 select-none -mt-1 duration-[1.5s] focus-within:transition-none hover:transition-none pointer-events-none [mask-image:linear-gradient(to_right,black_33%,transparent_66%)] [mask-size:300%_100%] [mask-position:100%_0%] motion-safe:transition-[mask-position] group-hover\/turn-messages:pointer-events-auto group-hover\/turn-messages:[mask-position:0_0] group-focus-within\/turn-messages:pointer-events-auto group-focus-within\/turn-messages:[mask-position:0_0] has-data-[state=open]:pointer-events-auto has-data-[state=open]:[mask-position:0_0]\"><\/div>\n<\/div>\n","protected":false},"excerpt":{"rendered":"<p>Kinesiological physio tape : Tape \u00e9lastique autocollant avec couche adh\u00e9sive acrylique douce pour la peau - imperm\u00e9able, respirant et id\u00e9al pour les applications th\u00e9rapeutiques. 5 m de long, 5 cm de large.<\/p>","protected":false},"featured_media":57688,"comment_status":"open","ping_status":"closed","template":"","meta":{"_acf_changed":false,"_gspb_post_css":""},"product_brand":[1000],"product_cat":[319,822,304],"product_tag":[],"class_list":{"0":"post-3545","1":"product","2":"type-product","3":"status-publish","4":"has-post-thumbnail","6":"product_brand-fitcom","7":"product_cat-fitness-zubehoer","8":"product_cat-mobility-recovery","9":"product_cat-reha-physio","10":"pa_artikel-pro-verkaufseinheit-1x","11":"pa_breite-5-cm","12":"pa_farbe-beige","13":"pa_farbe-blau","14":"pa_farbe-schwarz","15":"pa_fitness-zubehoertyp-tapes","16":"pa_fitnessbandtyp-physioband","17":"pa_gewicht-0-1-kg","18":"pa_laenge-5-m","19":"pa_lieferumfang-1x-kinesiologisches-tape","20":"pa_material-acrylbeschichtung","21":"pa_material-baumwolle","22":"pa_material-nylon","24":"first","25":"instock","26":"taxable","27":"shipping-taxable","28":"purchasable","29":"product-type-variable"},"bundled_by":[],"bundle_stock_status":"instock","bundle_stock_quantity":400,"bundle_virtual":false,"bundle_layout":"","bundle_add_to_cart_form_location":"","bundle_editable_in_cart":false,"bundle_sold_individually_context":"","bundle_item_grouping":"","bundle_min_size":"","bundle_max_size":"","bundle_price":[],"bundled_items":[],"bundle_sell_ids":[],"acf":[],"df_price":5,"df_sale_price":"","df_regular_price":5,"df_image_link":"https:\/\/www.fitness-flohmarkt.ch\/wp-content\/uploads\/F-92376_Kinesiologisches-Tape_0-20250314-101904-300x300.jpg","_links":{"self":[{"href":"https:\/\/www.fitness-flohmarkt.ch\/fr\/wp-json\/wp\/v2\/product\/3545","targetHints":{"allow":["GET"]}}],"collection":[{"href":"https:\/\/www.fitness-flohmarkt.ch\/fr\/wp-json\/wp\/v2\/product"}],"about":[{"href":"https:\/\/www.fitness-flohmarkt.ch\/fr\/wp-json\/wp\/v2\/types\/product"}],"replies":[{"embeddable":true,"href":"https:\/\/www.fitness-flohmarkt.ch\/fr\/wp-json\/wp\/v2\/comments?post=3545"}],"wp:featuredmedia":[{"embeddable":true,"href":"https:\/\/www.fitness-flohmarkt.ch\/fr\/wp-json\/wp\/v2\/media\/57688"}],"wp:attachment":[{"href":"https:\/\/www.fitness-flohmarkt.ch\/fr\/wp-json\/wp\/v2\/media?parent=3545"}],"wp:term":[{"taxonomy":"product_brand","embeddable":true,"href":"https:\/\/www.fitness-flohmarkt.ch\/fr\/wp-json\/wp\/v2\/product_brand?post=3545"},{"taxonomy":"product_cat","embeddable":true,"href":"https:\/\/www.fitness-flohmarkt.ch\/fr\/wp-json\/wp\/v2\/product_cat?post=3545"},{"taxonomy":"product_tag","embeddable":true,"href":"https:\/\/www.fitness-flohmarkt.ch\/fr\/wp-json\/wp\/v2\/product_tag?post=3545"}],"curies":[{"name":"wp","href":"https:\/\/api.w.org\/{rel}","templated":true}]}}