{"id":35087,"date":"2025-03-05T16:26:14","date_gmt":"2025-03-05T15:26:14","guid":{"rendered":"https:\/\/www2.fitness-flohmarkt.ch\/produkt\/single-pulley-attachment\/"},"modified":"2026-03-17T10:42:21","modified_gmt":"2026-03-17T09:42:21","slug":"single-pulley-attachment","status":"publish","type":"product","link":"https:\/\/www.fitness-flohmarkt.ch\/fr\/produkt\/single-pulley-attachment\/","title":{"rendered":"Single Pulley Attachment | Accessoires Power Rack"},"content":{"rendered":"<h3 data-start=\"99\" data-end=\"173\"><strong data-start=\"99\" data-end=\"173\">Single Pulley Attachment - Entra\u00eenement flexible au c\u00e2ble pour Power Racks<\/strong><\/h3>\n<p class=\"\" data-start=\"175\" data-end=\"561\">Le Single Pulley Attachment ajoute un module de traction efficace aux Power Racks et permet une grande vari\u00e9t\u00e9 d'exercices dans un espace r\u00e9duit. Le tirant \u00e0 c\u00e2ble est r\u00e9glable en hauteur et convient donc parfaitement \u00e0 de nombreux exercices de musculation comme les tractions Lat, les presses \u00e0 triceps, les curls de biceps ou les face pulls. L'ajustement de la hauteur de la traction permet un entra\u00eenement cibl\u00e9 de diff\u00e9rents groupes musculaires et angles de mouvement.<\/p>\n<p class=\"\" data-start=\"563\" data-end=\"826\">Le support de poids de la poulie est \u00e9quip\u00e9 de rouleaux en plastique qui assurent un fonctionnement calme et r\u00e9gulier et minimisent l'usure. Cela am\u00e9liore non seulement la qualit\u00e9 de l'entra\u00eenement, mais augmente \u00e9galement la long\u00e9vit\u00e9 du syst\u00e8me.<\/p>\n<p class=\"\" data-start=\"828\" data-end=\"1092\">\u00c9quip\u00e9 d'un logement de disque de 50 mm, l'attachement est compatible avec les disques de poids disponibles dans le commerce. La construction solide et le montage facile garantissent une utilisation fiable et durable dans la gym \u00e0 domicile.<\/p>\n<p><strong data-start=\"640\" data-end=\"675\">Compatible avec les racks suivants :<\/strong><\/p>\n<ul>\n<li>F-55936 - Power Rack Professional (\u00e0 partir de l'ann\u00e9e 2023)<\/li>\n<\/ul>\n<p><strong>Remarque :<\/strong> La poign\u00e9e et le mousqueton sont inclus dans la livraison. Prix par pi\u00e8ce.<\/p>","protected":false},"excerpt":{"rendered":"<p>Single Pulley Attachment : c\u00e2ble de traction r\u00e9glable en hauteur pour les Power Racks. Utilisable de mani\u00e8re polyvalente pour les exercices de traction de toutes sortes. Support de disque robuste de 50 mm pour les disques de poids standard. Montage facile, construction solide.<\/p>","protected":false},"featured_media":9048942,"comment_status":"closed","ping_status":"closed","template":"","meta":{"_acf_changed":false,"_gspb_post_css":""},"product_brand":[1000],"product_cat":[950],"product_tag":[],"class_list":{"0":"post-35087","1":"product","2":"type-product","3":"status-publish","4":"has-post-thumbnail","6":"product_brand-fitcom","7":"product_cat-rr-zubehoer","8":"pa_artikel-pro-verkaufseinheit-1x","9":"pa_farbe-schwarz","10":"pa_fitness-zubehoertyp-rack-attachment","11":"pa_kernmaterial-stahl","12":"pa_lieferumfang-1x-single-pulley-attachment","13":"pa_lochdurchmesser-50-mm","14":"pa_oberflaeche-pulverbeschichtet","15":"pa_verstellbar-ja","17":"first","18":"instock","19":"taxable","20":"shipping-taxable","21":"purchasable","22":"product-type-simple"},"bundled_by":[],"bundle_stock_status":"instock","bundle_stock_quantity":32,"bundle_virtual":false,"bundle_layout":"","bundle_add_to_cart_form_location":"","bundle_editable_in_cart":false,"bundle_sold_individually_context":"","bundle_item_grouping":"","bundle_min_size":"","bundle_max_size":"","bundle_price":[],"bundled_items":[],"bundle_sell_ids":[],"acf":[],"df_price":165,"df_sale_price":"","df_regular_price":165,"df_image_link":"https:\/\/www.fitness-flohmarkt.ch\/wp-content\/uploads\/Gestell_1-2-300x300.jpg","_links":{"self":[{"href":"https:\/\/www.fitness-flohmarkt.ch\/fr\/wp-json\/wp\/v2\/product\/35087","targetHints":{"allow":["GET"]}}],"collection":[{"href":"https:\/\/www.fitness-flohmarkt.ch\/fr\/wp-json\/wp\/v2\/product"}],"about":[{"href":"https:\/\/www.fitness-flohmarkt.ch\/fr\/wp-json\/wp\/v2\/types\/product"}],"replies":[{"embeddable":true,"href":"https:\/\/www.fitness-flohmarkt.ch\/fr\/wp-json\/wp\/v2\/comments?post=35087"}],"wp:featuredmedia":[{"embeddable":true,"href":"https:\/\/www.fitness-flohmarkt.ch\/fr\/wp-json\/wp\/v2\/media\/9048942"}],"wp:attachment":[{"href":"https:\/\/www.fitness-flohmarkt.ch\/fr\/wp-json\/wp\/v2\/media?parent=35087"}],"wp:term":[{"taxonomy":"product_brand","embeddable":true,"href":"https:\/\/www.fitness-flohmarkt.ch\/fr\/wp-json\/wp\/v2\/product_brand?post=35087"},{"taxonomy":"product_cat","embeddable":true,"href":"https:\/\/www.fitness-flohmarkt.ch\/fr\/wp-json\/wp\/v2\/product_cat?post=35087"},{"taxonomy":"product_tag","embeddable":true,"href":"https:\/\/www.fitness-flohmarkt.ch\/fr\/wp-json\/wp\/v2\/product_tag?post=35087"}],"curies":[{"name":"wp","href":"https:\/\/api.w.org\/{rel}","templated":true}]}}