{"id":35057,"date":"2025-03-05T16:25:36","date_gmt":"2025-03-05T15:25:36","guid":{"rendered":"https:\/\/www2.fitness-flohmarkt.ch\/produkt\/boden-connect-eckabschluss\/"},"modified":"2026-03-09T08:30:34","modified_gmt":"2026-03-09T07:30:34","slug":"fond-connect-finition-dangle","status":"publish","type":"product","link":"https:\/\/www.fitness-flohmarkt.ch\/fr\/produkt\/boden-connect-eckabschluss\/","title":{"rendered":"Finition d'angle Connect+ | Sol de fitness en caoutchouc Premium"},"content":{"rendered":"<h3>Finition d'angle Connect+ Premium - pour des transitions s\u00fbres et un syst\u00e8me de sol professionnel<\/h3>\n<p>La bordure d'angle Connect+ Premium en caoutchouc solide est le compl\u00e9ment id\u00e9al des dalles Connect+ de 500 x 500 mm. Avec deux longueurs d'ailes de 500 mm chacune, la bordure d'angle s'adapte parfaitement aux dalles et forme un bord de finition propre - aucun risque de tr\u00e9bucher ! en particulier dans les coins ext\u00e9rieurs des surfaces d'entra\u00eenement. Le produit est particuli\u00e8rement con\u00e7u pour les zones fortement sollicit\u00e9es - le sol de fitness r\u00e9sistant supporte une charge m\u00e9canique \u00e9lev\u00e9e et est id\u00e9al pour l'entra\u00eenement avec des halt\u00e8res libres et comme support d'appareils. La construction robuste en caoutchouc plein offre une protection fiable pour le sol et l'\u00e9quipement. Le syst\u00e8me de clic de haute qualit\u00e9 permet une connexion s\u00fbre et positive avec les panneaux Connect+ et les autres modules de finition.<\/p>\n<p>Pour obtenir une bordure compl\u00e8te et visuellement propre, il faut en plus les bordures au format 1000 x 250 mm, disponibles s\u00e9par\u00e9ment. Avec une \u00e9paisseur de mat\u00e9riau de 20 mm, la bordure d'angle est durable, facile \u00e0 entretenir et convient \u00e0 une utilisation dans les espaces de fitness professionnels et priv\u00e9s.<\/p>\n<p><strong>Remarque :<\/strong> Prix \u00e0 l'unit\u00e9.<\/p>\n<p><strong>Compatible avec<\/strong><\/p>\n<ul>\n<li>F-25667 Bordure Connect<\/li>\n<li>F-85571 Plaque de sol Connect<\/li>\n<\/ul>","protected":false},"excerpt":{"rendered":"<p>Bordure d'angle Connect+ Premium en caoutchouc plein - id\u00e9ale pour les dalles Connect+ 500 x 500 mm. Bord de finition propre - pas de risque de tr\u00e9bucher ! Sol de fitness r\u00e9sistant, syst\u00e8me de clic de haute qualit\u00e9, convient pour les zones d'halt\u00e8res libres et d'appareils.<\/p>","protected":false},"featured_media":9038087,"comment_status":"closed","ping_status":"closed","template":"","meta":{"_acf_changed":false,"_gspb_post_css":""},"product_brand":[1000],"product_cat":[804],"product_tag":[],"class_list":{"0":"post-35057","1":"product","2":"type-product","3":"status-publish","4":"has-post-thumbnail","6":"product_brand-fitcom","7":"product_cat-fitness-bodenschutzmatte","8":"pa_anzahl-verpackungseinheit-689","9":"pa_artikel-pro-verkaufseinheit-1x","10":"pa_breite-50-cm","11":"pa_dicke-20-mm","12":"pa_farbe-blau-7030","13":"pa_farbe-grau-7034","14":"pa_farbe-schwarz-2000","15":"pa_farbe-schwarz-2001","16":"pa_fitnessbodentyp-einzelne-matte","17":"pa_geraeuschdaempfend-ja","18":"pa_haertegrad-hart","19":"pa_laenge-50-cm","20":"pa_lieferumfang-1x-abschluss","21":"pa_material-gummi","22":"pa_shock-absorption-system-ja","23":"pa_verbindungsart-click-system","25":"first","26":"instock","27":"taxable","28":"shipping-taxable","29":"purchasable","30":"product-type-variable"},"bundled_by":[],"bundle_stock_status":"instock","bundle_stock_quantity":null,"bundle_virtual":false,"bundle_layout":"","bundle_add_to_cart_form_location":"","bundle_editable_in_cart":false,"bundle_sold_individually_context":"","bundle_item_grouping":"","bundle_min_size":"","bundle_max_size":"","bundle_price":[],"bundled_items":[],"bundle_sell_ids":[],"acf":[],"df_price":48,"df_sale_price":"","df_regular_price":48,"df_image_link":"https:\/\/www.fitness-flohmarkt.ch\/wp-content\/uploads\/matte_6-1-4-300x300.png","_links":{"self":[{"href":"https:\/\/www.fitness-flohmarkt.ch\/fr\/wp-json\/wp\/v2\/product\/35057","targetHints":{"allow":["GET"]}}],"collection":[{"href":"https:\/\/www.fitness-flohmarkt.ch\/fr\/wp-json\/wp\/v2\/product"}],"about":[{"href":"https:\/\/www.fitness-flohmarkt.ch\/fr\/wp-json\/wp\/v2\/types\/product"}],"replies":[{"embeddable":true,"href":"https:\/\/www.fitness-flohmarkt.ch\/fr\/wp-json\/wp\/v2\/comments?post=35057"}],"wp:featuredmedia":[{"embeddable":true,"href":"https:\/\/www.fitness-flohmarkt.ch\/fr\/wp-json\/wp\/v2\/media\/9038087"}],"wp:attachment":[{"href":"https:\/\/www.fitness-flohmarkt.ch\/fr\/wp-json\/wp\/v2\/media?parent=35057"}],"wp:term":[{"taxonomy":"product_brand","embeddable":true,"href":"https:\/\/www.fitness-flohmarkt.ch\/fr\/wp-json\/wp\/v2\/product_brand?post=35057"},{"taxonomy":"product_cat","embeddable":true,"href":"https:\/\/www.fitness-flohmarkt.ch\/fr\/wp-json\/wp\/v2\/product_cat?post=35057"},{"taxonomy":"product_tag","embeddable":true,"href":"https:\/\/www.fitness-flohmarkt.ch\/fr\/wp-json\/wp\/v2\/product_tag?post=35057"}],"curies":[{"name":"wp","href":"https:\/\/api.w.org\/{rel}","templated":true}]}}