{"id":3440,"date":"2025-01-25T16:15:34","date_gmt":"2025-01-25T15:15:34","guid":{"rendered":"https:\/\/www2.fitness-flohmarkt.ch\/produkt\/huetchen-markierungshuetchen-40er-set-cones\/"},"modified":"2026-04-20T15:53:55","modified_gmt":"2026-04-20T13:53:55","slug":"huetchen-marquerhuetchen-40er-set-cones","status":"publish","type":"product","link":"https:\/\/www.fitness-flohmarkt.ch\/fr\/produkt\/huetchen-markierungshuetchen-40er-set-cones\/","title":{"rendered":"Petits chapeaux de marquage | Set de 40 c\u00f4nes"},"content":{"rendered":"<h3><strong data-start=\"437\" data-end=\"509\">Set de c\u00f4nes de marquage - aide flexible \u00e0 l'entra\u00eenement pour le sport et le jeu<\/strong><\/h3>\n<p>Le set de c\u00f4nes de marquage se compose de 40 c\u00f4nes en plastique solides de diff\u00e9rentes couleurs et convient \u00e0 de nombreuses applications dans les sports scolaires, associatifs ou de loisirs. Que ce soit pour d\u00e9limiter le terrain, pour les parcours de slalom, les marquages de d\u00e9part et d'arriv\u00e9e ou les exercices d'adresse, les c\u00f4nes s'utilisent de mani\u00e8re flexible et permettent une orientation claire sur le terrain d'entra\u00eenement. Gr\u00e2ce \u00e0 leur forme compacte, ils se rangent sans prendre de place.<\/p>\n<p>Le sac fourni permet un transport facile ainsi qu'une organisation rapide sur place. Id\u00e9al pour une utilisation en salle de sport, sur le terrain de sport ou lors d'activit\u00e9s en plein air.<\/p>\n<p><strong>Remarque :<\/strong> Prix par set de 40 petits chapeaux, sac inclus.<\/p>","protected":false},"excerpt":{"rendered":"<p>Jeu de c\u00f4nes de marquage avec 40 c\u00f4nes aux couleurs vives - id\u00e9al pour l'entra\u00eenement, les parcours ou la d\u00e9limitation du terrain. Utilisable de mani\u00e8re polyvalente dans les \u00e9coles, les clubs et les sports de loisirs. Inclut un sac pratique pour un transport et un stockage faciles.<\/p>","protected":false},"featured_media":57596,"comment_status":"open","ping_status":"closed","template":"","meta":{"_acf_changed":false,"_gspb_post_css":""},"product_brand":[1000],"product_cat":[818,319,304],"product_tag":[],"class_list":{"0":"post-3440","1":"product","2":"type-product","3":"status-publish","4":"has-post-thumbnail","6":"product_brand-fitcom","7":"product_cat-conditioning","8":"product_cat-fitness-zubehoer","9":"product_cat-reha-physio","10":"pa_artikel-pro-verkaufseinheit-2x","11":"pa_durchmesser-19-cm","12":"pa_farbe-blau","13":"pa_farbe-gruen","14":"pa_farbe-rot","15":"pa_farbe-weiss","16":"pa_fitness-zubehoertyp-koordination-agility","17":"pa_hoehe-6-cm","18":"pa_lieferumfang-1x-beutel","19":"pa_lieferumfang-40x-markierungshuetchen","20":"pa_material-kunststoff","22":"first","23":"instock","24":"taxable","25":"shipping-taxable","26":"purchasable","27":"product-type-simple"},"bundled_by":[],"bundle_stock_status":"instock","bundle_stock_quantity":159,"bundle_virtual":false,"bundle_layout":"","bundle_add_to_cart_form_location":"","bundle_editable_in_cart":false,"bundle_sold_individually_context":"","bundle_item_grouping":"","bundle_min_size":"","bundle_max_size":"","bundle_price":[],"bundled_items":[],"bundle_sell_ids":[],"acf":[],"df_price":18,"df_sale_price":"","df_regular_price":18,"df_image_link":"https:\/\/www.fitness-flohmarkt.ch\/wp-content\/uploads\/F-52352_Huetchen-Markierungshuetchen-40er-Set-Cones_0-20250314-101710-300x300.jpg","_links":{"self":[{"href":"https:\/\/www.fitness-flohmarkt.ch\/fr\/wp-json\/wp\/v2\/product\/3440","targetHints":{"allow":["GET"]}}],"collection":[{"href":"https:\/\/www.fitness-flohmarkt.ch\/fr\/wp-json\/wp\/v2\/product"}],"about":[{"href":"https:\/\/www.fitness-flohmarkt.ch\/fr\/wp-json\/wp\/v2\/types\/product"}],"replies":[{"embeddable":true,"href":"https:\/\/www.fitness-flohmarkt.ch\/fr\/wp-json\/wp\/v2\/comments?post=3440"}],"wp:featuredmedia":[{"embeddable":true,"href":"https:\/\/www.fitness-flohmarkt.ch\/fr\/wp-json\/wp\/v2\/media\/57596"}],"wp:attachment":[{"href":"https:\/\/www.fitness-flohmarkt.ch\/fr\/wp-json\/wp\/v2\/media?parent=3440"}],"wp:term":[{"taxonomy":"product_brand","embeddable":true,"href":"https:\/\/www.fitness-flohmarkt.ch\/fr\/wp-json\/wp\/v2\/product_brand?post=3440"},{"taxonomy":"product_cat","embeddable":true,"href":"https:\/\/www.fitness-flohmarkt.ch\/fr\/wp-json\/wp\/v2\/product_cat?post=3440"},{"taxonomy":"product_tag","embeddable":true,"href":"https:\/\/www.fitness-flohmarkt.ch\/fr\/wp-json\/wp\/v2\/product_tag?post=3440"}],"curies":[{"name":"wp","href":"https:\/\/api.w.org\/{rel}","templated":true}]}}